{"id":8675,"date":"2023-03-17T08:59:53","date_gmt":"2023-03-17T08:59:53","guid":{"rendered":"https:\/\/www.diet-horizon.com\/fr\/?post_type=product&#038;p=8675"},"modified":"2024-12-12T16:09:49","modified_gmt":"2024-12-12T16:09:49","slug":"complexe-apaisant","status":"publish","type":"product","link":"https:\/\/www.diet-horizon.com\/fr\/produits\/complexe-apaisant\/","title":{"rendered":"Complexe apaisant"},"content":{"rendered":"<div class=\"ewa-rteLine\">\n<div class=\"ewa-rteLine\">\n<p>D\u00e9couvrez notre <strong>Complexe Apaisant<\/strong>, un compl\u00e9ment alimentaire pour un <strong>soutien global<\/strong> gr\u00e2ce \u00e0 la <strong>pr\u00e9sence de plusieurs extraits v\u00e9g\u00e9taux<\/strong>. Il se compose d\u2019une formule unique \u00e0 base de <strong>Grande Camomille<\/strong> qui contribue \u00e0 <strong>soulager les maux de t\u00eate<\/strong> et de <strong>Curcuma<\/strong> qui aide \u00e0<strong> maintenir la flexibilit\u00e9 des articulations et \u00e0 renforcer votre organisme<\/strong>.<\/p>\n<p>Le Complexe Apaisant contient du <strong>PEA<\/strong>, une mol\u00e9cule naturellement synth\u00e9tis\u00e9e par l&#8217;organisme faisant partie du syst\u00e8me endocannabino\u00efde.<\/p>\n<p>Tous les extraits v\u00e9g\u00e9taux contenus sont titr\u00e9s, garantissant une <strong>concentration optimale en mol\u00e9cules actives<\/strong>. Parmi ces actifs, nous avons s\u00e9lectionn\u00e9 le curcuma, la grande camomille, le boswellia et le saule blanc, reconnus pour leurs propri\u00e9t\u00e9s b\u00e9n\u00e9fiques pour l&#8217;organisme.<\/p>\n<p>Le<strong> curcuma<\/strong> contribue \u00e0 la<strong> sant\u00e9 des articulations et \u00e0 maintenir leur flexibilit\u00e9<\/strong>, tandis que la<strong> grande camomille<\/strong> participe au <strong>bien-\u00eatre f\u00e9minin au cours du cycle menstruel<\/strong>. Le <strong>boswellia<\/strong> aurait un r\u00f4le b\u00e9n\u00e9fique sur l&#8217;<strong>appareil locomoteur, les os et les articulations<\/strong>, tandis que le <strong>saule blanc<\/strong> est reconnu pour ses <strong>propri\u00e9t\u00e9s fortifiantes<\/strong>.<\/p>\n<p><span style=\"font-size: 16px;\">N&#8217;h\u00e9sitez plus, essayez-le d\u00e8s maintenant et ressentez les bienfaits sur votre corps et votre esprit !<\/span><\/p>\n<\/div>\n<\/div>\n","protected":false},"excerpt":{"rendered":"<div class=\"ewa-rteLine\">\n<div class=\"ewa-rteLine\">\n<p>Le Complexe Apaisant est un compl\u00e9ment alimentaire compos\u00e9 de<strong> 6 extraits de plantes<\/strong> reconnues pour leurs propri\u00e9t\u00e9s :<\/p>\n<ul>\n<li>Le <strong>PEA<\/strong> : une mol\u00e9cule synth\u00e9tis\u00e9e naturellement par l&#8217;organisme faisant partie du syst\u00e8me endocannabino\u00efde<\/li>\n<li>Le<strong> curcuma<\/strong> : qui est b\u00e9n\u00e9fique pour les articulations,<\/li>\n<li>La <strong>grande camomille<\/strong> : contribue au bien-\u00eatre f\u00e9minin,<\/li>\n<li>Le <strong>boswellia<\/strong> : r\u00f4le b\u00e9n\u00e9fique pour l&#8217;appareil locomoteur, les os et les articulations,<\/li>\n<li>Le<strong> saule blanc<\/strong> : reconnu pour ses propri\u00e9t\u00e9s fortifiantes.<\/li>\n<\/ul>\n<p>&nbsp;<\/p>\n<p>C&#8217;est la<strong> cl\u00e9<\/strong> pour soutenir un <strong>bien-\u00eatre g\u00e9n\u00e9ral<\/strong> et<strong> soulager certains maux du quotidien<\/strong>.<\/div>\n<\/div>\n","protected":false},"featured_media":8686,"template":"","meta":{"site-sidebar-layout":"default","site-content-layout":"default","ast-site-content-layout":"default","site-content-style":"default","site-sidebar-style":"default","ast-global-header-display":"","ast-banner-title-visibility":"","ast-main-header-display":"","ast-hfb-above-header-display":"","ast-hfb-below-header-display":"","ast-hfb-mobile-header-display":"","site-post-title":"","ast-breadcrumbs-content":"","ast-featured-img":"","footer-sml-layout":"","ast-disable-related-posts":"","theme-transparent-header-meta":"default","adv-header-id-meta":"","stick-header-meta":"","header-above-stick-meta":"","header-main-stick-meta":"","header-below-stick-meta":"","astra-migrate-meta-layouts":"set","ast-page-background-enabled":"default","ast-page-background-meta":{"desktop":{"background-color":"var(--ast-global-color-4)","background-image":"","background-repeat":"repeat","background-position":"center center","background-size":"auto","background-attachment":"scroll","background-type":"","background-media":"","overlay-type":"","overlay-color":"","overlay-opacity":"","overlay-gradient":""},"tablet":{"background-color":"","background-image":"","background-repeat":"repeat","background-position":"center center","background-size":"auto","background-attachment":"scroll","background-type":"","background-media":"","overlay-type":"","overlay-color":"","overlay-opacity":"","overlay-gradient":""},"mobile":{"background-color":"","background-image":"","background-repeat":"repeat","background-position":"center center","background-size":"auto","background-attachment":"scroll","background-type":"","background-media":"","overlay-type":"","overlay-color":"","overlay-opacity":"","overlay-gradient":""}},"ast-content-background-meta":{"desktop":{"background-color":"var(--ast-global-color-5)","background-image":"","background-repeat":"repeat","background-position":"center center","background-size":"auto","background-attachment":"scroll","background-type":"","background-media":"","overlay-type":"","overlay-color":"","overlay-opacity":"","overlay-gradient":""},"tablet":{"background-color":"var(--ast-global-color-5)","background-image":"","background-repeat":"repeat","background-position":"center center","background-size":"auto","background-attachment":"scroll","background-type":"","background-media":"","overlay-type":"","overlay-color":"","overlay-opacity":"","overlay-gradient":""},"mobile":{"background-color":"var(--ast-global-color-5)","background-image":"","background-repeat":"repeat","background-position":"center center","background-size":"auto","background-attachment":"scroll","background-type":"","background-media":"","overlay-type":"","overlay-color":"","overlay-opacity":"","overlay-gradient":""}}},"product_cat":[78],"product_tag":[],"class_list":["post-8675","product","type-product","status-publish","has-post-thumbnail","hentry","product_cat-soutien-global","desktop-align-left","tablet-align-left","mobile-align-left"],"_links":{"self":[{"href":"https:\/\/www.diet-horizon.com\/fr\/wp-json\/wp\/v2\/product\/8675","targetHints":{"allow":["GET"]}}],"collection":[{"href":"https:\/\/www.diet-horizon.com\/fr\/wp-json\/wp\/v2\/product"}],"about":[{"href":"https:\/\/www.diet-horizon.com\/fr\/wp-json\/wp\/v2\/types\/product"}],"version-history":[{"count":16,"href":"https:\/\/www.diet-horizon.com\/fr\/wp-json\/wp\/v2\/product\/8675\/revisions"}],"predecessor-version":[{"id":8938,"href":"https:\/\/www.diet-horizon.com\/fr\/wp-json\/wp\/v2\/product\/8675\/revisions\/8938"}],"wp:featuredmedia":[{"embeddable":true,"href":"https:\/\/www.diet-horizon.com\/fr\/wp-json\/wp\/v2\/media\/8686"}],"wp:attachment":[{"href":"https:\/\/www.diet-horizon.com\/fr\/wp-json\/wp\/v2\/media?parent=8675"}],"wp:term":[{"taxonomy":"product_cat","embeddable":true,"href":"https:\/\/www.diet-horizon.com\/fr\/wp-json\/wp\/v2\/product_cat?post=8675"},{"taxonomy":"product_tag","embeddable":true,"href":"https:\/\/www.diet-horizon.com\/fr\/wp-json\/wp\/v2\/product_tag?post=8675"}],"curies":[{"name":"wp","href":"https:\/\/api.w.org\/{rel}","templated":true}]}}