{"id":8631,"date":"2023-01-16T13:20:05","date_gmt":"2023-01-16T13:20:05","guid":{"rendered":"https:\/\/www.diet-horizon.com\/fr\/?post_type=product&#038;p=8631"},"modified":"2023-01-18T13:51:18","modified_gmt":"2023-01-18T13:51:18","slug":"gel-massage-zones-articulaires","status":"publish","type":"product","link":"https:\/\/www.diet-horizon.com\/fr\/produits\/gel-massage-zones-articulaires\/","title":{"rendered":"Gel massage zones articulaires"},"content":{"rendered":"<p>Diet Horizon vous propose son GEL MASSAGE Zones Articulaires, r\u00e9unissant <strong>16 actifs cibl\u00e9s dont 7 Huiles essentielles<\/strong>. Il contient notamment de <strong>l&#8217;Harpagophytum<\/strong>, de l&#8217;<strong>eau florale d&#8217;H\u00e9lichryse<\/strong> et de l&#8217;<strong>huile essentielle de Gaulth\u00e9rie<\/strong> qui lui procure un <strong>parfum relaxant et apaisant<\/strong>. La base de ce gel est faite avec de l&#8217;<strong>huile de l&#8217;Andiroba<\/strong> et du <strong>beurre de Bacuri<\/strong> qui sont issus de l&#8217;agriculture biologique. Traditionnellement utilis\u00e9s par les peuples amazoniens : l&#8217;huile d&#8217;andiroba et le beurre de bacuri sont produits de fa\u00e7on durable et \u00e9quitable dans le respect de leur environnement naturel, et en apportant soutien aux communaut\u00e9s locales.<br \/>\nLe GEL MASSAGE de Diet Horizon contient \u00e9galement du <strong>silicium organique et v\u00e9g\u00e9tal (Bambou)<\/strong> ainsi que du <strong>Camphre<\/strong>, du <strong>Gingembre<\/strong>, de la <strong>Lavande<\/strong>, du <strong>Romarin<\/strong>, du <strong>Clou de Girofle<\/strong>, et du <strong>G\u00e9n\u00e9vrier<\/strong>.<br \/>\nSon efficacit\u00e9 a \u00e9t\u00e9 test\u00e9e et approuv\u00e9e, le GEL MASSAGE de DIET HORIZON : apaise, a un effet relaxant imm\u00e9diat et r\u00e9duit la sensation d&#8217;inconfort.*<\/p>\n<p>*Test d&#8217;usage r\u00e9alis\u00e9 sur 20 personnes pendant 21 jours, 2 \u00e0 3 applications par jour, en massage sur les zones cibl\u00e9es.<\/p>\n","protected":false},"excerpt":{"rendered":"<h2><strong>NOUVEAU<\/strong><\/h2>\n<p><strong>A la recherche d&#8217;un gel de massage pour vos articulations ?<\/strong><\/p>\n<p>Le GEL MASSAGE Zones Articulaires de DIET HORIZON vous apporte une formule compl\u00e8te test\u00e9e et approuv\u00e9e de 16 actifs cibl\u00e9s dont 7 Huiles essentielles telle la Gaulth\u00e9rie. Elle contient \u00e9galement de l&#8217;extrait d&#8217;Harpagophytum et de l&#8217;eau florale d&#8217;H\u00e9lichryse.<\/p>\n<p>200 ml<\/p>\n","protected":false},"featured_media":8637,"template":"","meta":{"site-sidebar-layout":"default","site-content-layout":"default","ast-site-content-layout":"default","site-content-style":"default","site-sidebar-style":"default","ast-global-header-display":"","ast-banner-title-visibility":"","ast-main-header-display":"","ast-hfb-above-header-display":"","ast-hfb-below-header-display":"","ast-hfb-mobile-header-display":"","site-post-title":"","ast-breadcrumbs-content":"","ast-featured-img":"","footer-sml-layout":"","ast-disable-related-posts":"","theme-transparent-header-meta":"default","adv-header-id-meta":"","stick-header-meta":"","header-above-stick-meta":"","header-main-stick-meta":"","header-below-stick-meta":"","astra-migrate-meta-layouts":"default","ast-page-background-enabled":"default","ast-page-background-meta":{"desktop":{"background-color":"var(--ast-global-color-4)","background-image":"","background-repeat":"repeat","background-position":"center center","background-size":"auto","background-attachment":"scroll","background-type":"","background-media":"","overlay-type":"","overlay-color":"","overlay-opacity":"","overlay-gradient":""},"tablet":{"background-color":"","background-image":"","background-repeat":"repeat","background-position":"center center","background-size":"auto","background-attachment":"scroll","background-type":"","background-media":"","overlay-type":"","overlay-color":"","overlay-opacity":"","overlay-gradient":""},"mobile":{"background-color":"","background-image":"","background-repeat":"repeat","background-position":"center center","background-size":"auto","background-attachment":"scroll","background-type":"","background-media":"","overlay-type":"","overlay-color":"","overlay-opacity":"","overlay-gradient":""}},"ast-content-background-meta":{"desktop":{"background-color":"var(--ast-global-color-5)","background-image":"","background-repeat":"repeat","background-position":"center center","background-size":"auto","background-attachment":"scroll","background-type":"","background-media":"","overlay-type":"","overlay-color":"","overlay-opacity":"","overlay-gradient":""},"tablet":{"background-color":"var(--ast-global-color-5)","background-image":"","background-repeat":"repeat","background-position":"center center","background-size":"auto","background-attachment":"scroll","background-type":"","background-media":"","overlay-type":"","overlay-color":"","overlay-opacity":"","overlay-gradient":""},"mobile":{"background-color":"var(--ast-global-color-5)","background-image":"","background-repeat":"repeat","background-position":"center center","background-size":"auto","background-attachment":"scroll","background-type":"","background-media":"","overlay-type":"","overlay-color":"","overlay-opacity":"","overlay-gradient":""}}},"product_cat":[58],"product_tag":[],"class_list":["post-8631","product","type-product","status-publish","has-post-thumbnail","hentry","product_cat-mobilite","desktop-align-left","tablet-align-left","mobile-align-left"],"_links":{"self":[{"href":"https:\/\/www.diet-horizon.com\/fr\/wp-json\/wp\/v2\/product\/8631","targetHints":{"allow":["GET"]}}],"collection":[{"href":"https:\/\/www.diet-horizon.com\/fr\/wp-json\/wp\/v2\/product"}],"about":[{"href":"https:\/\/www.diet-horizon.com\/fr\/wp-json\/wp\/v2\/types\/product"}],"version-history":[{"count":4,"href":"https:\/\/www.diet-horizon.com\/fr\/wp-json\/wp\/v2\/product\/8631\/revisions"}],"predecessor-version":[{"id":8640,"href":"https:\/\/www.diet-horizon.com\/fr\/wp-json\/wp\/v2\/product\/8631\/revisions\/8640"}],"wp:featuredmedia":[{"embeddable":true,"href":"https:\/\/www.diet-horizon.com\/fr\/wp-json\/wp\/v2\/media\/8637"}],"wp:attachment":[{"href":"https:\/\/www.diet-horizon.com\/fr\/wp-json\/wp\/v2\/media?parent=8631"}],"wp:term":[{"taxonomy":"product_cat","embeddable":true,"href":"https:\/\/www.diet-horizon.com\/fr\/wp-json\/wp\/v2\/product_cat?post=8631"},{"taxonomy":"product_tag","embeddable":true,"href":"https:\/\/www.diet-horizon.com\/fr\/wp-json\/wp\/v2\/product_tag?post=8631"}],"curies":[{"name":"wp","href":"https:\/\/api.w.org\/{rel}","templated":true}]}}