{"id":8124,"date":"2022-09-30T07:59:44","date_gmt":"2022-09-30T07:59:44","guid":{"rendered":"https:\/\/www.diet-horizon.com\/fr\/?post_type=product&#038;p=8124"},"modified":"2023-12-13T10:42:12","modified_gmt":"2023-12-13T10:42:12","slug":"maca-bio","status":"publish","type":"product","link":"https:\/\/www.diet-horizon.com\/fr\/produits\/maca-bio\/","title":{"rendered":"Maca Bio"},"content":{"rendered":"<p>Diet Horizon, expert de la naturopathie, propose une formule de maca unique sur le march\u00e9, gr\u00e2ce \u00e0 un <strong>partenaire de confiance au P\u00e9rou.<br \/>\nLa maca pousse traditionnellement au P\u00e9rou, sur les hauts plateaux du massif des Andes, dans la r\u00e9gion de Junin \u00e0 plus de 4250 m d&#8217;altitude. Elle est r\u00e9colt\u00e9e et tri\u00e9e par des producteurs locaux.<\/strong><br \/>\nLa MACA :<br \/>\n&#8211; est une source d&#8217;\u00e9nergie<br \/>\n&#8211; aide \u00e0 maintenir les performances sexuelles et contribue naturellement \u00e0 des fonctions sexuelles saines.<br \/>\n&#8211; soutient les performances physiques et intellectuelles. Elle aide \u00e0 maintenir la r\u00e9sistance optimale, les sensations et la vitalit\u00e9.<br \/>\n<strong>La formule de Diet Horizon a un ratio \u00e9lev\u00e9 en Maca : 15:1 et elle est BIO.<\/strong><\/p>\n","protected":false},"excerpt":{"rendered":"<p><strong>MACA BIO<\/strong> sous format liquide, la <strong>synergie des 2 macas les plus rares pr\u00e9sent\u00e9es dans un format pratique<\/strong> qui contribuent \u00e0 la <strong>vitalit\u00e9 et au tonus sexuel<\/strong>.<\/p>\n<p>25ml<\/p>\n","protected":false},"featured_media":8630,"template":"","meta":{"site-sidebar-layout":"default","site-content-layout":"","ast-site-content-layout":"default","site-content-style":"default","site-sidebar-style":"default","ast-global-header-display":"","ast-banner-title-visibility":"","ast-main-header-display":"","ast-hfb-above-header-display":"","ast-hfb-below-header-display":"","ast-hfb-mobile-header-display":"","site-post-title":"","ast-breadcrumbs-content":"","ast-featured-img":"","footer-sml-layout":"","ast-disable-related-posts":"","theme-transparent-header-meta":"default","adv-header-id-meta":"","stick-header-meta":"","header-above-stick-meta":"","header-main-stick-meta":"","header-below-stick-meta":"","astra-migrate-meta-layouts":"set","ast-page-background-enabled":"default","ast-page-background-meta":{"desktop":{"background-color":"var(--ast-global-color-4)","background-image":"","background-repeat":"repeat","background-position":"center center","background-size":"auto","background-attachment":"scroll","background-type":"","background-media":"","overlay-type":"","overlay-color":"","overlay-opacity":"","overlay-gradient":""},"tablet":{"background-color":"","background-image":"","background-repeat":"repeat","background-position":"center center","background-size":"auto","background-attachment":"scroll","background-type":"","background-media":"","overlay-type":"","overlay-color":"","overlay-opacity":"","overlay-gradient":""},"mobile":{"background-color":"","background-image":"","background-repeat":"repeat","background-position":"center center","background-size":"auto","background-attachment":"scroll","background-type":"","background-media":"","overlay-type":"","overlay-color":"","overlay-opacity":"","overlay-gradient":""}},"ast-content-background-meta":{"desktop":{"background-color":"var(--ast-global-color-5)","background-image":"","background-repeat":"repeat","background-position":"center center","background-size":"auto","background-attachment":"scroll","background-type":"","background-media":"","overlay-type":"","overlay-color":"","overlay-opacity":"","overlay-gradient":""},"tablet":{"background-color":"var(--ast-global-color-5)","background-image":"","background-repeat":"repeat","background-position":"center center","background-size":"auto","background-attachment":"scroll","background-type":"","background-media":"","overlay-type":"","overlay-color":"","overlay-opacity":"","overlay-gradient":""},"mobile":{"background-color":"var(--ast-global-color-5)","background-image":"","background-repeat":"repeat","background-position":"center center","background-size":"auto","background-attachment":"scroll","background-type":"","background-media":"","overlay-type":"","overlay-color":"","overlay-opacity":"","overlay-gradient":""}}},"product_cat":[62],"product_tag":[],"class_list":["post-8124","product","type-product","status-publish","has-post-thumbnail","hentry","product_cat-tonus-et-vitalite","desktop-align-left","tablet-align-left","mobile-align-left"],"_links":{"self":[{"href":"https:\/\/www.diet-horizon.com\/fr\/wp-json\/wp\/v2\/product\/8124","targetHints":{"allow":["GET"]}}],"collection":[{"href":"https:\/\/www.diet-horizon.com\/fr\/wp-json\/wp\/v2\/product"}],"about":[{"href":"https:\/\/www.diet-horizon.com\/fr\/wp-json\/wp\/v2\/types\/product"}],"version-history":[{"count":2,"href":"https:\/\/www.diet-horizon.com\/fr\/wp-json\/wp\/v2\/product\/8124\/revisions"}],"predecessor-version":[{"id":8131,"href":"https:\/\/www.diet-horizon.com\/fr\/wp-json\/wp\/v2\/product\/8124\/revisions\/8131"}],"wp:featuredmedia":[{"embeddable":true,"href":"https:\/\/www.diet-horizon.com\/fr\/wp-json\/wp\/v2\/media\/8630"}],"wp:attachment":[{"href":"https:\/\/www.diet-horizon.com\/fr\/wp-json\/wp\/v2\/media?parent=8124"}],"wp:term":[{"taxonomy":"product_cat","embeddable":true,"href":"https:\/\/www.diet-horizon.com\/fr\/wp-json\/wp\/v2\/product_cat?post=8124"},{"taxonomy":"product_tag","embeddable":true,"href":"https:\/\/www.diet-horizon.com\/fr\/wp-json\/wp\/v2\/product_tag?post=8124"}],"curies":[{"name":"wp","href":"https:\/\/api.w.org\/{rel}","templated":true}]}}