{"id":7782,"date":"2022-01-13T08:59:01","date_gmt":"2022-01-13T08:59:01","guid":{"rendered":"https:\/\/www.diet-horizon.com\/fr\/?post_type=product&#038;p=7782"},"modified":"2025-12-01T10:51:46","modified_gmt":"2025-12-01T10:51:46","slug":"draineur-retention","status":"publish","type":"product","link":"https:\/\/www.diet-horizon.com\/fr\/produits\/draineur-retention\/","title":{"rendered":"Draineur r\u00e9tention"},"content":{"rendered":"<p>Diet Horizon vous propose DRAINEUR RETENTION, un complexe de plantes sous forme d&#8217;extraits secs standardis\u00e9s en format comprim\u00e9 pour favoriser le drainage.<br \/>\nUne formule compl\u00e8te \u00e0 base de Th\u00e9 Vert et de queues de Cerises qui favorisent l&#8217;\u00e9limination r\u00e9nale de l&#8217;eau, et de M\u00e9lilot contribuant \u00e0 la sant\u00e9 du syst\u00e8me circulatoire.<\/p>\n<p>Compl\u00e9ment alimentaire \u00e0 base de plantes. Contient de la caf\u00e9ine (4,8 mg\/jour).<\/p>\n","protected":false},"excerpt":{"rendered":"<p><strong>R\u00e9tention d&#8217;eau ?<\/strong><\/p>\n<p>DRAINEUR RETENTION est un compl\u00e9ment alimentaire \u00e0 base de Th\u00e9 Vert favorisant l&#8217;\u00e9limination r\u00e9nale de l&#8217;eau.<br \/>\nDRAINEUR RETENTION est une formule compl\u00e8te \u00e0 base de pr\u00e9parations de plantes.<\/p>\n<p>60 comprim\u00e9s<\/p>\n<p>Pour consulter notre leaflet sur la circulation <strong><a href=\"https:\/\/heyzine.com\/flip-book\/2d4d54f847.html#page\/1\">cliquez ici<\/a><\/strong>.<\/p>\n","protected":false},"featured_media":8914,"template":"","meta":{"site-sidebar-layout":"default","site-content-layout":"default","ast-site-content-layout":"default","site-content-style":"default","site-sidebar-style":"default","ast-global-header-display":"","ast-banner-title-visibility":"","ast-main-header-display":"","ast-hfb-above-header-display":"","ast-hfb-below-header-display":"","ast-hfb-mobile-header-display":"","site-post-title":"","ast-breadcrumbs-content":"","ast-featured-img":"","footer-sml-layout":"","ast-disable-related-posts":"","theme-transparent-header-meta":"default","adv-header-id-meta":"","stick-header-meta":"","header-above-stick-meta":"","header-main-stick-meta":"","header-below-stick-meta":"","astra-migrate-meta-layouts":"set","ast-page-background-enabled":"default","ast-page-background-meta":{"desktop":{"background-color":"var(--ast-global-color-4)","background-image":"","background-repeat":"repeat","background-position":"center center","background-size":"auto","background-attachment":"scroll","background-type":"","background-media":"","overlay-type":"","overlay-color":"","overlay-opacity":"","overlay-gradient":""},"tablet":{"background-color":"","background-image":"","background-repeat":"repeat","background-position":"center center","background-size":"auto","background-attachment":"scroll","background-type":"","background-media":"","overlay-type":"","overlay-color":"","overlay-opacity":"","overlay-gradient":""},"mobile":{"background-color":"","background-image":"","background-repeat":"repeat","background-position":"center center","background-size":"auto","background-attachment":"scroll","background-type":"","background-media":"","overlay-type":"","overlay-color":"","overlay-opacity":"","overlay-gradient":""}},"ast-content-background-meta":{"desktop":{"background-color":"var(--ast-global-color-5)","background-image":"","background-repeat":"repeat","background-position":"center center","background-size":"auto","background-attachment":"scroll","background-type":"","background-media":"","overlay-type":"","overlay-color":"","overlay-opacity":"","overlay-gradient":""},"tablet":{"background-color":"var(--ast-global-color-5)","background-image":"","background-repeat":"repeat","background-position":"center center","background-size":"auto","background-attachment":"scroll","background-type":"","background-media":"","overlay-type":"","overlay-color":"","overlay-opacity":"","overlay-gradient":""},"mobile":{"background-color":"var(--ast-global-color-5)","background-image":"","background-repeat":"repeat","background-position":"center center","background-size":"auto","background-attachment":"scroll","background-type":"","background-media":"","overlay-type":"","overlay-color":"","overlay-opacity":"","overlay-gradient":""}}},"product_cat":[64],"product_tag":[],"class_list":["post-7782","product","type-product","status-publish","has-post-thumbnail","hentry","product_cat-equilibre-feminin","desktop-align-left","tablet-align-left","mobile-align-left"],"_links":{"self":[{"href":"https:\/\/www.diet-horizon.com\/fr\/wp-json\/wp\/v2\/product\/7782","targetHints":{"allow":["GET"]}}],"collection":[{"href":"https:\/\/www.diet-horizon.com\/fr\/wp-json\/wp\/v2\/product"}],"about":[{"href":"https:\/\/www.diet-horizon.com\/fr\/wp-json\/wp\/v2\/types\/product"}],"version-history":[{"count":3,"href":"https:\/\/www.diet-horizon.com\/fr\/wp-json\/wp\/v2\/product\/7782\/revisions"}],"predecessor-version":[{"id":8716,"href":"https:\/\/www.diet-horizon.com\/fr\/wp-json\/wp\/v2\/product\/7782\/revisions\/8716"}],"wp:featuredmedia":[{"embeddable":true,"href":"https:\/\/www.diet-horizon.com\/fr\/wp-json\/wp\/v2\/media\/8914"}],"wp:attachment":[{"href":"https:\/\/www.diet-horizon.com\/fr\/wp-json\/wp\/v2\/media?parent=7782"}],"wp:term":[{"taxonomy":"product_cat","embeddable":true,"href":"https:\/\/www.diet-horizon.com\/fr\/wp-json\/wp\/v2\/product_cat?post=7782"},{"taxonomy":"product_tag","embeddable":true,"href":"https:\/\/www.diet-horizon.com\/fr\/wp-json\/wp\/v2\/product_tag?post=7782"}],"curies":[{"name":"wp","href":"https:\/\/api.w.org\/{rel}","templated":true}]}}