{"id":7776,"date":"2022-01-13T08:55:56","date_gmt":"2022-01-13T08:55:56","guid":{"rendered":"https:\/\/www.diet-horizon.com\/fr\/?post_type=product&#038;p=7776"},"modified":"2024-11-21T16:00:16","modified_gmt":"2024-11-21T16:00:16","slug":"cellulifit","status":"publish","type":"product","link":"https:\/\/www.diet-horizon.com\/fr\/produits\/cellulifit\/","title":{"rendered":"Cellulifit"},"content":{"rendered":"<p>Diet Horizon vous propose CELLULIFIT, une formule compl\u00e8te \u00e0 base de Marc de Raisin qui aide \u00e0 r\u00e9duire l&#8217;aspect de la cellulite.<br \/>\nCELLULIFIT a une triple action pour aider \u00e0 lutter contre l&#8217;aspect peau d&#8217;orange :<br \/>\n&#8211; Le Pissenlit et la Piloselle aident \u00e0 l&#8217;\u00e9limination de l&#8217;eau,<br \/>\n&#8211; la Vitamine B6 contribue \u00e0 r\u00e9guler l&#8217;activit\u00e9 hormonale<br \/>\n&#8211; la Vitamine E et le S\u00e9l\u00e9nium contribuent \u00e0 prot\u00e9ger les cellules contre le stress oxydatif.<\/p>\n<p>CELLULIFIT peut \u00eatre utilis\u00e9 avec le GEL EXTERNE CELLULIFIT.<\/p>\n<p>Compl\u00e9ment alimentaire \u00e0 base de pr\u00e9parations de plantes, vitamines, min\u00e9raux et substance \u00e0 but nutritionnel ou physiologique.<\/p>\n","protected":false},"excerpt":{"rendered":"<p><strong>Envie de diminuer la peau d&#8217;orange ?<\/strong><\/p>\n<p>CELLULIFIT aide \u00e0 r\u00e9duire l&#8217;aspect de la cellulite gr\u00e2ce \u00e0 la pr\u00e9sence de Marc de raisin.<br \/>\nCELLULIFIT est une formule compl\u00e8te de pr\u00e9parations de plantes, de vitamines et de min\u00e9raux.<\/p>\n<p>60 comprim\u00e9s<\/p>\n","protected":false},"featured_media":8928,"template":"","meta":{"site-sidebar-layout":"default","site-content-layout":"","ast-site-content-layout":"default","site-content-style":"default","site-sidebar-style":"default","ast-global-header-display":"","ast-banner-title-visibility":"","ast-main-header-display":"","ast-hfb-above-header-display":"","ast-hfb-below-header-display":"","ast-hfb-mobile-header-display":"","site-post-title":"","ast-breadcrumbs-content":"","ast-featured-img":"","footer-sml-layout":"","ast-disable-related-posts":"","theme-transparent-header-meta":"default","adv-header-id-meta":"","stick-header-meta":"","header-above-stick-meta":"","header-main-stick-meta":"","header-below-stick-meta":"","astra-migrate-meta-layouts":"set","ast-page-background-enabled":"default","ast-page-background-meta":{"desktop":{"background-color":"var(--ast-global-color-4)","background-image":"","background-repeat":"repeat","background-position":"center center","background-size":"auto","background-attachment":"scroll","background-type":"","background-media":"","overlay-type":"","overlay-color":"","overlay-opacity":"","overlay-gradient":""},"tablet":{"background-color":"","background-image":"","background-repeat":"repeat","background-position":"center center","background-size":"auto","background-attachment":"scroll","background-type":"","background-media":"","overlay-type":"","overlay-color":"","overlay-opacity":"","overlay-gradient":""},"mobile":{"background-color":"","background-image":"","background-repeat":"repeat","background-position":"center center","background-size":"auto","background-attachment":"scroll","background-type":"","background-media":"","overlay-type":"","overlay-color":"","overlay-opacity":"","overlay-gradient":""}},"ast-content-background-meta":{"desktop":{"background-color":"var(--ast-global-color-5)","background-image":"","background-repeat":"repeat","background-position":"center center","background-size":"auto","background-attachment":"scroll","background-type":"","background-media":"","overlay-type":"","overlay-color":"","overlay-opacity":"","overlay-gradient":""},"tablet":{"background-color":"var(--ast-global-color-5)","background-image":"","background-repeat":"repeat","background-position":"center center","background-size":"auto","background-attachment":"scroll","background-type":"","background-media":"","overlay-type":"","overlay-color":"","overlay-opacity":"","overlay-gradient":""},"mobile":{"background-color":"var(--ast-global-color-5)","background-image":"","background-repeat":"repeat","background-position":"center center","background-size":"auto","background-attachment":"scroll","background-type":"","background-media":"","overlay-type":"","overlay-color":"","overlay-opacity":"","overlay-gradient":""}}},"product_cat":[64],"product_tag":[],"class_list":["post-7776","product","type-product","status-publish","has-post-thumbnail","hentry","product_cat-equilibre-feminin","desktop-align-left","tablet-align-left","mobile-align-left"],"_links":{"self":[{"href":"https:\/\/www.diet-horizon.com\/fr\/wp-json\/wp\/v2\/product\/7776","targetHints":{"allow":["GET"]}}],"collection":[{"href":"https:\/\/www.diet-horizon.com\/fr\/wp-json\/wp\/v2\/product"}],"about":[{"href":"https:\/\/www.diet-horizon.com\/fr\/wp-json\/wp\/v2\/types\/product"}],"version-history":[{"count":2,"href":"https:\/\/www.diet-horizon.com\/fr\/wp-json\/wp\/v2\/product\/7776\/revisions"}],"predecessor-version":[{"id":8260,"href":"https:\/\/www.diet-horizon.com\/fr\/wp-json\/wp\/v2\/product\/7776\/revisions\/8260"}],"wp:featuredmedia":[{"embeddable":true,"href":"https:\/\/www.diet-horizon.com\/fr\/wp-json\/wp\/v2\/media\/8928"}],"wp:attachment":[{"href":"https:\/\/www.diet-horizon.com\/fr\/wp-json\/wp\/v2\/media?parent=7776"}],"wp:term":[{"taxonomy":"product_cat","embeddable":true,"href":"https:\/\/www.diet-horizon.com\/fr\/wp-json\/wp\/v2\/product_cat?post=7776"},{"taxonomy":"product_tag","embeddable":true,"href":"https:\/\/www.diet-horizon.com\/fr\/wp-json\/wp\/v2\/product_tag?post=7776"}],"curies":[{"name":"wp","href":"https:\/\/api.w.org\/{rel}","templated":true}]}}