{"id":7764,"date":"2022-01-13T08:46:01","date_gmt":"2022-01-13T08:46:01","guid":{"rendered":"https:\/\/www.diet-horizon.com\/fr\/?post_type=product&#038;p=7764"},"modified":"2024-03-05T11:28:43","modified_gmt":"2024-03-05T11:28:43","slug":"candanacee","status":"publish","type":"product","link":"https:\/\/www.diet-horizon.com\/fr\/produits\/candanacee\/","title":{"rendered":"Candanac\u00e9e"},"content":{"rendered":"<p>Le stress chronique, le manque de sommeil, les facteurs g\u00e9n\u00e9tiques ou tout simplement la p\u00e9riode hivernale, constituent certains facteurs susceptibles d&#8217;affaiblir notre syst\u00e8me immunitaire.<\/p>\n<p>Pour soutenir votre syst\u00e8me immunitaire Diet Horizon vous propose CANDANAC\u00c9E, une formule compl\u00e8te \u00e0 base de Vitamine C, qui contribue au fonctionnement normal du syst\u00e8me immunitaire. La formule est \u00e9galement compos\u00e9e d&#8217;\u00c9chinac\u00e9e, associ\u00e9e aux bienfaits de 4 autres plantes (le Pamplemousse, l&#8217;Olivier, le Noyer Cendr\u00e9 et le Poivre Noir), des Fructo-oligosaccharides (FOS) et \u00e0 3 souches bact\u00e9riennes <em>(L.acidophilus, B.longum, S.thermophilus)<\/em>.<\/p>\n<p>Compl\u00e9ment alimentaire \u00e0 base de plantes, fructo-oligosaccharides, micro-organismes et vitamine C.<\/p>\n","protected":false},"excerpt":{"rendered":"<p><strong>Besoin de booster votre syst\u00e8me immunitaire ?<\/strong><\/p>\n<p>Candanac\u00e9e, la formule compl\u00e8te \u00e0 base d&#8217;\u00c9chinac\u00e9e et de Vitamine C qui contribue au fonctionnement normal de votre syst\u00e8me immunitaire.<\/p>\n<p>60 comprim\u00e9s<\/p>\n","protected":false},"featured_media":8665,"template":"","meta":{"site-sidebar-layout":"default","site-content-layout":"default","ast-site-content-layout":"default","site-content-style":"default","site-sidebar-style":"default","ast-global-header-display":"","ast-banner-title-visibility":"","ast-main-header-display":"","ast-hfb-above-header-display":"","ast-hfb-below-header-display":"","ast-hfb-mobile-header-display":"","site-post-title":"","ast-breadcrumbs-content":"","ast-featured-img":"","footer-sml-layout":"","ast-disable-related-posts":"","theme-transparent-header-meta":"default","adv-header-id-meta":"","stick-header-meta":"","header-above-stick-meta":"","header-main-stick-meta":"","header-below-stick-meta":"","astra-migrate-meta-layouts":"set","ast-page-background-enabled":"default","ast-page-background-meta":{"desktop":{"background-color":"var(--ast-global-color-4)","background-image":"","background-repeat":"repeat","background-position":"center center","background-size":"auto","background-attachment":"scroll","background-type":"","background-media":"","overlay-type":"","overlay-color":"","overlay-opacity":"","overlay-gradient":""},"tablet":{"background-color":"","background-image":"","background-repeat":"repeat","background-position":"center center","background-size":"auto","background-attachment":"scroll","background-type":"","background-media":"","overlay-type":"","overlay-color":"","overlay-opacity":"","overlay-gradient":""},"mobile":{"background-color":"","background-image":"","background-repeat":"repeat","background-position":"center center","background-size":"auto","background-attachment":"scroll","background-type":"","background-media":"","overlay-type":"","overlay-color":"","overlay-opacity":"","overlay-gradient":""}},"ast-content-background-meta":{"desktop":{"background-color":"var(--ast-global-color-5)","background-image":"","background-repeat":"repeat","background-position":"center center","background-size":"auto","background-attachment":"scroll","background-type":"","background-media":"","overlay-type":"","overlay-color":"","overlay-opacity":"","overlay-gradient":""},"tablet":{"background-color":"var(--ast-global-color-5)","background-image":"","background-repeat":"repeat","background-position":"center center","background-size":"auto","background-attachment":"scroll","background-type":"","background-media":"","overlay-type":"","overlay-color":"","overlay-opacity":"","overlay-gradient":""},"mobile":{"background-color":"var(--ast-global-color-5)","background-image":"","background-repeat":"repeat","background-position":"center center","background-size":"auto","background-attachment":"scroll","background-type":"","background-media":"","overlay-type":"","overlay-color":"","overlay-opacity":"","overlay-gradient":""}}},"product_cat":[63],"product_tag":[],"class_list":["post-7764","product","type-product","status-publish","has-post-thumbnail","hentry","product_cat-confort-interieur","desktop-align-left","tablet-align-left","mobile-align-left"],"_links":{"self":[{"href":"https:\/\/www.diet-horizon.com\/fr\/wp-json\/wp\/v2\/product\/7764","targetHints":{"allow":["GET"]}}],"collection":[{"href":"https:\/\/www.diet-horizon.com\/fr\/wp-json\/wp\/v2\/product"}],"about":[{"href":"https:\/\/www.diet-horizon.com\/fr\/wp-json\/wp\/v2\/types\/product"}],"version-history":[{"count":3,"href":"https:\/\/www.diet-horizon.com\/fr\/wp-json\/wp\/v2\/product\/7764\/revisions"}],"predecessor-version":[{"id":8668,"href":"https:\/\/www.diet-horizon.com\/fr\/wp-json\/wp\/v2\/product\/7764\/revisions\/8668"}],"wp:featuredmedia":[{"embeddable":true,"href":"https:\/\/www.diet-horizon.com\/fr\/wp-json\/wp\/v2\/media\/8665"}],"wp:attachment":[{"href":"https:\/\/www.diet-horizon.com\/fr\/wp-json\/wp\/v2\/media?parent=7764"}],"wp:term":[{"taxonomy":"product_cat","embeddable":true,"href":"https:\/\/www.diet-horizon.com\/fr\/wp-json\/wp\/v2\/product_cat?post=7764"},{"taxonomy":"product_tag","embeddable":true,"href":"https:\/\/www.diet-horizon.com\/fr\/wp-json\/wp\/v2\/product_tag?post=7764"}],"curies":[{"name":"wp","href":"https:\/\/api.w.org\/{rel}","templated":true}]}}