{"id":7746,"date":"2022-01-12T16:46:16","date_gmt":"2022-01-12T16:46:16","guid":{"rendered":"https:\/\/www.diet-horizon.com\/fr\/?post_type=product&#038;p=7746"},"modified":"2023-08-28T14:47:49","modified_gmt":"2023-08-28T14:47:49","slug":"total-nuit","status":"publish","type":"product","link":"https:\/\/www.diet-horizon.com\/fr\/produits\/total-nuit\/","title":{"rendered":"Total Nuit"},"content":{"rendered":"<p>Diet Horizon vous propose TOTAL NUIT, une formule double action pour vous permettre un endormissement plus rapide et pour am\u00e9liorer la qualit\u00e9 du sommeil.<\/p>\n<p>TOTAL NUIT Diet Horizon vous est propos\u00e9 en format comprim\u00e9s bicouches :<br \/>\n&#8211; 3 plantes : Passiflore, Val\u00e9riane et Eschscholtzia en lib\u00e9ration prolong\u00e9e de 8h<br \/>\n&#8211; 1,9 mg de M\u00e9latonine<\/p>\n<p>L&#8217;Eschscholtzia am\u00e9liore la qualit\u00e9 du sommeil et aide \u00e0 la relaxation ainsi qu&#8217;au bien-\u00eatre mental et physique.<br \/>\nLa M\u00e9latonine, dos\u00e9e \u00e0 1,9 mg par comprim\u00e9, contribue \u00e0 r\u00e9duire le temps d&#8217;endormissement. De plus, elle contribue \u00e0 att\u00e9nuer les effets du d\u00e9calage horaire.<\/p>\n<p>Compl\u00e9ment alimentaire \u00e0 base de pr\u00e9parations de plantes et de m\u00e9latonine.<\/p>\n","protected":false},"excerpt":{"rendered":"<p><strong>Sommeil difficile ? Difficult\u00e9s \u00e0 vous endormir ou encore effets du d\u00e9calage horaire ?<\/strong><\/p>\n<p>TOTAL NUIT double action est votre alli\u00e9 pour un endormissement plus rapide et pour am\u00e9liorer la qualit\u00e9 du sommeil gr\u00e2ce \u00e0 la pr\u00e9sence de pavot de Californie et de M\u00e9latonine.<\/p>\n<p>30 comprim\u00e9s<\/p>\n<p>Pour consulter notre leaflet sur le sommeil, <strong><a href=\"https:\/\/heyzine.com\/flip-book\/68192560d9.html\">cliquez ici<\/a><\/strong>.<\/p>\n","protected":false},"featured_media":8619,"template":"","meta":{"site-sidebar-layout":"default","site-content-layout":"","ast-site-content-layout":"default","site-content-style":"default","site-sidebar-style":"default","ast-global-header-display":"","ast-banner-title-visibility":"","ast-main-header-display":"","ast-hfb-above-header-display":"","ast-hfb-below-header-display":"","ast-hfb-mobile-header-display":"","site-post-title":"","ast-breadcrumbs-content":"","ast-featured-img":"","footer-sml-layout":"","ast-disable-related-posts":"","theme-transparent-header-meta":"default","adv-header-id-meta":"","stick-header-meta":"","header-above-stick-meta":"","header-main-stick-meta":"","header-below-stick-meta":"","astra-migrate-meta-layouts":"set","ast-page-background-enabled":"default","ast-page-background-meta":{"desktop":{"background-color":"var(--ast-global-color-4)","background-image":"","background-repeat":"repeat","background-position":"center center","background-size":"auto","background-attachment":"scroll","background-type":"","background-media":"","overlay-type":"","overlay-color":"","overlay-opacity":"","overlay-gradient":""},"tablet":{"background-color":"","background-image":"","background-repeat":"repeat","background-position":"center center","background-size":"auto","background-attachment":"scroll","background-type":"","background-media":"","overlay-type":"","overlay-color":"","overlay-opacity":"","overlay-gradient":""},"mobile":{"background-color":"","background-image":"","background-repeat":"repeat","background-position":"center center","background-size":"auto","background-attachment":"scroll","background-type":"","background-media":"","overlay-type":"","overlay-color":"","overlay-opacity":"","overlay-gradient":""}},"ast-content-background-meta":{"desktop":{"background-color":"var(--ast-global-color-5)","background-image":"","background-repeat":"repeat","background-position":"center center","background-size":"auto","background-attachment":"scroll","background-type":"","background-media":"","overlay-type":"","overlay-color":"","overlay-opacity":"","overlay-gradient":""},"tablet":{"background-color":"var(--ast-global-color-5)","background-image":"","background-repeat":"repeat","background-position":"center center","background-size":"auto","background-attachment":"scroll","background-type":"","background-media":"","overlay-type":"","overlay-color":"","overlay-opacity":"","overlay-gradient":""},"mobile":{"background-color":"var(--ast-global-color-5)","background-image":"","background-repeat":"repeat","background-position":"center center","background-size":"auto","background-attachment":"scroll","background-type":"","background-media":"","overlay-type":"","overlay-color":"","overlay-opacity":"","overlay-gradient":""}}},"product_cat":[66],"product_tag":[],"class_list":["post-7746","product","type-product","status-publish","has-post-thumbnail","hentry","product_cat-sommeil","desktop-align-left","tablet-align-left","mobile-align-left"],"_links":{"self":[{"href":"https:\/\/www.diet-horizon.com\/fr\/wp-json\/wp\/v2\/product\/7746","targetHints":{"allow":["GET"]}}],"collection":[{"href":"https:\/\/www.diet-horizon.com\/fr\/wp-json\/wp\/v2\/product"}],"about":[{"href":"https:\/\/www.diet-horizon.com\/fr\/wp-json\/wp\/v2\/types\/product"}],"version-history":[{"count":2,"href":"https:\/\/www.diet-horizon.com\/fr\/wp-json\/wp\/v2\/product\/7746\/revisions"}],"predecessor-version":[{"id":8770,"href":"https:\/\/www.diet-horizon.com\/fr\/wp-json\/wp\/v2\/product\/7746\/revisions\/8770"}],"wp:featuredmedia":[{"embeddable":true,"href":"https:\/\/www.diet-horizon.com\/fr\/wp-json\/wp\/v2\/media\/8619"}],"wp:attachment":[{"href":"https:\/\/www.diet-horizon.com\/fr\/wp-json\/wp\/v2\/media?parent=7746"}],"wp:term":[{"taxonomy":"product_cat","embeddable":true,"href":"https:\/\/www.diet-horizon.com\/fr\/wp-json\/wp\/v2\/product_cat?post=7746"},{"taxonomy":"product_tag","embeddable":true,"href":"https:\/\/www.diet-horizon.com\/fr\/wp-json\/wp\/v2\/product_tag?post=7746"}],"curies":[{"name":"wp","href":"https:\/\/api.w.org\/{rel}","templated":true}]}}