{"id":7486,"date":"2021-12-21T14:15:46","date_gmt":"2021-12-21T14:15:46","guid":{"rendered":"https:\/\/www.diet-horizon.com\/fr\/?post_type=product&#038;p=7486"},"modified":"2023-01-16T13:11:46","modified_gmt":"2023-01-16T13:11:46","slug":"jus-aloe-vera-bio-1l","status":"publish","type":"product","link":"https:\/\/www.diet-horizon.com\/fr\/produits\/jus-aloe-vera-bio-1l\/","title":{"rendered":"Jus Aloe Vera Bio 1l"},"content":{"rendered":"<p>DIET HORIZON vous propose JUS ALOE VERA BIO avec une teneur en Aloe Vera de 99,7%.<br \/>\nL&#8217;Aloe Vera utilis\u00e9e dans notre JUS est cultiv\u00e9e et transform\u00e9e en Espagne et la mise en bouteille est garantie maximum 24h apr\u00e8s la r\u00e9colte afin de vous fournir toutes les vertus de la plante.<\/p>\n<p>L&#8217;Aloe Vera contribue aux d\u00e9fenses naturelles et au soutien du syst\u00e8me digestif. Elle pr\u00e9sente \u00e9galement des effets anti-fatigue et anti-oxydant.<\/p>\n<p><em>Compl\u00e9ment alimentaire \u00e0 base d&#8217;Aloe Vera BIO.<\/em><\/p>\n","protected":false},"excerpt":{"rendered":"<p><strong>A la recherche de fraicheur et de bien-\u00eatre au quotidien ?<\/strong><\/p>\n<p>JUS ALOE VERA BIO compos\u00e9 \u00e0 99,7% d&#8217;Aloe Vera Bio vous apporte toutes les vertus de l&#8217;Aloe Vera, un alli\u00e9 de choix pour votre bien-\u00eatre au quotidien.<\/p>\n<p>Bouteille de 1L<\/p>\n","protected":false},"featured_media":8611,"template":"","meta":{"site-sidebar-layout":"","site-content-layout":"","ast-site-content-layout":"default","site-content-style":"default","site-sidebar-style":"default","ast-global-header-display":"","ast-banner-title-visibility":"","ast-main-header-display":"","ast-hfb-above-header-display":"","ast-hfb-below-header-display":"","ast-hfb-mobile-header-display":"","site-post-title":"","ast-breadcrumbs-content":"","ast-featured-img":"","footer-sml-layout":"","ast-disable-related-posts":"","theme-transparent-header-meta":"","adv-header-id-meta":"","stick-header-meta":"","header-above-stick-meta":"","header-main-stick-meta":"","header-below-stick-meta":"","astra-migrate-meta-layouts":"default","ast-page-background-enabled":"default","ast-page-background-meta":{"desktop":{"background-color":"var(--ast-global-color-4)","background-image":"","background-repeat":"repeat","background-position":"center center","background-size":"auto","background-attachment":"scroll","background-type":"","background-media":"","overlay-type":"","overlay-color":"","overlay-opacity":"","overlay-gradient":""},"tablet":{"background-color":"","background-image":"","background-repeat":"repeat","background-position":"center center","background-size":"auto","background-attachment":"scroll","background-type":"","background-media":"","overlay-type":"","overlay-color":"","overlay-opacity":"","overlay-gradient":""},"mobile":{"background-color":"","background-image":"","background-repeat":"repeat","background-position":"center center","background-size":"auto","background-attachment":"scroll","background-type":"","background-media":"","overlay-type":"","overlay-color":"","overlay-opacity":"","overlay-gradient":""}},"ast-content-background-meta":{"desktop":{"background-color":"var(--ast-global-color-5)","background-image":"","background-repeat":"repeat","background-position":"center center","background-size":"auto","background-attachment":"scroll","background-type":"","background-media":"","overlay-type":"","overlay-color":"","overlay-opacity":"","overlay-gradient":""},"tablet":{"background-color":"var(--ast-global-color-5)","background-image":"","background-repeat":"repeat","background-position":"center center","background-size":"auto","background-attachment":"scroll","background-type":"","background-media":"","overlay-type":"","overlay-color":"","overlay-opacity":"","overlay-gradient":""},"mobile":{"background-color":"var(--ast-global-color-5)","background-image":"","background-repeat":"repeat","background-position":"center center","background-size":"auto","background-attachment":"scroll","background-type":"","background-media":"","overlay-type":"","overlay-color":"","overlay-opacity":"","overlay-gradient":""}}},"product_cat":[70],"product_tag":[],"class_list":["post-7486","product","type-product","status-publish","has-post-thumbnail","hentry","product_cat-aloe-vera","desktop-align-left","tablet-align-left","mobile-align-left"],"_links":{"self":[{"href":"https:\/\/www.diet-horizon.com\/fr\/wp-json\/wp\/v2\/product\/7486","targetHints":{"allow":["GET"]}}],"collection":[{"href":"https:\/\/www.diet-horizon.com\/fr\/wp-json\/wp\/v2\/product"}],"about":[{"href":"https:\/\/www.diet-horizon.com\/fr\/wp-json\/wp\/v2\/types\/product"}],"version-history":[{"count":3,"href":"https:\/\/www.diet-horizon.com\/fr\/wp-json\/wp\/v2\/product\/7486\/revisions"}],"predecessor-version":[{"id":7654,"href":"https:\/\/www.diet-horizon.com\/fr\/wp-json\/wp\/v2\/product\/7486\/revisions\/7654"}],"wp:featuredmedia":[{"embeddable":true,"href":"https:\/\/www.diet-horizon.com\/fr\/wp-json\/wp\/v2\/media\/8611"}],"wp:attachment":[{"href":"https:\/\/www.diet-horizon.com\/fr\/wp-json\/wp\/v2\/media?parent=7486"}],"wp:term":[{"taxonomy":"product_cat","embeddable":true,"href":"https:\/\/www.diet-horizon.com\/fr\/wp-json\/wp\/v2\/product_cat?post=7486"},{"taxonomy":"product_tag","embeddable":true,"href":"https:\/\/www.diet-horizon.com\/fr\/wp-json\/wp\/v2\/product_tag?post=7486"}],"curies":[{"name":"wp","href":"https:\/\/api.w.org\/{rel}","templated":true}]}}