{"id":7483,"date":"2021-12-21T14:15:47","date_gmt":"2021-12-21T14:15:47","guid":{"rendered":"https:\/\/www.diet-horizon.com\/fr\/?post_type=product&#038;p=7483"},"modified":"2024-04-03T08:32:22","modified_gmt":"2024-04-03T08:32:22","slug":"gel-cutane-aloe-vera-97","status":"publish","type":"product","link":"https:\/\/www.diet-horizon.com\/fr\/produits\/gel-cutane-aloe-vera-97\/","title":{"rendered":"Gel Cutane Aloe Vera 97%"},"content":{"rendered":"<p>Pour prendre soin de votre peau, Diet Horizon vous propose le Gel Aloe Vera concentr\u00e9 \u00e0 97 % d&#8217;Aloe Vera.<br \/>\nCe gel cutan\u00e9 pour le visage et le corps est certifi\u00e9 bio, il p\u00e9n\u00e8tre rapidement sans faire de taches et vous donne l\u2019assurance de conserver une peau douce.<\/p>\n<p>Sa texture non grasse rend son utilisation facile pour toute la famille (d\u00e8s 3 ans) ! Ce gel peut \u00eatre utilis\u00e9 quotidiennement et convient \u00e0 tous les types de peaux, m\u00eame les peaux sensibles.<\/p>\n<p>Son + : sa double application visage et corps !<\/p>\n","protected":false},"excerpt":{"rendered":"<p><strong>Une peau douce et hydrat\u00e9e ?<\/strong><\/p>\n<p>Le Gel visage et corps \u00e0 97 % d\u2019Aloe Vera est certifi\u00e9 COSMOS ORGANIC par ECOCERT Greenlife, selon le r\u00e9f\u00e9rentiel COSMOS disponible sur <a href=\"https:\/\/www.ecocert.com\/fr-FR\/certification\/cosmetiques-biologiques-ou-naturels-cosmos\">http\u00a0:\/\/cosmos.ecocert.com<\/a><\/p>\n<p>\u2022 Pour une peau douce<br \/>\n\u2022 Convient \u00e0 tous types de peaux, m\u00eame les peaux sensibles<br \/>\n\u2022 Pratique, usage quotidien ! Double application visage et corps<br \/>\n\u2022 Pour toute la famille (+ de 3 ans)<\/p>\n<p>150 ml<\/p>\n","protected":false},"featured_media":8610,"template":"","meta":{"site-sidebar-layout":"default","site-content-layout":"","ast-site-content-layout":"default","site-content-style":"default","site-sidebar-style":"default","ast-global-header-display":"","ast-banner-title-visibility":"","ast-main-header-display":"","ast-hfb-above-header-display":"","ast-hfb-below-header-display":"","ast-hfb-mobile-header-display":"","site-post-title":"","ast-breadcrumbs-content":"","ast-featured-img":"","footer-sml-layout":"","ast-disable-related-posts":"","theme-transparent-header-meta":"default","adv-header-id-meta":"","stick-header-meta":"","header-above-stick-meta":"","header-main-stick-meta":"","header-below-stick-meta":"","astra-migrate-meta-layouts":"set","ast-page-background-enabled":"default","ast-page-background-meta":{"desktop":{"background-color":"var(--ast-global-color-4)","background-image":"","background-repeat":"repeat","background-position":"center center","background-size":"auto","background-attachment":"scroll","background-type":"","background-media":"","overlay-type":"","overlay-color":"","overlay-opacity":"","overlay-gradient":""},"tablet":{"background-color":"","background-image":"","background-repeat":"repeat","background-position":"center center","background-size":"auto","background-attachment":"scroll","background-type":"","background-media":"","overlay-type":"","overlay-color":"","overlay-opacity":"","overlay-gradient":""},"mobile":{"background-color":"","background-image":"","background-repeat":"repeat","background-position":"center center","background-size":"auto","background-attachment":"scroll","background-type":"","background-media":"","overlay-type":"","overlay-color":"","overlay-opacity":"","overlay-gradient":""}},"ast-content-background-meta":{"desktop":{"background-color":"var(--ast-global-color-5)","background-image":"","background-repeat":"repeat","background-position":"center center","background-size":"auto","background-attachment":"scroll","background-type":"","background-media":"","overlay-type":"","overlay-color":"","overlay-opacity":"","overlay-gradient":""},"tablet":{"background-color":"var(--ast-global-color-5)","background-image":"","background-repeat":"repeat","background-position":"center center","background-size":"auto","background-attachment":"scroll","background-type":"","background-media":"","overlay-type":"","overlay-color":"","overlay-opacity":"","overlay-gradient":""},"mobile":{"background-color":"var(--ast-global-color-5)","background-image":"","background-repeat":"repeat","background-position":"center center","background-size":"auto","background-attachment":"scroll","background-type":"","background-media":"","overlay-type":"","overlay-color":"","overlay-opacity":"","overlay-gradient":""}}},"product_cat":[70],"product_tag":[],"class_list":["post-7483","product","type-product","status-publish","has-post-thumbnail","hentry","product_cat-aloe-vera","desktop-align-left","tablet-align-left","mobile-align-left"],"_links":{"self":[{"href":"https:\/\/www.diet-horizon.com\/fr\/wp-json\/wp\/v2\/product\/7483","targetHints":{"allow":["GET"]}}],"collection":[{"href":"https:\/\/www.diet-horizon.com\/fr\/wp-json\/wp\/v2\/product"}],"about":[{"href":"https:\/\/www.diet-horizon.com\/fr\/wp-json\/wp\/v2\/types\/product"}],"version-history":[{"count":6,"href":"https:\/\/www.diet-horizon.com\/fr\/wp-json\/wp\/v2\/product\/7483\/revisions"}],"predecessor-version":[{"id":8891,"href":"https:\/\/www.diet-horizon.com\/fr\/wp-json\/wp\/v2\/product\/7483\/revisions\/8891"}],"wp:featuredmedia":[{"embeddable":true,"href":"https:\/\/www.diet-horizon.com\/fr\/wp-json\/wp\/v2\/media\/8610"}],"wp:attachment":[{"href":"https:\/\/www.diet-horizon.com\/fr\/wp-json\/wp\/v2\/media?parent=7483"}],"wp:term":[{"taxonomy":"product_cat","embeddable":true,"href":"https:\/\/www.diet-horizon.com\/fr\/wp-json\/wp\/v2\/product_cat?post=7483"},{"taxonomy":"product_tag","embeddable":true,"href":"https:\/\/www.diet-horizon.com\/fr\/wp-json\/wp\/v2\/product_tag?post=7483"}],"curies":[{"name":"wp","href":"https:\/\/api.w.org\/{rel}","templated":true}]}}