{"id":7476,"date":"2021-12-21T14:14:16","date_gmt":"2021-12-21T14:14:16","guid":{"rendered":"https:\/\/www.diet-horizon.com\/fr\/?post_type=product&#038;p=7476"},"modified":"2025-01-13T16:06:02","modified_gmt":"2025-01-13T16:06:02","slug":"altorub-sachets","status":"publish","type":"product","link":"https:\/\/www.diet-horizon.com\/fr\/produits\/altorub-sachets\/","title":{"rendered":"Altorub Sachets"},"content":{"rendered":"<p>Diet Horizon vous propose ALTORUB SACHETS, une formule compl\u00e8te \u00e0 base de 8 extraits secs de plantes dont l&#8217;\u00c9chinac\u00e9e et l&#8217;Astragale, de vitamine C et de Zinc qui soutiennent le syst\u00e8me immunitaire en hiver. La Vitamine C contribue \u00e9galement \u00e0 la r\u00e9duction de la fatigue.<br \/>\nALTORUB SACHETS contient aussi de l&#8217;huile essentielle d&#8217;Eucalyptus radiata, de la Grande Camomille qui soutient l&#8217;organisme et d&#8217;autres plantes utilis\u00e9es traditionnellement durant les p\u00e9riodes hivernales tels que le Bouillon blanc, le Thym et le Sureau noir.<\/p>\n<p>Compl\u00e9ment alimentaire \u00e0 base de pr\u00e9parations de plantes, substance \u00e0 but nutritionnel ou physiologique, vitamine C et zinc.<\/p>\n<p>Pour consulter notre leaflet sur l&#8217;immunit\u00e9, <strong><a href=\"https:\/\/heyzine.com\/flip-book\/d66d7a3fa8.html#page\/1\">cliquez ici<\/a><\/strong>.<\/p>\n","protected":false},"excerpt":{"rendered":"<p><strong>Envie de soutenir son syst\u00e8me immunitaire en hiver ?<\/strong><\/p>\n<p>ALTORUB SACHETS est une formule compl\u00e8te \u00e0 base de pr\u00e9parations de plantes dont l&#8217;\u00c9chinac\u00e9e, de vitamine C et de Zinc pour un soutien global de l&#8217;organisme durant les p\u00e9riodes hivernales.<\/p>\n<p>15 sachets<\/p>\n<p>Egalement disponible en comprim\u00e9s.<\/p>\n","protected":false},"featured_media":8748,"template":"","meta":{"site-sidebar-layout":"default","site-content-layout":"","ast-site-content-layout":"default","site-content-style":"default","site-sidebar-style":"default","ast-global-header-display":"","ast-banner-title-visibility":"","ast-main-header-display":"","ast-hfb-above-header-display":"","ast-hfb-below-header-display":"","ast-hfb-mobile-header-display":"","site-post-title":"","ast-breadcrumbs-content":"","ast-featured-img":"","footer-sml-layout":"","ast-disable-related-posts":"","theme-transparent-header-meta":"default","adv-header-id-meta":"","stick-header-meta":"","header-above-stick-meta":"","header-main-stick-meta":"","header-below-stick-meta":"","astra-migrate-meta-layouts":"set","ast-page-background-enabled":"default","ast-page-background-meta":{"desktop":{"background-color":"var(--ast-global-color-4)","background-image":"","background-repeat":"repeat","background-position":"center center","background-size":"auto","background-attachment":"scroll","background-type":"","background-media":"","overlay-type":"","overlay-color":"","overlay-opacity":"","overlay-gradient":""},"tablet":{"background-color":"","background-image":"","background-repeat":"repeat","background-position":"center center","background-size":"auto","background-attachment":"scroll","background-type":"","background-media":"","overlay-type":"","overlay-color":"","overlay-opacity":"","overlay-gradient":""},"mobile":{"background-color":"","background-image":"","background-repeat":"repeat","background-position":"center center","background-size":"auto","background-attachment":"scroll","background-type":"","background-media":"","overlay-type":"","overlay-color":"","overlay-opacity":"","overlay-gradient":""}},"ast-content-background-meta":{"desktop":{"background-color":"var(--ast-global-color-5)","background-image":"","background-repeat":"repeat","background-position":"center center","background-size":"auto","background-attachment":"scroll","background-type":"","background-media":"","overlay-type":"","overlay-color":"","overlay-opacity":"","overlay-gradient":""},"tablet":{"background-color":"var(--ast-global-color-5)","background-image":"","background-repeat":"repeat","background-position":"center center","background-size":"auto","background-attachment":"scroll","background-type":"","background-media":"","overlay-type":"","overlay-color":"","overlay-opacity":"","overlay-gradient":""},"mobile":{"background-color":"var(--ast-global-color-5)","background-image":"","background-repeat":"repeat","background-position":"center center","background-size":"auto","background-attachment":"scroll","background-type":"","background-media":"","overlay-type":"","overlay-color":"","overlay-opacity":"","overlay-gradient":""}}},"product_cat":[69],"product_tag":[],"class_list":["post-7476","product","type-product","status-publish","has-post-thumbnail","hentry","product_cat-immunite-respiration","desktop-align-left","tablet-align-left","mobile-align-left"],"_links":{"self":[{"href":"https:\/\/www.diet-horizon.com\/fr\/wp-json\/wp\/v2\/product\/7476","targetHints":{"allow":["GET"]}}],"collection":[{"href":"https:\/\/www.diet-horizon.com\/fr\/wp-json\/wp\/v2\/product"}],"about":[{"href":"https:\/\/www.diet-horizon.com\/fr\/wp-json\/wp\/v2\/types\/product"}],"version-history":[{"count":3,"href":"https:\/\/www.diet-horizon.com\/fr\/wp-json\/wp\/v2\/product\/7476\/revisions"}],"predecessor-version":[{"id":8774,"href":"https:\/\/www.diet-horizon.com\/fr\/wp-json\/wp\/v2\/product\/7476\/revisions\/8774"}],"wp:featuredmedia":[{"embeddable":true,"href":"https:\/\/www.diet-horizon.com\/fr\/wp-json\/wp\/v2\/media\/8748"}],"wp:attachment":[{"href":"https:\/\/www.diet-horizon.com\/fr\/wp-json\/wp\/v2\/media?parent=7476"}],"wp:term":[{"taxonomy":"product_cat","embeddable":true,"href":"https:\/\/www.diet-horizon.com\/fr\/wp-json\/wp\/v2\/product_cat?post=7476"},{"taxonomy":"product_tag","embeddable":true,"href":"https:\/\/www.diet-horizon.com\/fr\/wp-json\/wp\/v2\/product_tag?post=7476"}],"curies":[{"name":"wp","href":"https:\/\/api.w.org\/{rel}","templated":true}]}}