{"id":7435,"date":"2021-12-21T14:14:16","date_gmt":"2021-12-21T14:14:16","guid":{"rendered":"https:\/\/www.diet-horizon.com\/fr\/?post_type=product&#038;p=7435"},"modified":"2023-08-28T14:48:18","modified_gmt":"2023-08-28T14:48:18","slug":"nuit-zen","status":"publish","type":"product","link":"https:\/\/www.diet-horizon.com\/fr\/produits\/nuit-zen\/","title":{"rendered":"Nuit Zen"},"content":{"rendered":"<p>Diet Horizon vous propose NUIT ZEN, une formule compl\u00e8te \u00e0 base d&#8217;extraits secs de plantes dont l&#8217;Eschscholtzia qui contribue \u00e0 une relaxation mentale et physique, la Passiflore et la Lavande.<br \/>\nNUIT ZEN contient \u00e9galement de la Dolomite, source de magn\u00e9sium qui contribue \u00e0 r\u00e9duire la fatigue et au fonctionnement normal du syst\u00e8me nerveux.<\/p>\n<p>NUIT ZEN est un complexe sans m\u00e9latonine.<\/p>\n<p>Compl\u00e9ment alimentaire \u00e0 base de pr\u00e9parations de plantes et dolomite.<\/p>\n<p>Pour consulter notre leaflet sur le sommeil, <strong><a href=\"https:\/\/heyzine.com\/flip-book\/68192560d9.html\">cliquez ici<\/a><\/strong>.<\/p>\n","protected":false},"excerpt":{"rendered":"<p><strong>Sommeil agit\u00e9 ?<\/strong><\/p>\n<p>NUITZEN est un compl\u00e9ment alimentaire qui contribue \u00e0 une relaxation optimale et am\u00e9liore la qualit\u00e9 du sommeil gr\u00e2ce \u00e0 la pr\u00e9sence d&#8217;Eschscholtzia.<\/p>\n<p>NUTRIZEN est une formule compl\u00e8te de pr\u00e9parations de plantes et de Dolomite.<\/p>\n<p>30 comprim\u00e9s<\/p>\n","protected":false},"featured_media":8724,"template":"","meta":{"site-sidebar-layout":"default","site-content-layout":"default","ast-site-content-layout":"default","site-content-style":"default","site-sidebar-style":"default","ast-global-header-display":"","ast-banner-title-visibility":"","ast-main-header-display":"","ast-hfb-above-header-display":"","ast-hfb-below-header-display":"","ast-hfb-mobile-header-display":"","site-post-title":"","ast-breadcrumbs-content":"","ast-featured-img":"","footer-sml-layout":"","ast-disable-related-posts":"","theme-transparent-header-meta":"default","adv-header-id-meta":"","stick-header-meta":"","header-above-stick-meta":"","header-main-stick-meta":"","header-below-stick-meta":"","astra-migrate-meta-layouts":"set","ast-page-background-enabled":"default","ast-page-background-meta":{"desktop":{"background-color":"var(--ast-global-color-4)","background-image":"","background-repeat":"repeat","background-position":"center center","background-size":"auto","background-attachment":"scroll","background-type":"","background-media":"","overlay-type":"","overlay-color":"","overlay-opacity":"","overlay-gradient":""},"tablet":{"background-color":"","background-image":"","background-repeat":"repeat","background-position":"center center","background-size":"auto","background-attachment":"scroll","background-type":"","background-media":"","overlay-type":"","overlay-color":"","overlay-opacity":"","overlay-gradient":""},"mobile":{"background-color":"","background-image":"","background-repeat":"repeat","background-position":"center center","background-size":"auto","background-attachment":"scroll","background-type":"","background-media":"","overlay-type":"","overlay-color":"","overlay-opacity":"","overlay-gradient":""}},"ast-content-background-meta":{"desktop":{"background-color":"var(--ast-global-color-5)","background-image":"","background-repeat":"repeat","background-position":"center center","background-size":"auto","background-attachment":"scroll","background-type":"","background-media":"","overlay-type":"","overlay-color":"","overlay-opacity":"","overlay-gradient":""},"tablet":{"background-color":"var(--ast-global-color-5)","background-image":"","background-repeat":"repeat","background-position":"center center","background-size":"auto","background-attachment":"scroll","background-type":"","background-media":"","overlay-type":"","overlay-color":"","overlay-opacity":"","overlay-gradient":""},"mobile":{"background-color":"var(--ast-global-color-5)","background-image":"","background-repeat":"repeat","background-position":"center center","background-size":"auto","background-attachment":"scroll","background-type":"","background-media":"","overlay-type":"","overlay-color":"","overlay-opacity":"","overlay-gradient":""}}},"product_cat":[66],"product_tag":[],"class_list":["post-7435","product","type-product","status-publish","has-post-thumbnail","hentry","product_cat-sommeil","desktop-align-left","tablet-align-left","mobile-align-left"],"_links":{"self":[{"href":"https:\/\/www.diet-horizon.com\/fr\/wp-json\/wp\/v2\/product\/7435","targetHints":{"allow":["GET"]}}],"collection":[{"href":"https:\/\/www.diet-horizon.com\/fr\/wp-json\/wp\/v2\/product"}],"about":[{"href":"https:\/\/www.diet-horizon.com\/fr\/wp-json\/wp\/v2\/types\/product"}],"version-history":[{"count":3,"href":"https:\/\/www.diet-horizon.com\/fr\/wp-json\/wp\/v2\/product\/7435\/revisions"}],"predecessor-version":[{"id":8771,"href":"https:\/\/www.diet-horizon.com\/fr\/wp-json\/wp\/v2\/product\/7435\/revisions\/8771"}],"wp:featuredmedia":[{"embeddable":true,"href":"https:\/\/www.diet-horizon.com\/fr\/wp-json\/wp\/v2\/media\/8724"}],"wp:attachment":[{"href":"https:\/\/www.diet-horizon.com\/fr\/wp-json\/wp\/v2\/media?parent=7435"}],"wp:term":[{"taxonomy":"product_cat","embeddable":true,"href":"https:\/\/www.diet-horizon.com\/fr\/wp-json\/wp\/v2\/product_cat?post=7435"},{"taxonomy":"product_tag","embeddable":true,"href":"https:\/\/www.diet-horizon.com\/fr\/wp-json\/wp\/v2\/product_tag?post=7435"}],"curies":[{"name":"wp","href":"https:\/\/api.w.org\/{rel}","templated":true}]}}