{"id":7428,"date":"2021-12-21T14:14:15","date_gmt":"2021-12-21T14:14:15","guid":{"rendered":"https:\/\/www.diet-horizon.com\/fr\/?post_type=product&#038;p=7428"},"modified":"2024-09-17T12:52:46","modified_gmt":"2024-09-17T12:52:46","slug":"mag-b-stress","status":"publish","type":"product","link":"https:\/\/www.diet-horizon.com\/fr\/produits\/mag-b-stress\/","title":{"rendered":"Mag-B Stress"},"content":{"rendered":"<p>Diet Horizon vous propose MAG-B STRESS, une formule compl\u00e8te \u00e0 base de Magn\u00e9sium, sous 2 formes absorbables (glyc\u00e9rophosphate et citrate) et de vitamines (B3, B5, B6, B2, B9) qui contribuent au fonctionnement normal du syst\u00e8me nerveux et \u00e0 la r\u00e9duction de la fatigue.<br \/>\nMAG-B STRESS contient aussi de La Rhodiola qui aide \u00e0 r\u00e9duire les effets n\u00e9gatifs du stress.<\/p>\n<p>Son format stick rend son utilisation plus ais\u00e9e.<\/p>\n<p>Compl\u00e9ment alimentaire \u00e0 base de pr\u00e9parations de plantes, vitamines et min\u00e9raux. Avec \u00e9dulcorant.<\/p>\n","protected":false},"excerpt":{"rendered":"<p><strong>Fatigue li\u00e9e au stress ?<\/strong><\/p>\n<p>MAG-B STRESS contient notamment du Magn\u00e9sium et de la Rhodiola qui aident \u00e0 r\u00e9duire la fatigue li\u00e9e au stress.<\/p>\n<p>MAG-B STRESS est une formule compl\u00e8te de pr\u00e9parations de plantes, de vitamines et de min\u00e9raux.<\/p>\n<p>15 sticks<\/p>\n","protected":false},"featured_media":8910,"template":"","meta":{"site-sidebar-layout":"default","site-content-layout":"","ast-site-content-layout":"default","site-content-style":"default","site-sidebar-style":"default","ast-global-header-display":"","ast-banner-title-visibility":"","ast-main-header-display":"","ast-hfb-above-header-display":"","ast-hfb-below-header-display":"","ast-hfb-mobile-header-display":"","site-post-title":"","ast-breadcrumbs-content":"","ast-featured-img":"","footer-sml-layout":"","ast-disable-related-posts":"","theme-transparent-header-meta":"default","adv-header-id-meta":"","stick-header-meta":"","header-above-stick-meta":"","header-main-stick-meta":"","header-below-stick-meta":"","astra-migrate-meta-layouts":"set","ast-page-background-enabled":"default","ast-page-background-meta":{"desktop":{"background-color":"var(--ast-global-color-4)","background-image":"","background-repeat":"repeat","background-position":"center center","background-size":"auto","background-attachment":"scroll","background-type":"","background-media":"","overlay-type":"","overlay-color":"","overlay-opacity":"","overlay-gradient":""},"tablet":{"background-color":"","background-image":"","background-repeat":"repeat","background-position":"center center","background-size":"auto","background-attachment":"scroll","background-type":"","background-media":"","overlay-type":"","overlay-color":"","overlay-opacity":"","overlay-gradient":""},"mobile":{"background-color":"","background-image":"","background-repeat":"repeat","background-position":"center center","background-size":"auto","background-attachment":"scroll","background-type":"","background-media":"","overlay-type":"","overlay-color":"","overlay-opacity":"","overlay-gradient":""}},"ast-content-background-meta":{"desktop":{"background-color":"var(--ast-global-color-5)","background-image":"","background-repeat":"repeat","background-position":"center center","background-size":"auto","background-attachment":"scroll","background-type":"","background-media":"","overlay-type":"","overlay-color":"","overlay-opacity":"","overlay-gradient":""},"tablet":{"background-color":"var(--ast-global-color-5)","background-image":"","background-repeat":"repeat","background-position":"center center","background-size":"auto","background-attachment":"scroll","background-type":"","background-media":"","overlay-type":"","overlay-color":"","overlay-opacity":"","overlay-gradient":""},"mobile":{"background-color":"var(--ast-global-color-5)","background-image":"","background-repeat":"repeat","background-position":"center center","background-size":"auto","background-attachment":"scroll","background-type":"","background-media":"","overlay-type":"","overlay-color":"","overlay-opacity":"","overlay-gradient":""}}},"product_cat":[68],"product_tag":[],"class_list":["post-7428","product","type-product","status-publish","has-post-thumbnail","hentry","product_cat-stress-anxiete","desktop-align-left","tablet-align-left","mobile-align-left"],"_links":{"self":[{"href":"https:\/\/www.diet-horizon.com\/fr\/wp-json\/wp\/v2\/product\/7428","targetHints":{"allow":["GET"]}}],"collection":[{"href":"https:\/\/www.diet-horizon.com\/fr\/wp-json\/wp\/v2\/product"}],"about":[{"href":"https:\/\/www.diet-horizon.com\/fr\/wp-json\/wp\/v2\/types\/product"}],"version-history":[{"count":2,"href":"https:\/\/www.diet-horizon.com\/fr\/wp-json\/wp\/v2\/product\/7428\/revisions"}],"predecessor-version":[{"id":7545,"href":"https:\/\/www.diet-horizon.com\/fr\/wp-json\/wp\/v2\/product\/7428\/revisions\/7545"}],"wp:featuredmedia":[{"embeddable":true,"href":"https:\/\/www.diet-horizon.com\/fr\/wp-json\/wp\/v2\/media\/8910"}],"wp:attachment":[{"href":"https:\/\/www.diet-horizon.com\/fr\/wp-json\/wp\/v2\/media?parent=7428"}],"wp:term":[{"taxonomy":"product_cat","embeddable":true,"href":"https:\/\/www.diet-horizon.com\/fr\/wp-json\/wp\/v2\/product_cat?post=7428"},{"taxonomy":"product_tag","embeddable":true,"href":"https:\/\/www.diet-horizon.com\/fr\/wp-json\/wp\/v2\/product_tag?post=7428"}],"curies":[{"name":"wp","href":"https:\/\/api.w.org\/{rel}","templated":true}]}}