{"id":7421,"date":"2021-12-21T14:14:15","date_gmt":"2021-12-21T14:14:15","guid":{"rendered":"https:\/\/www.diet-horizon.com\/fr\/?post_type=product&#038;p=7421"},"modified":"2023-01-16T13:11:04","modified_gmt":"2023-01-16T13:11:04","slug":"nutrizen","status":"publish","type":"product","link":"https:\/\/www.diet-horizon.com\/fr\/produits\/nutrizen\/","title":{"rendered":"Nutrizen"},"content":{"rendered":"<p>Diet Horizon vous propose NUTRIZEN, une formule compl\u00e8te \u00e0 base de Schizandra et Eleutherocoque, plantes traditionnellement reconnues comme adaptog\u00e8nes, de vitamines et de min\u00e9raux.<br \/>\nNUTRIZEN contient du magn\u00e9sium, des vitamines B6 et B12 qui contribuent au fonctionnement normal du syst\u00e8me nerveux et \u00e0 r\u00e9duire la fatigue. Il contient aussi de la Grande Camomille qui contribue \u00e0 la relaxation mentale et du Basilic Sacr\u00e9.<\/p>\n<p>Compl\u00e9ment alimentaire \u00e0 base de pr\u00e9parations de plantes, de vitamines, de min\u00e9raux et substances \u00e0 but nutritionnel ou physiologique.<\/p>\n","protected":false},"excerpt":{"rendered":"<p><strong>Stress ? fatigue ?<\/strong><\/p>\n<p>NUTRIZEN contient notamment du magn\u00e9sium, des vitamines B6 et B12 qui contribuent au fonctionnement normal du syst\u00e8me nerveux et \u00e0 r\u00e9duire la fatigue.<\/p>\n<p>NUTRIZEN est une formule compl\u00e8te de pr\u00e9parations de plantes, de vitamines et de min\u00e9raux.<\/p>\n<p>60 comprim\u00e9s<\/p>\n","protected":false},"featured_media":8602,"template":"","meta":{"site-sidebar-layout":"","site-content-layout":"","ast-site-content-layout":"default","site-content-style":"default","site-sidebar-style":"default","ast-global-header-display":"","ast-banner-title-visibility":"","ast-main-header-display":"","ast-hfb-above-header-display":"","ast-hfb-below-header-display":"","ast-hfb-mobile-header-display":"","site-post-title":"","ast-breadcrumbs-content":"","ast-featured-img":"","footer-sml-layout":"","ast-disable-related-posts":"","theme-transparent-header-meta":"","adv-header-id-meta":"","stick-header-meta":"","header-above-stick-meta":"","header-main-stick-meta":"","header-below-stick-meta":"","astra-migrate-meta-layouts":"default","ast-page-background-enabled":"default","ast-page-background-meta":{"desktop":{"background-color":"var(--ast-global-color-4)","background-image":"","background-repeat":"repeat","background-position":"center center","background-size":"auto","background-attachment":"scroll","background-type":"","background-media":"","overlay-type":"","overlay-color":"","overlay-opacity":"","overlay-gradient":""},"tablet":{"background-color":"","background-image":"","background-repeat":"repeat","background-position":"center center","background-size":"auto","background-attachment":"scroll","background-type":"","background-media":"","overlay-type":"","overlay-color":"","overlay-opacity":"","overlay-gradient":""},"mobile":{"background-color":"","background-image":"","background-repeat":"repeat","background-position":"center center","background-size":"auto","background-attachment":"scroll","background-type":"","background-media":"","overlay-type":"","overlay-color":"","overlay-opacity":"","overlay-gradient":""}},"ast-content-background-meta":{"desktop":{"background-color":"var(--ast-global-color-5)","background-image":"","background-repeat":"repeat","background-position":"center center","background-size":"auto","background-attachment":"scroll","background-type":"","background-media":"","overlay-type":"","overlay-color":"","overlay-opacity":"","overlay-gradient":""},"tablet":{"background-color":"var(--ast-global-color-5)","background-image":"","background-repeat":"repeat","background-position":"center center","background-size":"auto","background-attachment":"scroll","background-type":"","background-media":"","overlay-type":"","overlay-color":"","overlay-opacity":"","overlay-gradient":""},"mobile":{"background-color":"var(--ast-global-color-5)","background-image":"","background-repeat":"repeat","background-position":"center center","background-size":"auto","background-attachment":"scroll","background-type":"","background-media":"","overlay-type":"","overlay-color":"","overlay-opacity":"","overlay-gradient":""}}},"product_cat":[68],"product_tag":[],"class_list":["post-7421","product","type-product","status-publish","has-post-thumbnail","hentry","product_cat-stress-anxiete","desktop-align-left","tablet-align-left","mobile-align-left"],"_links":{"self":[{"href":"https:\/\/www.diet-horizon.com\/fr\/wp-json\/wp\/v2\/product\/7421","targetHints":{"allow":["GET"]}}],"collection":[{"href":"https:\/\/www.diet-horizon.com\/fr\/wp-json\/wp\/v2\/product"}],"about":[{"href":"https:\/\/www.diet-horizon.com\/fr\/wp-json\/wp\/v2\/types\/product"}],"version-history":[{"count":2,"href":"https:\/\/www.diet-horizon.com\/fr\/wp-json\/wp\/v2\/product\/7421\/revisions"}],"predecessor-version":[{"id":7546,"href":"https:\/\/www.diet-horizon.com\/fr\/wp-json\/wp\/v2\/product\/7421\/revisions\/7546"}],"wp:featuredmedia":[{"embeddable":true,"href":"https:\/\/www.diet-horizon.com\/fr\/wp-json\/wp\/v2\/media\/8602"}],"wp:attachment":[{"href":"https:\/\/www.diet-horizon.com\/fr\/wp-json\/wp\/v2\/media?parent=7421"}],"wp:term":[{"taxonomy":"product_cat","embeddable":true,"href":"https:\/\/www.diet-horizon.com\/fr\/wp-json\/wp\/v2\/product_cat?post=7421"},{"taxonomy":"product_tag","embeddable":true,"href":"https:\/\/www.diet-horizon.com\/fr\/wp-json\/wp\/v2\/product_tag?post=7421"}],"curies":[{"name":"wp","href":"https:\/\/api.w.org\/{rel}","templated":true}]}}