{"id":7400,"date":"2021-12-21T14:14:15","date_gmt":"2021-12-21T14:14:15","guid":{"rendered":"https:\/\/www.diet-horizon.com\/fr\/?post_type=product&#038;p=7400"},"modified":"2023-02-15T13:08:23","modified_gmt":"2023-02-15T13:08:23","slug":"total-vision","status":"publish","type":"product","link":"https:\/\/www.diet-horizon.com\/fr\/produits\/total-vision\/","title":{"rendered":"Total Vision"},"content":{"rendered":"<p>La vision peut-\u00eatre perturb\u00e9e par des facteurs externes tels que les \u00e9crans&#8230;<br \/>\nDiet Horizon vous propose TOTAL VISION pour maintenir une vision normale, gr\u00e2ce \u00e0 la pr\u00e9sence de Vitamine A. Il s&#8217;agit d&#8217;une formule compl\u00e8te \u00e0 base de Mytrille, d&#8217;Astaxanthine, de Z\u00e9axanthine et de Lut\u00e9ine Floragio brevet\u00e9e.<br \/>\nTOTAL VISION contient aussi de la vitamine C et du Zinc qui contribuent \u00e0 prot\u00e9ger les cellules contre le stress oxydatif, du Lycop\u00e8ne, de la Querc\u00e9tine et de la Taurine, l&#8217;acide amin\u00e9 le plus abondant de la r\u00e9tine.<\/p>\n<p>Compl\u00e9ment alimentaire \u00e0 base de pr\u00e9parations de plantes, vitamines, min\u00e9raux, substances \u00e0 but nutritionnel ou physiologique, huile de poisson et algue <em>Haematococcus pluvialis<\/em>.<\/p>\n","protected":false},"excerpt":{"rendered":"<p><strong>Vous souhaitez pr\u00e9server votre vision ?<\/strong><\/p>\n<p>TOTAL VISION, complexe \u00e0 base de Vitamine A et de Zinc, qui contribuent au maintien d&#8217;une vision normale.<br \/>\nTOTAL VISION est une formule compl\u00e8te \u00e0 base de pr\u00e9parations de plantes, de vitamines, de min\u00e9raux et d&#8217;huile de poisson.<\/p>\n<p>30 comprim\u00e9s<\/p>\n","protected":false},"featured_media":8599,"template":"","meta":{"site-sidebar-layout":"default","site-content-layout":"default","ast-site-content-layout":"default","site-content-style":"default","site-sidebar-style":"default","ast-global-header-display":"","ast-banner-title-visibility":"","ast-main-header-display":"","ast-hfb-above-header-display":"","ast-hfb-below-header-display":"","ast-hfb-mobile-header-display":"","site-post-title":"","ast-breadcrumbs-content":"","ast-featured-img":"","footer-sml-layout":"","ast-disable-related-posts":"","theme-transparent-header-meta":"default","adv-header-id-meta":"","stick-header-meta":"","header-above-stick-meta":"","header-main-stick-meta":"","header-below-stick-meta":"","astra-migrate-meta-layouts":"default","ast-page-background-enabled":"default","ast-page-background-meta":{"desktop":{"background-color":"var(--ast-global-color-4)","background-image":"","background-repeat":"repeat","background-position":"center center","background-size":"auto","background-attachment":"scroll","background-type":"","background-media":"","overlay-type":"","overlay-color":"","overlay-opacity":"","overlay-gradient":""},"tablet":{"background-color":"","background-image":"","background-repeat":"repeat","background-position":"center center","background-size":"auto","background-attachment":"scroll","background-type":"","background-media":"","overlay-type":"","overlay-color":"","overlay-opacity":"","overlay-gradient":""},"mobile":{"background-color":"","background-image":"","background-repeat":"repeat","background-position":"center center","background-size":"auto","background-attachment":"scroll","background-type":"","background-media":"","overlay-type":"","overlay-color":"","overlay-opacity":"","overlay-gradient":""}},"ast-content-background-meta":{"desktop":{"background-color":"var(--ast-global-color-5)","background-image":"","background-repeat":"repeat","background-position":"center center","background-size":"auto","background-attachment":"scroll","background-type":"","background-media":"","overlay-type":"","overlay-color":"","overlay-opacity":"","overlay-gradient":""},"tablet":{"background-color":"var(--ast-global-color-5)","background-image":"","background-repeat":"repeat","background-position":"center center","background-size":"auto","background-attachment":"scroll","background-type":"","background-media":"","overlay-type":"","overlay-color":"","overlay-opacity":"","overlay-gradient":""},"mobile":{"background-color":"var(--ast-global-color-5)","background-image":"","background-repeat":"repeat","background-position":"center center","background-size":"auto","background-attachment":"scroll","background-type":"","background-media":"","overlay-type":"","overlay-color":"","overlay-opacity":"","overlay-gradient":""}}},"product_cat":[67],"product_tag":[],"class_list":["post-7400","product","type-product","status-publish","has-post-thumbnail","hentry","product_cat-vision-cerebral","desktop-align-left","tablet-align-left","mobile-align-left"],"_links":{"self":[{"href":"https:\/\/www.diet-horizon.com\/fr\/wp-json\/wp\/v2\/product\/7400","targetHints":{"allow":["GET"]}}],"collection":[{"href":"https:\/\/www.diet-horizon.com\/fr\/wp-json\/wp\/v2\/product"}],"about":[{"href":"https:\/\/www.diet-horizon.com\/fr\/wp-json\/wp\/v2\/types\/product"}],"version-history":[{"count":5,"href":"https:\/\/www.diet-horizon.com\/fr\/wp-json\/wp\/v2\/product\/7400\/revisions"}],"predecessor-version":[{"id":8667,"href":"https:\/\/www.diet-horizon.com\/fr\/wp-json\/wp\/v2\/product\/7400\/revisions\/8667"}],"wp:featuredmedia":[{"embeddable":true,"href":"https:\/\/www.diet-horizon.com\/fr\/wp-json\/wp\/v2\/media\/8599"}],"wp:attachment":[{"href":"https:\/\/www.diet-horizon.com\/fr\/wp-json\/wp\/v2\/media?parent=7400"}],"wp:term":[{"taxonomy":"product_cat","embeddable":true,"href":"https:\/\/www.diet-horizon.com\/fr\/wp-json\/wp\/v2\/product_cat?post=7400"},{"taxonomy":"product_tag","embeddable":true,"href":"https:\/\/www.diet-horizon.com\/fr\/wp-json\/wp\/v2\/product_tag?post=7400"}],"curies":[{"name":"wp","href":"https:\/\/api.w.org\/{rel}","templated":true}]}}