{"id":7393,"date":"2021-12-21T14:14:15","date_gmt":"2021-12-21T14:14:15","guid":{"rendered":"https:\/\/www.diet-horizon.com\/fr\/?post_type=product&#038;p=7393"},"modified":"2023-11-07T13:25:28","modified_gmt":"2023-11-07T13:25:28","slug":"luteine","status":"publish","type":"product","link":"https:\/\/www.diet-horizon.com\/fr\/produits\/luteine\/","title":{"rendered":"Luteine"},"content":{"rendered":"<p>La Lut\u00e9ine est un pigment que l&#8217;on trouve naturellement chez l&#8217;homme et en grande quantit\u00e9 dans l&#8217;oeil.<br \/>\nAvec l&#8217;\u00e2ge, cette concentration a tendance \u00e0 diminuer.<br \/>\nDe plus, l&#8217;exposition solaire peut contribuer \u00e0 cette diminution.<br \/>\nDiet Horizon vous propose LUT\u00c9INE, une formule concentr\u00e9e en Lut\u00e9ine Floragio brevet\u00e9e et en Z\u00e9axanthine. La Lut\u00e9ine est pr\u00e9sente sous forme libre pour une meilleure assimilation compar\u00e9e \u00e0 la lut\u00e9ine sous forme est\u00e9rifi\u00e9e.<\/p>\n<p>Compl\u00e9ment alimentaire \u00e0 base de lut\u00e9ine et z\u00e9axanthine.<\/p>\n","protected":false},"excerpt":{"rendered":"<p><strong>Signes de l&#8217;\u00e2ge, exposition au soleil qui atteignent votre vision ?<\/strong><\/p>\n<p>LUTEINE est un compl\u00e9ment alimentaire concentr\u00e9 en Lut\u00e9ine Floragio brevet\u00e9e (forme libre pour une meilleure assimilation) et en Z\u00e9axanthine.<\/p>\n<p>La Lut\u00e9ine est un pigment naturellement pr\u00e9sent chez l&#8217;homme notamment dans l&#8217;oeil.<\/p>\n<p>60 capsules<\/p>\n","protected":false},"featured_media":8854,"template":"","meta":{"site-sidebar-layout":"default","site-content-layout":"","ast-site-content-layout":"default","site-content-style":"default","site-sidebar-style":"default","ast-global-header-display":"","ast-banner-title-visibility":"","ast-main-header-display":"","ast-hfb-above-header-display":"","ast-hfb-below-header-display":"","ast-hfb-mobile-header-display":"","site-post-title":"","ast-breadcrumbs-content":"","ast-featured-img":"","footer-sml-layout":"","ast-disable-related-posts":"","theme-transparent-header-meta":"default","adv-header-id-meta":"","stick-header-meta":"","header-above-stick-meta":"","header-main-stick-meta":"","header-below-stick-meta":"","astra-migrate-meta-layouts":"set","ast-page-background-enabled":"default","ast-page-background-meta":{"desktop":{"background-color":"var(--ast-global-color-4)","background-image":"","background-repeat":"repeat","background-position":"center center","background-size":"auto","background-attachment":"scroll","background-type":"","background-media":"","overlay-type":"","overlay-color":"","overlay-opacity":"","overlay-gradient":""},"tablet":{"background-color":"","background-image":"","background-repeat":"repeat","background-position":"center center","background-size":"auto","background-attachment":"scroll","background-type":"","background-media":"","overlay-type":"","overlay-color":"","overlay-opacity":"","overlay-gradient":""},"mobile":{"background-color":"","background-image":"","background-repeat":"repeat","background-position":"center center","background-size":"auto","background-attachment":"scroll","background-type":"","background-media":"","overlay-type":"","overlay-color":"","overlay-opacity":"","overlay-gradient":""}},"ast-content-background-meta":{"desktop":{"background-color":"var(--ast-global-color-5)","background-image":"","background-repeat":"repeat","background-position":"center center","background-size":"auto","background-attachment":"scroll","background-type":"","background-media":"","overlay-type":"","overlay-color":"","overlay-opacity":"","overlay-gradient":""},"tablet":{"background-color":"var(--ast-global-color-5)","background-image":"","background-repeat":"repeat","background-position":"center center","background-size":"auto","background-attachment":"scroll","background-type":"","background-media":"","overlay-type":"","overlay-color":"","overlay-opacity":"","overlay-gradient":""},"mobile":{"background-color":"var(--ast-global-color-5)","background-image":"","background-repeat":"repeat","background-position":"center center","background-size":"auto","background-attachment":"scroll","background-type":"","background-media":"","overlay-type":"","overlay-color":"","overlay-opacity":"","overlay-gradient":""}}},"product_cat":[67],"product_tag":[],"class_list":["post-7393","product","type-product","status-publish","has-post-thumbnail","hentry","product_cat-vision-cerebral","desktop-align-left","tablet-align-left","mobile-align-left"],"_links":{"self":[{"href":"https:\/\/www.diet-horizon.com\/fr\/wp-json\/wp\/v2\/product\/7393","targetHints":{"allow":["GET"]}}],"collection":[{"href":"https:\/\/www.diet-horizon.com\/fr\/wp-json\/wp\/v2\/product"}],"about":[{"href":"https:\/\/www.diet-horizon.com\/fr\/wp-json\/wp\/v2\/types\/product"}],"version-history":[{"count":3,"href":"https:\/\/www.diet-horizon.com\/fr\/wp-json\/wp\/v2\/product\/7393\/revisions"}],"predecessor-version":[{"id":8855,"href":"https:\/\/www.diet-horizon.com\/fr\/wp-json\/wp\/v2\/product\/7393\/revisions\/8855"}],"wp:featuredmedia":[{"embeddable":true,"href":"https:\/\/www.diet-horizon.com\/fr\/wp-json\/wp\/v2\/media\/8854"}],"wp:attachment":[{"href":"https:\/\/www.diet-horizon.com\/fr\/wp-json\/wp\/v2\/media?parent=7393"}],"wp:term":[{"taxonomy":"product_cat","embeddable":true,"href":"https:\/\/www.diet-horizon.com\/fr\/wp-json\/wp\/v2\/product_cat?post=7393"},{"taxonomy":"product_tag","embeddable":true,"href":"https:\/\/www.diet-horizon.com\/fr\/wp-json\/wp\/v2\/product_tag?post=7393"}],"curies":[{"name":"wp","href":"https:\/\/api.w.org\/{rel}","templated":true}]}}