{"id":7386,"date":"2021-12-21T14:14:15","date_gmt":"2021-12-21T14:14:15","guid":{"rendered":"https:\/\/www.diet-horizon.com\/fr\/?post_type=product&#038;p=7386"},"modified":"2023-01-16T13:10:39","modified_gmt":"2023-01-16T13:10:39","slug":"dha-1000","status":"publish","type":"product","link":"https:\/\/www.diet-horizon.com\/fr\/produits\/dha-1000\/","title":{"rendered":"DHA 1000"},"content":{"rendered":"<p>Diet Horizon vous propose DHA 1000, une formule \u00e0 base d&#8217;huile de poisson hautement purifi\u00e9e et nettoy\u00e9e au maximum des m\u00e9taux lourds.<br \/>\nLa posologie permet un apport journalier de 1000 mg de DHA, acide gras polyinsatur\u00e9 faisant partie de la famille des Om\u00e9ga 3, qui contribue au fonctionnement normal du cerveau et au maintien de la vision.<br \/>\nL&#8217;effet b\u00e9n\u00e9fique est obtenu par la consommation journali\u00e8re de 250 mg de DHA.<\/p>\n<p>Compl\u00e9ment alimentaire \u00e0 base d&#8217;huile de poisson.<\/p>\n","protected":false},"excerpt":{"rendered":"<p><strong>Envie de maintenir ses performances mentales et visuelles ?<\/strong><\/p>\n<p>DHA 1000, un compl\u00e9ment alimentaire \u00e0 base d&#8217;om\u00e9ga 3 qui contribue au fonctionnement normal du cerveau et au maintien d&#8217;une vision normale.<br \/>\nL&#8217;effet b\u00e9n\u00e9fique est obtenu par la consommation journali\u00e8re de 250 mg de DHA<\/p>\n<p>60 capsules<\/p>\n","protected":false},"featured_media":8597,"template":"","meta":{"site-sidebar-layout":"","site-content-layout":"","ast-site-content-layout":"default","site-content-style":"default","site-sidebar-style":"default","ast-global-header-display":"","ast-banner-title-visibility":"","ast-main-header-display":"","ast-hfb-above-header-display":"","ast-hfb-below-header-display":"","ast-hfb-mobile-header-display":"","site-post-title":"","ast-breadcrumbs-content":"","ast-featured-img":"","footer-sml-layout":"","ast-disable-related-posts":"","theme-transparent-header-meta":"","adv-header-id-meta":"","stick-header-meta":"","header-above-stick-meta":"","header-main-stick-meta":"","header-below-stick-meta":"","astra-migrate-meta-layouts":"default","ast-page-background-enabled":"default","ast-page-background-meta":{"desktop":{"background-color":"var(--ast-global-color-4)","background-image":"","background-repeat":"repeat","background-position":"center center","background-size":"auto","background-attachment":"scroll","background-type":"","background-media":"","overlay-type":"","overlay-color":"","overlay-opacity":"","overlay-gradient":""},"tablet":{"background-color":"","background-image":"","background-repeat":"repeat","background-position":"center center","background-size":"auto","background-attachment":"scroll","background-type":"","background-media":"","overlay-type":"","overlay-color":"","overlay-opacity":"","overlay-gradient":""},"mobile":{"background-color":"","background-image":"","background-repeat":"repeat","background-position":"center center","background-size":"auto","background-attachment":"scroll","background-type":"","background-media":"","overlay-type":"","overlay-color":"","overlay-opacity":"","overlay-gradient":""}},"ast-content-background-meta":{"desktop":{"background-color":"var(--ast-global-color-5)","background-image":"","background-repeat":"repeat","background-position":"center center","background-size":"auto","background-attachment":"scroll","background-type":"","background-media":"","overlay-type":"","overlay-color":"","overlay-opacity":"","overlay-gradient":""},"tablet":{"background-color":"var(--ast-global-color-5)","background-image":"","background-repeat":"repeat","background-position":"center center","background-size":"auto","background-attachment":"scroll","background-type":"","background-media":"","overlay-type":"","overlay-color":"","overlay-opacity":"","overlay-gradient":""},"mobile":{"background-color":"var(--ast-global-color-5)","background-image":"","background-repeat":"repeat","background-position":"center center","background-size":"auto","background-attachment":"scroll","background-type":"","background-media":"","overlay-type":"","overlay-color":"","overlay-opacity":"","overlay-gradient":""}}},"product_cat":[67],"product_tag":[],"class_list":["post-7386","product","type-product","status-publish","has-post-thumbnail","hentry","product_cat-vision-cerebral","desktop-align-left","tablet-align-left","mobile-align-left"],"_links":{"self":[{"href":"https:\/\/www.diet-horizon.com\/fr\/wp-json\/wp\/v2\/product\/7386","targetHints":{"allow":["GET"]}}],"collection":[{"href":"https:\/\/www.diet-horizon.com\/fr\/wp-json\/wp\/v2\/product"}],"about":[{"href":"https:\/\/www.diet-horizon.com\/fr\/wp-json\/wp\/v2\/types\/product"}],"version-history":[{"count":3,"href":"https:\/\/www.diet-horizon.com\/fr\/wp-json\/wp\/v2\/product\/7386\/revisions"}],"predecessor-version":[{"id":7717,"href":"https:\/\/www.diet-horizon.com\/fr\/wp-json\/wp\/v2\/product\/7386\/revisions\/7717"}],"wp:featuredmedia":[{"embeddable":true,"href":"https:\/\/www.diet-horizon.com\/fr\/wp-json\/wp\/v2\/media\/8597"}],"wp:attachment":[{"href":"https:\/\/www.diet-horizon.com\/fr\/wp-json\/wp\/v2\/media?parent=7386"}],"wp:term":[{"taxonomy":"product_cat","embeddable":true,"href":"https:\/\/www.diet-horizon.com\/fr\/wp-json\/wp\/v2\/product_cat?post=7386"},{"taxonomy":"product_tag","embeddable":true,"href":"https:\/\/www.diet-horizon.com\/fr\/wp-json\/wp\/v2\/product_tag?post=7386"}],"curies":[{"name":"wp","href":"https:\/\/api.w.org\/{rel}","templated":true}]}}