{"id":7337,"date":"2021-12-21T14:11:52","date_gmt":"2021-12-21T14:11:52","guid":{"rendered":"https:\/\/www.diet-horizon.com\/fr\/?post_type=product&#038;p=7337"},"modified":"2023-04-28T13:03:49","modified_gmt":"2023-04-28T13:03:49","slug":"prosta-force","status":"publish","type":"product","link":"https:\/\/www.diet-horizon.com\/fr\/produits\/prosta-force\/","title":{"rendered":"Prosta Force"},"content":{"rendered":"<p>Diet Horizon vous propose PROSTA FORCE, une formule compl\u00e8te \u00e0 base de Prunier d&#8217;Afrique qui maintient la prostate en bonne sant\u00e9 et participe au confort urinaire.<br \/>\nPROSTA FORCE contient \u00e9galement du Palmier nain et de l&#8217;Ortie qui aident \u00e0 maintenir une fonction urinaire normale chez l&#8217;homme et du Zinc qui maintient un taux normal de testost\u00e9rone dans le sang.<\/p>\n<p>Compl\u00e9ment alimentaire \u00e0 base de pr\u00e9paration de plantes, champignon, min\u00e9raux et substances \u00e0 but nutritionnel ou physiologique.<\/p>\n","protected":false},"excerpt":{"rendered":"<p><strong>Maintien du syst\u00e8me urinaire masculin<\/strong><\/p>\n<p>PROSTA FORCE est une formule compl\u00e8te pour maintenir la prostate en bonne sant\u00e9 et participe au confort urinaire gr\u00e2ce \u00e0 la pr\u00e9sence de Prunier d&#8217;Afrique.<\/p>\n<p>60 comprim\u00e9s<\/p>\n<p>Pour consulter notre leaflet sur la sant\u00e9 sexuelle <strong><a href=\"https:\/\/heyzine.com\/flip-book\/62218def32.html#page\/1\">cliquez ici<\/a><\/strong>.<\/p>\n","protected":false},"featured_media":8592,"template":"","meta":{"site-sidebar-layout":"default","site-content-layout":"default","ast-site-content-layout":"default","site-content-style":"default","site-sidebar-style":"default","ast-global-header-display":"","ast-banner-title-visibility":"","ast-main-header-display":"","ast-hfb-above-header-display":"","ast-hfb-below-header-display":"","ast-hfb-mobile-header-display":"","site-post-title":"","ast-breadcrumbs-content":"","ast-featured-img":"","footer-sml-layout":"","ast-disable-related-posts":"","theme-transparent-header-meta":"default","adv-header-id-meta":"","stick-header-meta":"","header-above-stick-meta":"","header-main-stick-meta":"","header-below-stick-meta":"","astra-migrate-meta-layouts":"default","ast-page-background-enabled":"default","ast-page-background-meta":{"desktop":{"background-color":"var(--ast-global-color-4)","background-image":"","background-repeat":"repeat","background-position":"center center","background-size":"auto","background-attachment":"scroll","background-type":"","background-media":"","overlay-type":"","overlay-color":"","overlay-opacity":"","overlay-gradient":""},"tablet":{"background-color":"","background-image":"","background-repeat":"repeat","background-position":"center center","background-size":"auto","background-attachment":"scroll","background-type":"","background-media":"","overlay-type":"","overlay-color":"","overlay-opacity":"","overlay-gradient":""},"mobile":{"background-color":"","background-image":"","background-repeat":"repeat","background-position":"center center","background-size":"auto","background-attachment":"scroll","background-type":"","background-media":"","overlay-type":"","overlay-color":"","overlay-opacity":"","overlay-gradient":""}},"ast-content-background-meta":{"desktop":{"background-color":"var(--ast-global-color-5)","background-image":"","background-repeat":"repeat","background-position":"center center","background-size":"auto","background-attachment":"scroll","background-type":"","background-media":"","overlay-type":"","overlay-color":"","overlay-opacity":"","overlay-gradient":""},"tablet":{"background-color":"var(--ast-global-color-5)","background-image":"","background-repeat":"repeat","background-position":"center center","background-size":"auto","background-attachment":"scroll","background-type":"","background-media":"","overlay-type":"","overlay-color":"","overlay-opacity":"","overlay-gradient":""},"mobile":{"background-color":"var(--ast-global-color-5)","background-image":"","background-repeat":"repeat","background-position":"center center","background-size":"auto","background-attachment":"scroll","background-type":"","background-media":"","overlay-type":"","overlay-color":"","overlay-opacity":"","overlay-gradient":""}}},"product_cat":[65],"product_tag":[],"class_list":["post-7337","product","type-product","status-publish","has-post-thumbnail","hentry","product_cat-confort-urinaire","desktop-align-left","tablet-align-left","mobile-align-left"],"_links":{"self":[{"href":"https:\/\/www.diet-horizon.com\/fr\/wp-json\/wp\/v2\/product\/7337","targetHints":{"allow":["GET"]}}],"collection":[{"href":"https:\/\/www.diet-horizon.com\/fr\/wp-json\/wp\/v2\/product"}],"about":[{"href":"https:\/\/www.diet-horizon.com\/fr\/wp-json\/wp\/v2\/types\/product"}],"version-history":[{"count":7,"href":"https:\/\/www.diet-horizon.com\/fr\/wp-json\/wp\/v2\/product\/7337\/revisions"}],"predecessor-version":[{"id":8711,"href":"https:\/\/www.diet-horizon.com\/fr\/wp-json\/wp\/v2\/product\/7337\/revisions\/8711"}],"wp:featuredmedia":[{"embeddable":true,"href":"https:\/\/www.diet-horizon.com\/fr\/wp-json\/wp\/v2\/media\/8592"}],"wp:attachment":[{"href":"https:\/\/www.diet-horizon.com\/fr\/wp-json\/wp\/v2\/media?parent=7337"}],"wp:term":[{"taxonomy":"product_cat","embeddable":true,"href":"https:\/\/www.diet-horizon.com\/fr\/wp-json\/wp\/v2\/product_cat?post=7337"},{"taxonomy":"product_tag","embeddable":true,"href":"https:\/\/www.diet-horizon.com\/fr\/wp-json\/wp\/v2\/product_tag?post=7337"}],"curies":[{"name":"wp","href":"https:\/\/api.w.org\/{rel}","templated":true}]}}