{"id":7330,"date":"2021-12-21T14:11:51","date_gmt":"2021-12-21T14:11:51","guid":{"rendered":"https:\/\/www.diet-horizon.com\/fr\/?post_type=product&#038;p=7330"},"modified":"2025-08-29T09:15:12","modified_gmt":"2025-08-29T09:15:12","slug":"menopause","status":"publish","type":"product","link":"https:\/\/www.diet-horizon.com\/fr\/produits\/menopause\/","title":{"rendered":"M\u00e9nopause"},"content":{"rendered":"<p>Diet Horizon vous propose M\u00c9NOPAUSE pour aider \u00e0 r\u00e9duire les effets ind\u00e9sirables de la m\u00e9nopause gr\u00e2ce \u00e0 sa formule compl\u00e8te \u00e0 base de pr\u00e9parations de plantes telles que :<\/p>\n<ul>\n<li>La sauge qui contribue au confort et au bien-\u00eatre au cours de la m\u00e9nopause notamment en aidant \u00e0 diminuer les sueurs nocturnes.<\/li>\n<\/ul>\n<p>M\u00c9NOPAUSE est \u00e9galement source de vitamines et min\u00e9raux tels que le Zinc, la vitamine D et le Calcium qui contribuent au maintien d&#8217;une ossature normale.<\/p>\n<p>Compl\u00e9ment alimentaire \u00e0 base de pr\u00e9parations de plantes, min\u00e9raux, vitamines et acide alpha-lipo\u00efque.<\/p>\n","protected":false},"excerpt":{"rendered":"<p><strong>Sueurs nocturnes et autres sympt\u00f4mes de la m\u00e9nopause ?<\/strong><\/p>\n<p>M\u00c9NOPAUSE contribue au confort lors de la m\u00e9nopause et aide \u00e0 diminuer les sueurs nocturnes gr\u00e2ce \u00e0 la pr\u00e9sence de Sauge.<\/p>\n<p>M\u00c9NOPAUSE est une formule compl\u00e8te de pr\u00e9parations de plantes, de min\u00e9raux, de vitamines et d&#8217;acide alpha-lipo\u00efque.<\/p>\n<p>60 comprim\u00e9s<\/p>\n","protected":false},"featured_media":8900,"template":"","meta":{"site-sidebar-layout":"default","site-content-layout":"default","ast-site-content-layout":"default","site-content-style":"default","site-sidebar-style":"default","ast-global-header-display":"","ast-banner-title-visibility":"","ast-main-header-display":"","ast-hfb-above-header-display":"","ast-hfb-below-header-display":"","ast-hfb-mobile-header-display":"","site-post-title":"","ast-breadcrumbs-content":"","ast-featured-img":"","footer-sml-layout":"","ast-disable-related-posts":"","theme-transparent-header-meta":"default","adv-header-id-meta":"","stick-header-meta":"","header-above-stick-meta":"","header-main-stick-meta":"","header-below-stick-meta":"","astra-migrate-meta-layouts":"set","ast-page-background-enabled":"default","ast-page-background-meta":{"desktop":{"background-color":"var(--ast-global-color-4)","background-image":"","background-repeat":"repeat","background-position":"center center","background-size":"auto","background-attachment":"scroll","background-type":"","background-media":"","overlay-type":"","overlay-color":"","overlay-opacity":"","overlay-gradient":""},"tablet":{"background-color":"","background-image":"","background-repeat":"repeat","background-position":"center center","background-size":"auto","background-attachment":"scroll","background-type":"","background-media":"","overlay-type":"","overlay-color":"","overlay-opacity":"","overlay-gradient":""},"mobile":{"background-color":"","background-image":"","background-repeat":"repeat","background-position":"center center","background-size":"auto","background-attachment":"scroll","background-type":"","background-media":"","overlay-type":"","overlay-color":"","overlay-opacity":"","overlay-gradient":""}},"ast-content-background-meta":{"desktop":{"background-color":"var(--ast-global-color-5)","background-image":"","background-repeat":"repeat","background-position":"center center","background-size":"auto","background-attachment":"scroll","background-type":"","background-media":"","overlay-type":"","overlay-color":"","overlay-opacity":"","overlay-gradient":""},"tablet":{"background-color":"var(--ast-global-color-5)","background-image":"","background-repeat":"repeat","background-position":"center center","background-size":"auto","background-attachment":"scroll","background-type":"","background-media":"","overlay-type":"","overlay-color":"","overlay-opacity":"","overlay-gradient":""},"mobile":{"background-color":"var(--ast-global-color-5)","background-image":"","background-repeat":"repeat","background-position":"center center","background-size":"auto","background-attachment":"scroll","background-type":"","background-media":"","overlay-type":"","overlay-color":"","overlay-opacity":"","overlay-gradient":""}}},"product_cat":[64],"product_tag":[],"class_list":["post-7330","product","type-product","status-publish","has-post-thumbnail","hentry","product_cat-equilibre-feminin","desktop-align-left","tablet-align-left","mobile-align-left"],"_links":{"self":[{"href":"https:\/\/www.diet-horizon.com\/fr\/wp-json\/wp\/v2\/product\/7330","targetHints":{"allow":["GET"]}}],"collection":[{"href":"https:\/\/www.diet-horizon.com\/fr\/wp-json\/wp\/v2\/product"}],"about":[{"href":"https:\/\/www.diet-horizon.com\/fr\/wp-json\/wp\/v2\/types\/product"}],"version-history":[{"count":11,"href":"https:\/\/www.diet-horizon.com\/fr\/wp-json\/wp\/v2\/product\/7330\/revisions"}],"predecessor-version":[{"id":8991,"href":"https:\/\/www.diet-horizon.com\/fr\/wp-json\/wp\/v2\/product\/7330\/revisions\/8991"}],"wp:featuredmedia":[{"embeddable":true,"href":"https:\/\/www.diet-horizon.com\/fr\/wp-json\/wp\/v2\/media\/8900"}],"wp:attachment":[{"href":"https:\/\/www.diet-horizon.com\/fr\/wp-json\/wp\/v2\/media?parent=7330"}],"wp:term":[{"taxonomy":"product_cat","embeddable":true,"href":"https:\/\/www.diet-horizon.com\/fr\/wp-json\/wp\/v2\/product_cat?post=7330"},{"taxonomy":"product_tag","embeddable":true,"href":"https:\/\/www.diet-horizon.com\/fr\/wp-json\/wp\/v2\/product_tag?post=7330"}],"curies":[{"name":"wp","href":"https:\/\/api.w.org\/{rel}","templated":true}]}}