{"id":7317,"date":"2021-12-21T14:11:51","date_gmt":"2021-12-21T14:11:51","guid":{"rendered":"https:\/\/www.diet-horizon.com\/fr\/?post_type=product&#038;p=7317"},"modified":"2023-05-02T14:13:22","modified_gmt":"2023-05-02T14:13:22","slug":"draineur-5-emonctoires-bio","status":"publish","type":"product","link":"https:\/\/www.diet-horizon.com\/fr\/produits\/draineur-5-emonctoires-bio\/","title":{"rendered":"Draineur 5 Emonctoires Bio"},"content":{"rendered":"<p>Les m\u00e9taux lourds et les toxines, malgr\u00e9 la connaissance de leurs effets n\u00e9fastes sur l&#8217;organisme, sont pr\u00e9sents un peu partout dans notre quotidien. Il est donc important de les \u00e9liminer de notre corps avec soin.<\/p>\n<p>Pour contribuer \u00e0 cela Diet Horizon vous propose DRAINEUR 5 EMONCTOIRES BIO, une formule compl\u00e8te qui d\u00e9toxifie et draine, gr\u00e2ce \u00e0 la Chlorelle* associ\u00e9 aux bienfaits d&#8217;extraits de plantes et des bourgeons (dont le Sureau*, le Pissenlit, le Fenouil*, la Guimauve, le Ch\u00e2taignier, le Cassis, le Figuier) ainsi que de jeunes pousses de Romarin et de la S\u00e8ve de Bouleau.<\/p>\n<p>Le draineur Bio agit sur les 5 \u00e9monctoires que sont : les reins, la peau, les poumons, le foie et les intestins.<\/p>\n<p>*Le Sureau contribue \u00e0 soutenir le drainage et l&#8217;\u00e9limination r\u00e9nale de l&#8217;eau.<br \/>\nLe Fenouil aide au soutien de l&#8217;\u00e9limination urinaire et du drainage.<\/p>\n<p>Compl\u00e9ment alimentaire \u00e0 base de pr\u00e9parations de plantes.<\/p>\n","protected":false},"excerpt":{"rendered":"<p><strong>Besoin d&#8217;\u00e9liminer naturellement les toxines et m\u00e9taux lourds pr\u00e9sents dans votre organisme ?<\/strong><\/p>\n<p>DRAINEUR 5 EMONCTOIRES BIO, d\u00e9toxifie et draine, une formule compl\u00e8te qui contient de la Chlorella pour \u00e9liminer les m\u00e9taux lourds et les toxines.<\/p>\n<p>Bouteille de 500mL<\/p>\n","protected":false},"featured_media":8589,"template":"","meta":{"site-sidebar-layout":"default","site-content-layout":"default","ast-site-content-layout":"default","site-content-style":"default","site-sidebar-style":"default","ast-global-header-display":"","ast-banner-title-visibility":"","ast-main-header-display":"","ast-hfb-above-header-display":"","ast-hfb-below-header-display":"","ast-hfb-mobile-header-display":"","site-post-title":"","ast-breadcrumbs-content":"","ast-featured-img":"","footer-sml-layout":"","ast-disable-related-posts":"","theme-transparent-header-meta":"default","adv-header-id-meta":"","stick-header-meta":"","header-above-stick-meta":"","header-main-stick-meta":"","header-below-stick-meta":"","astra-migrate-meta-layouts":"default","ast-page-background-enabled":"default","ast-page-background-meta":{"desktop":{"background-color":"var(--ast-global-color-4)","background-image":"","background-repeat":"repeat","background-position":"center center","background-size":"auto","background-attachment":"scroll","background-type":"","background-media":"","overlay-type":"","overlay-color":"","overlay-opacity":"","overlay-gradient":""},"tablet":{"background-color":"","background-image":"","background-repeat":"repeat","background-position":"center center","background-size":"auto","background-attachment":"scroll","background-type":"","background-media":"","overlay-type":"","overlay-color":"","overlay-opacity":"","overlay-gradient":""},"mobile":{"background-color":"","background-image":"","background-repeat":"repeat","background-position":"center center","background-size":"auto","background-attachment":"scroll","background-type":"","background-media":"","overlay-type":"","overlay-color":"","overlay-opacity":"","overlay-gradient":""}},"ast-content-background-meta":{"desktop":{"background-color":"var(--ast-global-color-5)","background-image":"","background-repeat":"repeat","background-position":"center center","background-size":"auto","background-attachment":"scroll","background-type":"","background-media":"","overlay-type":"","overlay-color":"","overlay-opacity":"","overlay-gradient":""},"tablet":{"background-color":"var(--ast-global-color-5)","background-image":"","background-repeat":"repeat","background-position":"center center","background-size":"auto","background-attachment":"scroll","background-type":"","background-media":"","overlay-type":"","overlay-color":"","overlay-opacity":"","overlay-gradient":""},"mobile":{"background-color":"var(--ast-global-color-5)","background-image":"","background-repeat":"repeat","background-position":"center center","background-size":"auto","background-attachment":"scroll","background-type":"","background-media":"","overlay-type":"","overlay-color":"","overlay-opacity":"","overlay-gradient":""}}},"product_cat":[63],"product_tag":[],"class_list":["post-7317","product","type-product","status-publish","has-post-thumbnail","hentry","product_cat-confort-interieur","desktop-align-left","tablet-align-left","mobile-align-left"],"_links":{"self":[{"href":"https:\/\/www.diet-horizon.com\/fr\/wp-json\/wp\/v2\/product\/7317","targetHints":{"allow":["GET"]}}],"collection":[{"href":"https:\/\/www.diet-horizon.com\/fr\/wp-json\/wp\/v2\/product"}],"about":[{"href":"https:\/\/www.diet-horizon.com\/fr\/wp-json\/wp\/v2\/types\/product"}],"version-history":[{"count":2,"href":"https:\/\/www.diet-horizon.com\/fr\/wp-json\/wp\/v2\/product\/7317\/revisions"}],"predecessor-version":[{"id":7561,"href":"https:\/\/www.diet-horizon.com\/fr\/wp-json\/wp\/v2\/product\/7317\/revisions\/7561"}],"wp:featuredmedia":[{"embeddable":true,"href":"https:\/\/www.diet-horizon.com\/fr\/wp-json\/wp\/v2\/media\/8589"}],"wp:attachment":[{"href":"https:\/\/www.diet-horizon.com\/fr\/wp-json\/wp\/v2\/media?parent=7317"}],"wp:term":[{"taxonomy":"product_cat","embeddable":true,"href":"https:\/\/www.diet-horizon.com\/fr\/wp-json\/wp\/v2\/product_cat?post=7317"},{"taxonomy":"product_tag","embeddable":true,"href":"https:\/\/www.diet-horizon.com\/fr\/wp-json\/wp\/v2\/product_tag?post=7317"}],"curies":[{"name":"wp","href":"https:\/\/api.w.org\/{rel}","templated":true}]}}