{"id":7310,"date":"2021-12-21T14:11:51","date_gmt":"2021-12-21T14:11:51","guid":{"rendered":"https:\/\/www.diet-horizon.com\/fr\/?post_type=product&#038;p=7310"},"modified":"2023-08-28T14:49:55","modified_gmt":"2023-08-28T14:49:55","slug":"total-nutriments","status":"publish","type":"product","link":"https:\/\/www.diet-horizon.com\/fr\/produits\/total-nutriments\/","title":{"rendered":"Total Nutriments"},"content":{"rendered":"<p>Diet Horizon vous propose TOTAL NUTRIMENTS, un complexe multivitamines coupl\u00e9 \u00e0 un m\u00e9lange de fruits et l\u00e9gumes et \u00e0 des min\u00e9raux qui contribue \u00e0 un m\u00e9tabolisme \u00e9nerg\u00e9tique normal.<\/p>\n<p>TOTAL NUTRIMENTS contient notamment du Zinc, du Fer et des Vitamines (C, B3, B5, B6, B9, B12) qui contribuent \u00e0 r\u00e9duire la fatigue ainsi que du S\u00e9l\u00e9nium, du Cuivre qui contribuent au fonctionnement normal du syst\u00e8me immunitaire.<\/p>\n<p>Compl\u00e9ment alimentaire \u00e0 base de vitamines, min\u00e9raux, pr\u00e9parations \u00e0 base de plantes, substances \u00e0 but nutritionnel ou physiologique et microorganisme.<\/p>\n<p>Pour consulter notre leaflet sur l&#8217;immunit\u00e9, <strong><a href=\"https:\/\/heyzine.com\/flip-book\/d66d7a3fa8.html#page\/1\">cliquez ici<\/a><\/strong>.<\/p>\n","protected":false},"excerpt":{"rendered":"<p><strong>Fatigue ? Baisse d&#8217;\u00e9nergie ?<\/strong><\/p>\n<p>TOTAL NUTRIMENTS est une formule compl\u00e8te de 7 pr\u00e9parations de fruits et de l\u00e9gumes, 19 vitamines et min\u00e9raux et de 6 pr\u00e9parations de plantes pour le soutien global de l&#8217;organisme.<\/p>\n<p>30 comprim\u00e9s<\/p>\n","protected":false},"featured_media":8732,"template":"","meta":{"site-sidebar-layout":"default","site-content-layout":"default","ast-site-content-layout":"default","site-content-style":"default","site-sidebar-style":"default","ast-global-header-display":"","ast-banner-title-visibility":"","ast-main-header-display":"","ast-hfb-above-header-display":"","ast-hfb-below-header-display":"","ast-hfb-mobile-header-display":"","site-post-title":"","ast-breadcrumbs-content":"","ast-featured-img":"","footer-sml-layout":"","ast-disable-related-posts":"","theme-transparent-header-meta":"default","adv-header-id-meta":"","stick-header-meta":"","header-above-stick-meta":"","header-main-stick-meta":"","header-below-stick-meta":"","astra-migrate-meta-layouts":"set","ast-page-background-enabled":"default","ast-page-background-meta":{"desktop":{"background-color":"var(--ast-global-color-4)","background-image":"","background-repeat":"repeat","background-position":"center center","background-size":"auto","background-attachment":"scroll","background-type":"","background-media":"","overlay-type":"","overlay-color":"","overlay-opacity":"","overlay-gradient":""},"tablet":{"background-color":"","background-image":"","background-repeat":"repeat","background-position":"center center","background-size":"auto","background-attachment":"scroll","background-type":"","background-media":"","overlay-type":"","overlay-color":"","overlay-opacity":"","overlay-gradient":""},"mobile":{"background-color":"","background-image":"","background-repeat":"repeat","background-position":"center center","background-size":"auto","background-attachment":"scroll","background-type":"","background-media":"","overlay-type":"","overlay-color":"","overlay-opacity":"","overlay-gradient":""}},"ast-content-background-meta":{"desktop":{"background-color":"var(--ast-global-color-5)","background-image":"","background-repeat":"repeat","background-position":"center center","background-size":"auto","background-attachment":"scroll","background-type":"","background-media":"","overlay-type":"","overlay-color":"","overlay-opacity":"","overlay-gradient":""},"tablet":{"background-color":"var(--ast-global-color-5)","background-image":"","background-repeat":"repeat","background-position":"center center","background-size":"auto","background-attachment":"scroll","background-type":"","background-media":"","overlay-type":"","overlay-color":"","overlay-opacity":"","overlay-gradient":""},"mobile":{"background-color":"var(--ast-global-color-5)","background-image":"","background-repeat":"repeat","background-position":"center center","background-size":"auto","background-attachment":"scroll","background-type":"","background-media":"","overlay-type":"","overlay-color":"","overlay-opacity":"","overlay-gradient":""}}},"product_cat":[62],"product_tag":[],"class_list":["post-7310","product","type-product","status-publish","has-post-thumbnail","hentry","product_cat-tonus-et-vitalite","desktop-align-left","tablet-align-left","mobile-align-left"],"_links":{"self":[{"href":"https:\/\/www.diet-horizon.com\/fr\/wp-json\/wp\/v2\/product\/7310","targetHints":{"allow":["GET"]}}],"collection":[{"href":"https:\/\/www.diet-horizon.com\/fr\/wp-json\/wp\/v2\/product"}],"about":[{"href":"https:\/\/www.diet-horizon.com\/fr\/wp-json\/wp\/v2\/types\/product"}],"version-history":[{"count":3,"href":"https:\/\/www.diet-horizon.com\/fr\/wp-json\/wp\/v2\/product\/7310\/revisions"}],"predecessor-version":[{"id":8773,"href":"https:\/\/www.diet-horizon.com\/fr\/wp-json\/wp\/v2\/product\/7310\/revisions\/8773"}],"wp:featuredmedia":[{"embeddable":true,"href":"https:\/\/www.diet-horizon.com\/fr\/wp-json\/wp\/v2\/media\/8732"}],"wp:attachment":[{"href":"https:\/\/www.diet-horizon.com\/fr\/wp-json\/wp\/v2\/media?parent=7310"}],"wp:term":[{"taxonomy":"product_cat","embeddable":true,"href":"https:\/\/www.diet-horizon.com\/fr\/wp-json\/wp\/v2\/product_cat?post=7310"},{"taxonomy":"product_tag","embeddable":true,"href":"https:\/\/www.diet-horizon.com\/fr\/wp-json\/wp\/v2\/product_tag?post=7310"}],"curies":[{"name":"wp","href":"https:\/\/api.w.org\/{rel}","templated":true}]}}