{"id":7297,"date":"2021-12-21T14:11:51","date_gmt":"2021-12-21T14:11:51","guid":{"rendered":"https:\/\/www.diet-horizon.com\/fr\/?post_type=product&#038;p=7297"},"modified":"2024-09-17T12:55:31","modified_gmt":"2024-09-17T12:55:31","slug":"ginseng-gelee-royale-bio","status":"publish","type":"product","link":"https:\/\/www.diet-horizon.com\/fr\/produits\/ginseng-gelee-royale-bio\/","title":{"rendered":"Ginseng Gelee Royale Bio"},"content":{"rendered":"<p>Diet Horizon vous propose GINSENG GELEE ROYALE, l&#8217;alliance du Ginseng Rouge de 6 ans d&#8217;\u00e2ge et de la Gel\u00e9e Royale pour maintenir tonus et vitalit\u00e9.<br \/>\nLe Ginseng est \u00e9galement reconnu pour contribuer au bon fonctionnement de syst\u00e8me immunitaire et soutenir l&#8217;organisme pendant les p\u00e9riodes de fatigue et de stress.<\/p>\n<p>Compl\u00e9ment alimentaire \u00e0 base de pr\u00e9parations de plantes et gel\u00e9e royale.<\/p>\n<p>Pour consulter notre leaflet sur l&#8217;immunit\u00e9, <strong><a href=\"https:\/\/heyzine.com\/flip-book\/d66d7a3fa8.html#page\/1\">cliquez ici<\/a><\/strong>.<\/p>\n","protected":false},"excerpt":{"rendered":"<p><strong>Manque de vitalit\u00e9 ?<\/strong><\/p>\n<p>GINSENG GEL\u00c9E ROYALE contribue au tonus et \u00e0 la vitalit\u00e9 de l&#8217;organisme gr\u00e2ce \u00e0 la pr\u00e9sence de Ginseng. GINSENG GEL\u00c9E ROYALE est une formule compl\u00e8te de pr\u00e9parations de plantes et de gel\u00e9e royale.<\/p>\n<p>20 ampoules de 10mL<\/p>\n","protected":false},"featured_media":8911,"template":"","meta":{"site-sidebar-layout":"default","site-content-layout":"","ast-site-content-layout":"default","site-content-style":"default","site-sidebar-style":"default","ast-global-header-display":"","ast-banner-title-visibility":"","ast-main-header-display":"","ast-hfb-above-header-display":"","ast-hfb-below-header-display":"","ast-hfb-mobile-header-display":"","site-post-title":"","ast-breadcrumbs-content":"","ast-featured-img":"","footer-sml-layout":"","ast-disable-related-posts":"","theme-transparent-header-meta":"default","adv-header-id-meta":"","stick-header-meta":"","header-above-stick-meta":"","header-main-stick-meta":"","header-below-stick-meta":"","astra-migrate-meta-layouts":"set","ast-page-background-enabled":"default","ast-page-background-meta":{"desktop":{"background-color":"var(--ast-global-color-4)","background-image":"","background-repeat":"repeat","background-position":"center center","background-size":"auto","background-attachment":"scroll","background-type":"","background-media":"","overlay-type":"","overlay-color":"","overlay-opacity":"","overlay-gradient":""},"tablet":{"background-color":"","background-image":"","background-repeat":"repeat","background-position":"center center","background-size":"auto","background-attachment":"scroll","background-type":"","background-media":"","overlay-type":"","overlay-color":"","overlay-opacity":"","overlay-gradient":""},"mobile":{"background-color":"","background-image":"","background-repeat":"repeat","background-position":"center center","background-size":"auto","background-attachment":"scroll","background-type":"","background-media":"","overlay-type":"","overlay-color":"","overlay-opacity":"","overlay-gradient":""}},"ast-content-background-meta":{"desktop":{"background-color":"var(--ast-global-color-5)","background-image":"","background-repeat":"repeat","background-position":"center center","background-size":"auto","background-attachment":"scroll","background-type":"","background-media":"","overlay-type":"","overlay-color":"","overlay-opacity":"","overlay-gradient":""},"tablet":{"background-color":"var(--ast-global-color-5)","background-image":"","background-repeat":"repeat","background-position":"center center","background-size":"auto","background-attachment":"scroll","background-type":"","background-media":"","overlay-type":"","overlay-color":"","overlay-opacity":"","overlay-gradient":""},"mobile":{"background-color":"var(--ast-global-color-5)","background-image":"","background-repeat":"repeat","background-position":"center center","background-size":"auto","background-attachment":"scroll","background-type":"","background-media":"","overlay-type":"","overlay-color":"","overlay-opacity":"","overlay-gradient":""}}},"product_cat":[62],"product_tag":[],"class_list":["post-7297","product","type-product","status-publish","has-post-thumbnail","hentry","product_cat-tonus-et-vitalite","desktop-align-left","tablet-align-left","mobile-align-left"],"_links":{"self":[{"href":"https:\/\/www.diet-horizon.com\/fr\/wp-json\/wp\/v2\/product\/7297","targetHints":{"allow":["GET"]}}],"collection":[{"href":"https:\/\/www.diet-horizon.com\/fr\/wp-json\/wp\/v2\/product"}],"about":[{"href":"https:\/\/www.diet-horizon.com\/fr\/wp-json\/wp\/v2\/types\/product"}],"version-history":[{"count":3,"href":"https:\/\/www.diet-horizon.com\/fr\/wp-json\/wp\/v2\/product\/7297\/revisions"}],"predecessor-version":[{"id":8776,"href":"https:\/\/www.diet-horizon.com\/fr\/wp-json\/wp\/v2\/product\/7297\/revisions\/8776"}],"wp:featuredmedia":[{"embeddable":true,"href":"https:\/\/www.diet-horizon.com\/fr\/wp-json\/wp\/v2\/media\/8911"}],"wp:attachment":[{"href":"https:\/\/www.diet-horizon.com\/fr\/wp-json\/wp\/v2\/media?parent=7297"}],"wp:term":[{"taxonomy":"product_cat","embeddable":true,"href":"https:\/\/www.diet-horizon.com\/fr\/wp-json\/wp\/v2\/product_cat?post=7297"},{"taxonomy":"product_tag","embeddable":true,"href":"https:\/\/www.diet-horizon.com\/fr\/wp-json\/wp\/v2\/product_tag?post=7297"}],"curies":[{"name":"wp","href":"https:\/\/api.w.org\/{rel}","templated":true}]}}