{"id":7290,"date":"2021-12-21T14:11:51","date_gmt":"2021-12-21T14:11:51","guid":{"rendered":"https:\/\/www.diet-horizon.com\/fr\/?post_type=product&#038;p=7290"},"modified":"2023-06-06T11:58:34","modified_gmt":"2023-06-06T11:58:34","slug":"rapidtonic","status":"publish","type":"product","link":"https:\/\/www.diet-horizon.com\/fr\/produits\/rapidtonic\/","title":{"rendered":"Rapid&#8217;tonic"},"content":{"rendered":"<p>Diet Horizon vous propose RAPID&#8217;TONIC, une formule compl\u00e8te \u00e0 base de Guarana qui permet d&#8217;am\u00e9liorer l&#8217;attention et de r\u00e9duire la fatigue.<br \/>\nRAPID&#8217;TONIC contient \u00e9galement du Magn\u00e9sium, qui contribue \u00e0 une fonction musculaire et une synth\u00e8se prot\u00e9ique normales, et de la vitamine C, qui aide au fonctionnement normal du syst\u00e8me immunitaire.<br \/>\nLe Magn\u00e9sium et la Vitamine C contribuent aussi \u00e0 un m\u00e9tabolisme \u00e9nerg\u00e9tique normal, \u00e0 r\u00e9duire la fatigue, \u00e0 des fonctions psychologiques normales et au fonctionnement normal du syst\u00e8me nerveux.<\/p>\n<p>Compl\u00e9ment alimentaire \u00e0 base de pr\u00e9parations de plantes, de vitamine C, de magn\u00e9sium et de subtances \u00e0 but nutritionnel ou physiologique.<br \/>\nContient de la caf\u00e9ine (99mg\/j), d\u00e9conseill\u00e9 aux enfants de moins de 12 ans et aux femmes enceintes.<\/p>\n","protected":false},"excerpt":{"rendered":"<p><strong>Manque d&#8217;attention ? fatigue ?<\/strong><\/p>\n<p>RAPID&#8217;TONIC contribue \u00e0 l&#8217;attention et \u00e0 la r\u00e9duction de la fatigue gr\u00e2ce \u00e0 la pr\u00e9sence de Guarana et de Yerba Mat\u00e9.<\/p>\n<p>RAPID&#8217;TONIC est une formule compl\u00e8te de pr\u00e9parations de plantes, de vitamine C et Magn\u00e9sium.<\/p>\n<p>40 comprim\u00e9s &#8211; Poids net : 48,6g<\/p>\n","protected":false},"featured_media":8728,"template":"","meta":{"site-sidebar-layout":"default","site-content-layout":"default","ast-site-content-layout":"default","site-content-style":"default","site-sidebar-style":"default","ast-global-header-display":"","ast-banner-title-visibility":"","ast-main-header-display":"","ast-hfb-above-header-display":"","ast-hfb-below-header-display":"","ast-hfb-mobile-header-display":"","site-post-title":"","ast-breadcrumbs-content":"","ast-featured-img":"","footer-sml-layout":"","ast-disable-related-posts":"","theme-transparent-header-meta":"default","adv-header-id-meta":"","stick-header-meta":"","header-above-stick-meta":"","header-main-stick-meta":"","header-below-stick-meta":"","astra-migrate-meta-layouts":"default","ast-page-background-enabled":"default","ast-page-background-meta":{"desktop":{"background-color":"var(--ast-global-color-4)","background-image":"","background-repeat":"repeat","background-position":"center center","background-size":"auto","background-attachment":"scroll","background-type":"","background-media":"","overlay-type":"","overlay-color":"","overlay-opacity":"","overlay-gradient":""},"tablet":{"background-color":"","background-image":"","background-repeat":"repeat","background-position":"center center","background-size":"auto","background-attachment":"scroll","background-type":"","background-media":"","overlay-type":"","overlay-color":"","overlay-opacity":"","overlay-gradient":""},"mobile":{"background-color":"","background-image":"","background-repeat":"repeat","background-position":"center center","background-size":"auto","background-attachment":"scroll","background-type":"","background-media":"","overlay-type":"","overlay-color":"","overlay-opacity":"","overlay-gradient":""}},"ast-content-background-meta":{"desktop":{"background-color":"var(--ast-global-color-5)","background-image":"","background-repeat":"repeat","background-position":"center center","background-size":"auto","background-attachment":"scroll","background-type":"","background-media":"","overlay-type":"","overlay-color":"","overlay-opacity":"","overlay-gradient":""},"tablet":{"background-color":"var(--ast-global-color-5)","background-image":"","background-repeat":"repeat","background-position":"center center","background-size":"auto","background-attachment":"scroll","background-type":"","background-media":"","overlay-type":"","overlay-color":"","overlay-opacity":"","overlay-gradient":""},"mobile":{"background-color":"var(--ast-global-color-5)","background-image":"","background-repeat":"repeat","background-position":"center center","background-size":"auto","background-attachment":"scroll","background-type":"","background-media":"","overlay-type":"","overlay-color":"","overlay-opacity":"","overlay-gradient":""}}},"product_cat":[62],"product_tag":[],"class_list":["post-7290","product","type-product","status-publish","has-post-thumbnail","hentry","product_cat-tonus-et-vitalite","desktop-align-left","tablet-align-left","mobile-align-left"],"_links":{"self":[{"href":"https:\/\/www.diet-horizon.com\/fr\/wp-json\/wp\/v2\/product\/7290","targetHints":{"allow":["GET"]}}],"collection":[{"href":"https:\/\/www.diet-horizon.com\/fr\/wp-json\/wp\/v2\/product"}],"about":[{"href":"https:\/\/www.diet-horizon.com\/fr\/wp-json\/wp\/v2\/types\/product"}],"version-history":[{"count":2,"href":"https:\/\/www.diet-horizon.com\/fr\/wp-json\/wp\/v2\/product\/7290\/revisions"}],"predecessor-version":[{"id":7565,"href":"https:\/\/www.diet-horizon.com\/fr\/wp-json\/wp\/v2\/product\/7290\/revisions\/7565"}],"wp:featuredmedia":[{"embeddable":true,"href":"https:\/\/www.diet-horizon.com\/fr\/wp-json\/wp\/v2\/media\/8728"}],"wp:attachment":[{"href":"https:\/\/www.diet-horizon.com\/fr\/wp-json\/wp\/v2\/media?parent=7290"}],"wp:term":[{"taxonomy":"product_cat","embeddable":true,"href":"https:\/\/www.diet-horizon.com\/fr\/wp-json\/wp\/v2\/product_cat?post=7290"},{"taxonomy":"product_tag","embeddable":true,"href":"https:\/\/www.diet-horizon.com\/fr\/wp-json\/wp\/v2\/product_tag?post=7290"}],"curies":[{"name":"wp","href":"https:\/\/api.w.org\/{rel}","templated":true}]}}