{"id":7259,"date":"2021-12-21T14:11:50","date_gmt":"2021-12-21T14:11:50","guid":{"rendered":"https:\/\/www.diet-horizon.com\/fr\/?post_type=product&#038;p=7259"},"modified":"2023-01-16T13:09:23","modified_gmt":"2023-01-16T13:09:23","slug":"glucophyt","status":"publish","type":"product","link":"https:\/\/www.diet-horizon.com\/fr\/produits\/glucophyt\/","title":{"rendered":"Gluco&#8217;phyt"},"content":{"rendered":"<p>Diet Horizon vous propose GLUCO&#8217;PHYT, l&#8217;une des formules les plus compl\u00e8tes du march\u00e9. GLUCO&#8217;PHYT est compos\u00e9 de 4 extraits de plantes et 4 min\u00e9raux dont le Chrome et le Zinc qui contribuent au maintien d&#8217;une glyc\u00e9mie normale.<\/p>\n<p>Compl\u00e9ment alimentaire \u00e0 base de pr\u00e9parations de plantes, min\u00e9raux et substances \u00e0 but nutritionnel ou physiologique.<\/p>\n","protected":false},"excerpt":{"rendered":"<p><strong>Maintenir une glyc\u00e9mie normale ?<\/strong><\/p>\n<p>GLUCO&#8217;PHYT est l&#8217;une des formules les plus compl\u00e8tes du march\u00e9 qui contribue au maintien d&#8217;une glyc\u00e9mie normale notamment gr\u00e2ce \u00e0 la pr\u00e9sence de Chrome et de Zinc.<\/p>\n<p>60 comprim\u00e9s<\/p>\n","protected":false},"featured_media":8582,"template":"","meta":{"site-sidebar-layout":"","site-content-layout":"","ast-site-content-layout":"default","site-content-style":"default","site-sidebar-style":"default","ast-global-header-display":"","ast-banner-title-visibility":"","ast-main-header-display":"","ast-hfb-above-header-display":"","ast-hfb-below-header-display":"","ast-hfb-mobile-header-display":"","site-post-title":"","ast-breadcrumbs-content":"","ast-featured-img":"","footer-sml-layout":"","ast-disable-related-posts":"","theme-transparent-header-meta":"","adv-header-id-meta":"","stick-header-meta":"","header-above-stick-meta":"","header-main-stick-meta":"","header-below-stick-meta":"","astra-migrate-meta-layouts":"default","ast-page-background-enabled":"default","ast-page-background-meta":{"desktop":{"background-color":"var(--ast-global-color-4)","background-image":"","background-repeat":"repeat","background-position":"center center","background-size":"auto","background-attachment":"scroll","background-type":"","background-media":"","overlay-type":"","overlay-color":"","overlay-opacity":"","overlay-gradient":""},"tablet":{"background-color":"","background-image":"","background-repeat":"repeat","background-position":"center center","background-size":"auto","background-attachment":"scroll","background-type":"","background-media":"","overlay-type":"","overlay-color":"","overlay-opacity":"","overlay-gradient":""},"mobile":{"background-color":"","background-image":"","background-repeat":"repeat","background-position":"center center","background-size":"auto","background-attachment":"scroll","background-type":"","background-media":"","overlay-type":"","overlay-color":"","overlay-opacity":"","overlay-gradient":""}},"ast-content-background-meta":{"desktop":{"background-color":"var(--ast-global-color-5)","background-image":"","background-repeat":"repeat","background-position":"center center","background-size":"auto","background-attachment":"scroll","background-type":"","background-media":"","overlay-type":"","overlay-color":"","overlay-opacity":"","overlay-gradient":""},"tablet":{"background-color":"var(--ast-global-color-5)","background-image":"","background-repeat":"repeat","background-position":"center center","background-size":"auto","background-attachment":"scroll","background-type":"","background-media":"","overlay-type":"","overlay-color":"","overlay-opacity":"","overlay-gradient":""},"mobile":{"background-color":"var(--ast-global-color-5)","background-image":"","background-repeat":"repeat","background-position":"center center","background-size":"auto","background-attachment":"scroll","background-type":"","background-media":"","overlay-type":"","overlay-color":"","overlay-opacity":"","overlay-gradient":""}}},"product_cat":[61],"product_tag":[],"class_list":["post-7259","product","type-product","status-publish","has-post-thumbnail","hentry","product_cat-equilibre-cardiovasculaire","desktop-align-left","tablet-align-left","mobile-align-left"],"_links":{"self":[{"href":"https:\/\/www.diet-horizon.com\/fr\/wp-json\/wp\/v2\/product\/7259","targetHints":{"allow":["GET"]}}],"collection":[{"href":"https:\/\/www.diet-horizon.com\/fr\/wp-json\/wp\/v2\/product"}],"about":[{"href":"https:\/\/www.diet-horizon.com\/fr\/wp-json\/wp\/v2\/types\/product"}],"version-history":[{"count":4,"href":"https:\/\/www.diet-horizon.com\/fr\/wp-json\/wp\/v2\/product\/7259\/revisions"}],"predecessor-version":[{"id":7704,"href":"https:\/\/www.diet-horizon.com\/fr\/wp-json\/wp\/v2\/product\/7259\/revisions\/7704"}],"wp:featuredmedia":[{"embeddable":true,"href":"https:\/\/www.diet-horizon.com\/fr\/wp-json\/wp\/v2\/media\/8582"}],"wp:attachment":[{"href":"https:\/\/www.diet-horizon.com\/fr\/wp-json\/wp\/v2\/media?parent=7259"}],"wp:term":[{"taxonomy":"product_cat","embeddable":true,"href":"https:\/\/www.diet-horizon.com\/fr\/wp-json\/wp\/v2\/product_cat?post=7259"},{"taxonomy":"product_tag","embeddable":true,"href":"https:\/\/www.diet-horizon.com\/fr\/wp-json\/wp\/v2\/product_tag?post=7259"}],"curies":[{"name":"wp","href":"https:\/\/api.w.org\/{rel}","templated":true}]}}