{"id":7252,"date":"2021-12-21T14:11:50","date_gmt":"2021-12-21T14:11:50","guid":{"rendered":"https:\/\/www.diet-horizon.com\/fr\/?post_type=product&#038;p=7252"},"modified":"2025-04-15T09:58:57","modified_gmt":"2025-04-15T09:58:57","slug":"levure-de-riz-rouge","status":"publish","type":"product","link":"https:\/\/www.diet-horizon.com\/fr\/produits\/levure-de-riz-rouge\/","title":{"rendered":"Levure De Riz Rouge &#038; Artichaut"},"content":{"rendered":"<p>Diet Horizon vous propose <strong>LEVURE DE RIZ ROUGE &amp; ARTICHAUT<\/strong>, un compl\u00e9ment alimentaire \u00e0 base d&#8217;Artichaut qui contribue au maintien d&#8217;un niveau normal de lipides sanguins tels que le cholest\u00e9rol.<br \/>\nLEVURE DE RIZ ROUGE &amp; ARTICHAUT contient \u00e9galement de <strong>la vitamine E qui contribue \u00e0 prot\u00e9ger les cellules contre le stress oxydatif, des vitamines B6, B9 et B12 qui contribuent au m\u00e9tabolisme normal de l&#8217;homocyst\u00e9ine. <\/strong>Et pour compl\u00e9ter la formule : des<strong> policosanols, coenzyme Q10 et de la levure de riz rouge tit\u00e9e \u00e0 2,9mg de monacolines (dose journali\u00e8re).<\/strong><\/p>\n<p><em>Compl\u00e9ment alimentaire \u00e0 base de microorganisme, pr\u00e9paration de plantes, vitamines et substances \u00e0 but nutritionnel ou physiologique.<\/em><\/p>\n","protected":false},"excerpt":{"rendered":"<p><strong>Maintenir un taux de cholest\u00e9rol normal ?<br \/>\n<\/strong><br \/>\nLEVURE DE RIZ ROUGE &amp; ARTICHAUT vous apporte une f<strong>ormule compl\u00e8te<\/strong> \u00e0 base d&#8217;Artichaut qui <strong>contribue au maintien d&#8217;un niveau normal de lipides sanguins tels que le cholest\u00e9rol.<\/strong><\/p>\n<p>60 comprim\u00e9s<\/p>\n<p>&nbsp;<\/p>\n","protected":false},"featured_media":8972,"template":"","meta":{"site-sidebar-layout":"default","site-content-layout":"","ast-site-content-layout":"default","site-content-style":"default","site-sidebar-style":"default","ast-global-header-display":"","ast-banner-title-visibility":"","ast-main-header-display":"","ast-hfb-above-header-display":"","ast-hfb-below-header-display":"","ast-hfb-mobile-header-display":"","site-post-title":"","ast-breadcrumbs-content":"","ast-featured-img":"","footer-sml-layout":"","ast-disable-related-posts":"","theme-transparent-header-meta":"default","adv-header-id-meta":"","stick-header-meta":"","header-above-stick-meta":"","header-main-stick-meta":"","header-below-stick-meta":"","astra-migrate-meta-layouts":"set","ast-page-background-enabled":"default","ast-page-background-meta":{"desktop":{"background-color":"var(--ast-global-color-4)","background-image":"","background-repeat":"repeat","background-position":"center center","background-size":"auto","background-attachment":"scroll","background-type":"","background-media":"","overlay-type":"","overlay-color":"","overlay-opacity":"","overlay-gradient":""},"tablet":{"background-color":"","background-image":"","background-repeat":"repeat","background-position":"center center","background-size":"auto","background-attachment":"scroll","background-type":"","background-media":"","overlay-type":"","overlay-color":"","overlay-opacity":"","overlay-gradient":""},"mobile":{"background-color":"","background-image":"","background-repeat":"repeat","background-position":"center center","background-size":"auto","background-attachment":"scroll","background-type":"","background-media":"","overlay-type":"","overlay-color":"","overlay-opacity":"","overlay-gradient":""}},"ast-content-background-meta":{"desktop":{"background-color":"var(--ast-global-color-5)","background-image":"","background-repeat":"repeat","background-position":"center center","background-size":"auto","background-attachment":"scroll","background-type":"","background-media":"","overlay-type":"","overlay-color":"","overlay-opacity":"","overlay-gradient":""},"tablet":{"background-color":"var(--ast-global-color-5)","background-image":"","background-repeat":"repeat","background-position":"center center","background-size":"auto","background-attachment":"scroll","background-type":"","background-media":"","overlay-type":"","overlay-color":"","overlay-opacity":"","overlay-gradient":""},"mobile":{"background-color":"var(--ast-global-color-5)","background-image":"","background-repeat":"repeat","background-position":"center center","background-size":"auto","background-attachment":"scroll","background-type":"","background-media":"","overlay-type":"","overlay-color":"","overlay-opacity":"","overlay-gradient":""}}},"product_cat":[61],"product_tag":[],"class_list":["post-7252","product","type-product","status-publish","has-post-thumbnail","hentry","product_cat-equilibre-cardiovasculaire","desktop-align-left","tablet-align-left","mobile-align-left"],"_links":{"self":[{"href":"https:\/\/www.diet-horizon.com\/fr\/wp-json\/wp\/v2\/product\/7252","targetHints":{"allow":["GET"]}}],"collection":[{"href":"https:\/\/www.diet-horizon.com\/fr\/wp-json\/wp\/v2\/product"}],"about":[{"href":"https:\/\/www.diet-horizon.com\/fr\/wp-json\/wp\/v2\/types\/product"}],"version-history":[{"count":6,"href":"https:\/\/www.diet-horizon.com\/fr\/wp-json\/wp\/v2\/product\/7252\/revisions"}],"predecessor-version":[{"id":8134,"href":"https:\/\/www.diet-horizon.com\/fr\/wp-json\/wp\/v2\/product\/7252\/revisions\/8134"}],"wp:featuredmedia":[{"embeddable":true,"href":"https:\/\/www.diet-horizon.com\/fr\/wp-json\/wp\/v2\/media\/8972"}],"wp:attachment":[{"href":"https:\/\/www.diet-horizon.com\/fr\/wp-json\/wp\/v2\/media?parent=7252"}],"wp:term":[{"taxonomy":"product_cat","embeddable":true,"href":"https:\/\/www.diet-horizon.com\/fr\/wp-json\/wp\/v2\/product_cat?post=7252"},{"taxonomy":"product_tag","embeddable":true,"href":"https:\/\/www.diet-horizon.com\/fr\/wp-json\/wp\/v2\/product_tag?post=7252"}],"curies":[{"name":"wp","href":"https:\/\/api.w.org\/{rel}","templated":true}]}}