{"id":7238,"date":"2021-12-21T14:11:51","date_gmt":"2021-12-21T14:11:51","guid":{"rendered":"https:\/\/www.diet-horizon.com\/fr\/?post_type=product&#038;p=7238"},"modified":"2023-01-16T13:09:03","modified_gmt":"2023-01-16T13:09:03","slug":"coenzyme-q10","status":"publish","type":"product","link":"https:\/\/www.diet-horizon.com\/fr\/produits\/coenzyme-q10\/","title":{"rendered":"Coenzyme Q10"},"content":{"rendered":"<p>Diet Horizon vous propose COENZYME Q10, un compl\u00e9ment alimentaire \u00e0 base de Coenzyme Q10 sous forme huileuse pour une meilleure assimilation\u00b9, dos\u00e9e \u00e0 100 mg d\u2019ubiquinone pour une capsule. La capsule et les ingr\u00e9dients supports sont 100 % d&#8217;origine v\u00e9g\u00e9tale.<\/p>\n<p>Compl\u00e9ment alimentaire \u00e0 base de Coenzyme Q10.<\/p>\n<p>\u00b9 Weis M.Mortensen SA, Rassing MR, et al. Bioavailability of four oral coenzyme Q10 formulations i healthy volunteers. Mol Aspects Med 1994; 15:s273-80. Singh,R .B., Niaz,M .A., Kumar, A., Sindberg, C. D., Mooesgaard, S., and Litarru, G. P. Effect on absorption and oxidative stress of different oral Coenzyme Q10 dosages and intake strategy in healhty men. Biofactors 2005;25(1-4):219-224.<\/p>\n","protected":false},"excerpt":{"rendered":"<p><strong>Besoin de COENZYME Q10 ?<\/strong><\/p>\n<p>COENZYME Q10 vous apporte un antioxydant sous forme huileuse pour une meilleure assimilation.<br \/>\n60 capsules<\/p>\n<p>&nbsp;<\/p>\n","protected":false},"featured_media":8578,"template":"","meta":{"site-sidebar-layout":"","site-content-layout":"","ast-site-content-layout":"default","site-content-style":"default","site-sidebar-style":"default","ast-global-header-display":"","ast-banner-title-visibility":"","ast-main-header-display":"","ast-hfb-above-header-display":"","ast-hfb-below-header-display":"","ast-hfb-mobile-header-display":"","site-post-title":"","ast-breadcrumbs-content":"","ast-featured-img":"","footer-sml-layout":"","ast-disable-related-posts":"","theme-transparent-header-meta":"","adv-header-id-meta":"","stick-header-meta":"","header-above-stick-meta":"","header-main-stick-meta":"","header-below-stick-meta":"","astra-migrate-meta-layouts":"default","ast-page-background-enabled":"default","ast-page-background-meta":{"desktop":{"background-color":"var(--ast-global-color-4)","background-image":"","background-repeat":"repeat","background-position":"center center","background-size":"auto","background-attachment":"scroll","background-type":"","background-media":"","overlay-type":"","overlay-color":"","overlay-opacity":"","overlay-gradient":""},"tablet":{"background-color":"","background-image":"","background-repeat":"repeat","background-position":"center center","background-size":"auto","background-attachment":"scroll","background-type":"","background-media":"","overlay-type":"","overlay-color":"","overlay-opacity":"","overlay-gradient":""},"mobile":{"background-color":"","background-image":"","background-repeat":"repeat","background-position":"center center","background-size":"auto","background-attachment":"scroll","background-type":"","background-media":"","overlay-type":"","overlay-color":"","overlay-opacity":"","overlay-gradient":""}},"ast-content-background-meta":{"desktop":{"background-color":"var(--ast-global-color-5)","background-image":"","background-repeat":"repeat","background-position":"center center","background-size":"auto","background-attachment":"scroll","background-type":"","background-media":"","overlay-type":"","overlay-color":"","overlay-opacity":"","overlay-gradient":""},"tablet":{"background-color":"var(--ast-global-color-5)","background-image":"","background-repeat":"repeat","background-position":"center center","background-size":"auto","background-attachment":"scroll","background-type":"","background-media":"","overlay-type":"","overlay-color":"","overlay-opacity":"","overlay-gradient":""},"mobile":{"background-color":"var(--ast-global-color-5)","background-image":"","background-repeat":"repeat","background-position":"center center","background-size":"auto","background-attachment":"scroll","background-type":"","background-media":"","overlay-type":"","overlay-color":"","overlay-opacity":"","overlay-gradient":""}}},"product_cat":[61],"product_tag":[],"class_list":["post-7238","product","type-product","status-publish","has-post-thumbnail","hentry","product_cat-equilibre-cardiovasculaire","desktop-align-left","tablet-align-left","mobile-align-left"],"_links":{"self":[{"href":"https:\/\/www.diet-horizon.com\/fr\/wp-json\/wp\/v2\/product\/7238","targetHints":{"allow":["GET"]}}],"collection":[{"href":"https:\/\/www.diet-horizon.com\/fr\/wp-json\/wp\/v2\/product"}],"about":[{"href":"https:\/\/www.diet-horizon.com\/fr\/wp-json\/wp\/v2\/types\/product"}],"version-history":[{"count":4,"href":"https:\/\/www.diet-horizon.com\/fr\/wp-json\/wp\/v2\/product\/7238\/revisions"}],"predecessor-version":[{"id":7701,"href":"https:\/\/www.diet-horizon.com\/fr\/wp-json\/wp\/v2\/product\/7238\/revisions\/7701"}],"wp:featuredmedia":[{"embeddable":true,"href":"https:\/\/www.diet-horizon.com\/fr\/wp-json\/wp\/v2\/media\/8578"}],"wp:attachment":[{"href":"https:\/\/www.diet-horizon.com\/fr\/wp-json\/wp\/v2\/media?parent=7238"}],"wp:term":[{"taxonomy":"product_cat","embeddable":true,"href":"https:\/\/www.diet-horizon.com\/fr\/wp-json\/wp\/v2\/product_cat?post=7238"},{"taxonomy":"product_tag","embeddable":true,"href":"https:\/\/www.diet-horizon.com\/fr\/wp-json\/wp\/v2\/product_tag?post=7238"}],"curies":[{"name":"wp","href":"https:\/\/api.w.org\/{rel}","templated":true}]}}