{"id":7232,"date":"2021-12-21T14:11:51","date_gmt":"2021-12-21T14:11:51","guid":{"rendered":"https:\/\/www.diet-horizon.com\/fr\/?post_type=product&#038;p=7232"},"modified":"2024-04-08T15:31:27","modified_gmt":"2024-04-08T15:31:27","slug":"gel-externe-circulation-14","status":"publish","type":"product","link":"https:\/\/www.diet-horizon.com\/fr\/produits\/gel-externe-circulation-14\/","title":{"rendered":"Gel Externe Circulation 14"},"content":{"rendered":"<p>Diet Horizon vous propose CIRCULATION 14 GEL EXTERNE, un complexe de 7 plantes (Vigne Rouge, Sauge, Hamam\u00e9lis, Lavande, Cypr\u00e8s, Menthe et Eucalyptus) qui procure un bien-\u00eatre imm\u00e9diat gr\u00e2ce \u00e0 un effet rafra\u00eechissant et une action durable pour des jambes l\u00e9g\u00e8res et d\u00e9lass\u00e9es.<\/p>\n<p>CIRCULATION 14 GEL EXTERNE est certifi\u00e9 Cosm\u00e9tique Ecologique et Biologique par ECOCERT Greenlife, selon le r\u00e9f\u00e9rentiel ECOCERT disponible sur <a href=\"https:\/\/www.ecocert.com\/fr-FR\/secteurs-activite\/cosmetique\"><em>http :\/\/cosm\u00e9tiques.ecocert.com<\/em><\/a><\/p>\n<p>Ce produit poss\u00e8de une texture non grasse et non collante.<\/p>\n","protected":false},"excerpt":{"rendered":"<p><strong>Besoin d&#8217;un effet frais et imm\u00e9diat pour une sensation de jambes lourdes ?<\/strong><\/p>\n<p>CIRCULATION 14 GEL EXTERNE est une formule compl\u00e8te \u00e0 base d&#8217;huiles essentielles et d&#8217;extraits v\u00e9g\u00e9taux pour des jambes l\u00e9g\u00e8res et d\u00e9lass\u00e9es.<br \/>\n150 ml<\/p>\n<p>Pour consulter notre leaflet sur la circulation <strong><a href=\"https:\/\/heyzine.com\/flip-book\/2d4d54f847.html#page\/1\">cliquez ici<\/a><\/strong>.<\/p>\n<p>&nbsp;<\/p>\n","protected":false},"featured_media":8642,"template":"","meta":{"site-sidebar-layout":"default","site-content-layout":"default","ast-site-content-layout":"default","site-content-style":"default","site-sidebar-style":"default","ast-global-header-display":"","ast-banner-title-visibility":"","ast-main-header-display":"","ast-hfb-above-header-display":"","ast-hfb-below-header-display":"","ast-hfb-mobile-header-display":"","site-post-title":"","ast-breadcrumbs-content":"","ast-featured-img":"","footer-sml-layout":"","ast-disable-related-posts":"","theme-transparent-header-meta":"default","adv-header-id-meta":"","stick-header-meta":"","header-above-stick-meta":"","header-main-stick-meta":"","header-below-stick-meta":"","astra-migrate-meta-layouts":"set","ast-page-background-enabled":"default","ast-page-background-meta":{"desktop":{"background-color":"var(--ast-global-color-4)","background-image":"","background-repeat":"repeat","background-position":"center center","background-size":"auto","background-attachment":"scroll","background-type":"","background-media":"","overlay-type":"","overlay-color":"","overlay-opacity":"","overlay-gradient":""},"tablet":{"background-color":"","background-image":"","background-repeat":"repeat","background-position":"center center","background-size":"auto","background-attachment":"scroll","background-type":"","background-media":"","overlay-type":"","overlay-color":"","overlay-opacity":"","overlay-gradient":""},"mobile":{"background-color":"","background-image":"","background-repeat":"repeat","background-position":"center center","background-size":"auto","background-attachment":"scroll","background-type":"","background-media":"","overlay-type":"","overlay-color":"","overlay-opacity":"","overlay-gradient":""}},"ast-content-background-meta":{"desktop":{"background-color":"var(--ast-global-color-5)","background-image":"","background-repeat":"repeat","background-position":"center center","background-size":"auto","background-attachment":"scroll","background-type":"","background-media":"","overlay-type":"","overlay-color":"","overlay-opacity":"","overlay-gradient":""},"tablet":{"background-color":"var(--ast-global-color-5)","background-image":"","background-repeat":"repeat","background-position":"center center","background-size":"auto","background-attachment":"scroll","background-type":"","background-media":"","overlay-type":"","overlay-color":"","overlay-opacity":"","overlay-gradient":""},"mobile":{"background-color":"var(--ast-global-color-5)","background-image":"","background-repeat":"repeat","background-position":"center center","background-size":"auto","background-attachment":"scroll","background-type":"","background-media":"","overlay-type":"","overlay-color":"","overlay-opacity":"","overlay-gradient":""}}},"product_cat":[60],"product_tag":[],"class_list":["post-7232","product","type-product","status-publish","has-post-thumbnail","hentry","product_cat-circulation","desktop-align-left","tablet-align-left","mobile-align-left"],"_links":{"self":[{"href":"https:\/\/www.diet-horizon.com\/fr\/wp-json\/wp\/v2\/product\/7232","targetHints":{"allow":["GET"]}}],"collection":[{"href":"https:\/\/www.diet-horizon.com\/fr\/wp-json\/wp\/v2\/product"}],"about":[{"href":"https:\/\/www.diet-horizon.com\/fr\/wp-json\/wp\/v2\/types\/product"}],"version-history":[{"count":9,"href":"https:\/\/www.diet-horizon.com\/fr\/wp-json\/wp\/v2\/product\/7232\/revisions"}],"predecessor-version":[{"id":8889,"href":"https:\/\/www.diet-horizon.com\/fr\/wp-json\/wp\/v2\/product\/7232\/revisions\/8889"}],"wp:featuredmedia":[{"embeddable":true,"href":"https:\/\/www.diet-horizon.com\/fr\/wp-json\/wp\/v2\/media\/8642"}],"wp:attachment":[{"href":"https:\/\/www.diet-horizon.com\/fr\/wp-json\/wp\/v2\/media?parent=7232"}],"wp:term":[{"taxonomy":"product_cat","embeddable":true,"href":"https:\/\/www.diet-horizon.com\/fr\/wp-json\/wp\/v2\/product_cat?post=7232"},{"taxonomy":"product_tag","embeddable":true,"href":"https:\/\/www.diet-horizon.com\/fr\/wp-json\/wp\/v2\/product_tag?post=7232"}],"curies":[{"name":"wp","href":"https:\/\/api.w.org\/{rel}","templated":true}]}}