{"id":7217,"date":"2021-12-21T14:11:50","date_gmt":"2021-12-21T14:11:50","guid":{"rendered":"https:\/\/www.diet-horizon.com\/fr\/?post_type=product&#038;p=7217"},"modified":"2023-05-15T12:40:20","modified_gmt":"2023-05-15T12:40:20","slug":"collagene-marin","status":"publish","type":"product","link":"https:\/\/www.diet-horizon.com\/fr\/produits\/collagene-marin\/","title":{"rendered":"Collagene Marin"},"content":{"rendered":"<p>Diet Horizon vous propose COLLAG\u00c8NE MARIN, une formule compl\u00e8te \u00e0 base de Collag\u00e8ne Marin, dos\u00e9 \u00e0 3500mg, qui am\u00e9liore l&#8217;\u00e9lasticit\u00e9 de la peau (r\u00e9sultats observ\u00e9s apr\u00e8s 4 semaines d&#8217;utilisation) et aide \u00e0 r\u00e9duire le volume des rides (r\u00e9sultats observ\u00e9s apr\u00e8s 2 mois d&#8217;utilisation)\u00b9.<br \/>\nCOLLAG\u00c8NE MARIN contient \u00e9galement du Zinc et du Mangan\u00e8se qui contribuent \u00e0 prot\u00e9ger les cellules contre le stress oxydatif, ainsi que de la Vitamine C qui contribue \u00e0 la formation normale de collag\u00e8ne.<\/p>\n<p>COLLAG\u00c8NE MARIN est pr\u00e9sent\u00e9 en stick pour une utilisation facile et son go\u00fbt est agr\u00e9able.<\/p>\n<p>Compl\u00e9ment alimentaire \u00e0 base de collag\u00e8ne, min\u00e9raux et vitamine C.<\/p>\n<p>\u00b9Choi FD, Sung CT, Juhasz ML, Mesinkovsk NA. Oral Collagen Supplementation: A Systematic Review of Dermatological Applications. J Drugs Dermatol. 2019;18(1):9\u201316.<\/p>\n","protected":false},"excerpt":{"rendered":"<p><strong>Perte d&#8217;\u00e9lasticit\u00e9 ?<\/strong><\/p>\n<p>COLLAG\u00c8NE MARIN est une formule compl\u00e8te \u00e0 base de collag\u00e8ne marin, de min\u00e9raux et de Vitamine C pour contribuer \u00e0 la protection et au maintien de l&#8217;\u00e9lasticit\u00e9 de la peau.<\/p>\n<p><strong>EXISTE AUSSI EN FORMAT 30 JOURS.<\/strong><\/p>\n<p><a href=\"https:\/\/www.diet-horizon.com\/fr\/wp-content\/uploads\/2021\/12\/3D_DH264_COLLAGENE-MARIN-30jours.png\"><img loading=\"lazy\" decoding=\"async\" class=\"alignnone wp-image-8719 size-thumbnail\" src=\"https:\/\/www.diet-horizon.com\/fr\/wp-content\/uploads\/2021\/12\/3D_DH264_COLLAGENE-MARIN-30jours-150x150.png\" alt=\"\" width=\"150\" height=\"150\" srcset=\"https:\/\/www.diet-horizon.com\/fr\/wp-content\/uploads\/2021\/12\/3D_DH264_COLLAGENE-MARIN-30jours-150x150.png 150w, https:\/\/www.diet-horizon.com\/fr\/wp-content\/uploads\/2021\/12\/3D_DH264_COLLAGENE-MARIN-30jours-300x300.png 300w, https:\/\/www.diet-horizon.com\/fr\/wp-content\/uploads\/2021\/12\/3D_DH264_COLLAGENE-MARIN-30jours-100x100.png 100w\" sizes=\"auto, (max-width: 150px) 100vw, 150px\" \/><\/a><\/p>\n","protected":false},"featured_media":8575,"template":"","meta":{"site-sidebar-layout":"default","site-content-layout":"default","ast-site-content-layout":"default","site-content-style":"default","site-sidebar-style":"default","ast-global-header-display":"","ast-banner-title-visibility":"","ast-main-header-display":"","ast-hfb-above-header-display":"","ast-hfb-below-header-display":"","ast-hfb-mobile-header-display":"","site-post-title":"","ast-breadcrumbs-content":"","ast-featured-img":"","footer-sml-layout":"","ast-disable-related-posts":"","theme-transparent-header-meta":"default","adv-header-id-meta":"","stick-header-meta":"","header-above-stick-meta":"","header-main-stick-meta":"","header-below-stick-meta":"","astra-migrate-meta-layouts":"default","ast-page-background-enabled":"default","ast-page-background-meta":{"desktop":{"background-color":"var(--ast-global-color-4)","background-image":"","background-repeat":"repeat","background-position":"center center","background-size":"auto","background-attachment":"scroll","background-type":"","background-media":"","overlay-type":"","overlay-color":"","overlay-opacity":"","overlay-gradient":""},"tablet":{"background-color":"","background-image":"","background-repeat":"repeat","background-position":"center center","background-size":"auto","background-attachment":"scroll","background-type":"","background-media":"","overlay-type":"","overlay-color":"","overlay-opacity":"","overlay-gradient":""},"mobile":{"background-color":"","background-image":"","background-repeat":"repeat","background-position":"center center","background-size":"auto","background-attachment":"scroll","background-type":"","background-media":"","overlay-type":"","overlay-color":"","overlay-opacity":"","overlay-gradient":""}},"ast-content-background-meta":{"desktop":{"background-color":"var(--ast-global-color-5)","background-image":"","background-repeat":"repeat","background-position":"center center","background-size":"auto","background-attachment":"scroll","background-type":"","background-media":"","overlay-type":"","overlay-color":"","overlay-opacity":"","overlay-gradient":""},"tablet":{"background-color":"var(--ast-global-color-5)","background-image":"","background-repeat":"repeat","background-position":"center center","background-size":"auto","background-attachment":"scroll","background-type":"","background-media":"","overlay-type":"","overlay-color":"","overlay-opacity":"","overlay-gradient":""},"mobile":{"background-color":"var(--ast-global-color-5)","background-image":"","background-repeat":"repeat","background-position":"center center","background-size":"auto","background-attachment":"scroll","background-type":"","background-media":"","overlay-type":"","overlay-color":"","overlay-opacity":"","overlay-gradient":""}}},"product_cat":[59],"product_tag":[],"class_list":["post-7217","product","type-product","status-publish","has-post-thumbnail","hentry","product_cat-beaute","desktop-align-left","tablet-align-left","mobile-align-left"],"_links":{"self":[{"href":"https:\/\/www.diet-horizon.com\/fr\/wp-json\/wp\/v2\/product\/7217","targetHints":{"allow":["GET"]}}],"collection":[{"href":"https:\/\/www.diet-horizon.com\/fr\/wp-json\/wp\/v2\/product"}],"about":[{"href":"https:\/\/www.diet-horizon.com\/fr\/wp-json\/wp\/v2\/types\/product"}],"version-history":[{"count":6,"href":"https:\/\/www.diet-horizon.com\/fr\/wp-json\/wp\/v2\/product\/7217\/revisions"}],"predecessor-version":[{"id":8720,"href":"https:\/\/www.diet-horizon.com\/fr\/wp-json\/wp\/v2\/product\/7217\/revisions\/8720"}],"wp:featuredmedia":[{"embeddable":true,"href":"https:\/\/www.diet-horizon.com\/fr\/wp-json\/wp\/v2\/media\/8575"}],"wp:attachment":[{"href":"https:\/\/www.diet-horizon.com\/fr\/wp-json\/wp\/v2\/media?parent=7217"}],"wp:term":[{"taxonomy":"product_cat","embeddable":true,"href":"https:\/\/www.diet-horizon.com\/fr\/wp-json\/wp\/v2\/product_cat?post=7217"},{"taxonomy":"product_tag","embeddable":true,"href":"https:\/\/www.diet-horizon.com\/fr\/wp-json\/wp\/v2\/product_tag?post=7217"}],"curies":[{"name":"wp","href":"https:\/\/api.w.org\/{rel}","templated":true}]}}