{"id":7210,"date":"2021-12-21T14:11:50","date_gmt":"2021-12-21T14:11:50","guid":{"rendered":"https:\/\/www.diet-horizon.com\/fr\/?post_type=product&#038;p=7210"},"modified":"2025-08-29T09:16:50","modified_gmt":"2025-08-29T09:16:50","slug":"acide-hyaluronique","status":"publish","type":"product","link":"https:\/\/www.diet-horizon.com\/fr\/produits\/acide-hyaluronique\/","title":{"rendered":"Acide Hyaluronique"},"content":{"rendered":"<p>Diet Horizon vous propose ACIDE HYALURONIQUE, une formule contenant de l&#8217;Acide Hyaluronique v\u00e9g\u00e9tal \u00e0 200mg qui contribue \u00e0 la jeunesse de la peau en la lissant et en ravivant son \u00e9clat (r\u00e9sultats observ\u00e9s apr\u00e8s 2 mois de prise)\u00b9.<\/p>\n<p>ACIDE HYALURONIQUE contient \u00e9galement du Zinc qui contribue \u00e0 prot\u00e9ger les cellules contre le stress oxydatif.<\/p>\n<p>Compl\u00e9ment alimentaire \u00e0 base de Zinc et de substances \u00e0 but nutritionnel ou physiologique.<\/p>\n<p><em>\u00b9Mariko Oe, Seigo Sakai, Hideto Yoshida, Nao Okado, Haruna Kaneda, Yasunobu Masuda, and Osamu Urushibata. Oral hyaluronan relieves wrinkles: a double-blinded, placebo-controlled study over a 12-week period. Clin Cosmet Investig Dermatol. 2017; 10: 267\u2013273.<\/em><\/p>\n","protected":false},"excerpt":{"rendered":"<p><strong>Envie de pr\u00e9server la jeunesse de votre peau ?<\/strong><\/p>\n<p>ACIDE HYALURONIQUE vous apporte une formule contenant de l&#8217;acide hyaluronique v\u00e9g\u00e9tal associ\u00e9 au Zinc pour une peau jeune, lisse et \u00e9calatante (r\u00e9sultats observ\u00e9s d\u00e8s 2 mois de prise)\u00b9.<\/p>\n<p>&nbsp;<\/p>\n","protected":false},"featured_media":8574,"template":"","meta":{"site-sidebar-layout":"default","site-content-layout":"","ast-site-content-layout":"default","site-content-style":"default","site-sidebar-style":"default","ast-global-header-display":"","ast-banner-title-visibility":"","ast-main-header-display":"","ast-hfb-above-header-display":"","ast-hfb-below-header-display":"","ast-hfb-mobile-header-display":"","site-post-title":"","ast-breadcrumbs-content":"","ast-featured-img":"","footer-sml-layout":"","ast-disable-related-posts":"","theme-transparent-header-meta":"default","adv-header-id-meta":"","stick-header-meta":"","header-above-stick-meta":"","header-main-stick-meta":"","header-below-stick-meta":"","astra-migrate-meta-layouts":"set","ast-page-background-enabled":"default","ast-page-background-meta":{"desktop":{"background-color":"var(--ast-global-color-4)","background-image":"","background-repeat":"repeat","background-position":"center center","background-size":"auto","background-attachment":"scroll","background-type":"","background-media":"","overlay-type":"","overlay-color":"","overlay-opacity":"","overlay-gradient":""},"tablet":{"background-color":"","background-image":"","background-repeat":"repeat","background-position":"center center","background-size":"auto","background-attachment":"scroll","background-type":"","background-media":"","overlay-type":"","overlay-color":"","overlay-opacity":"","overlay-gradient":""},"mobile":{"background-color":"","background-image":"","background-repeat":"repeat","background-position":"center center","background-size":"auto","background-attachment":"scroll","background-type":"","background-media":"","overlay-type":"","overlay-color":"","overlay-opacity":"","overlay-gradient":""}},"ast-content-background-meta":{"desktop":{"background-color":"var(--ast-global-color-5)","background-image":"","background-repeat":"repeat","background-position":"center center","background-size":"auto","background-attachment":"scroll","background-type":"","background-media":"","overlay-type":"","overlay-color":"","overlay-opacity":"","overlay-gradient":""},"tablet":{"background-color":"var(--ast-global-color-5)","background-image":"","background-repeat":"repeat","background-position":"center center","background-size":"auto","background-attachment":"scroll","background-type":"","background-media":"","overlay-type":"","overlay-color":"","overlay-opacity":"","overlay-gradient":""},"mobile":{"background-color":"var(--ast-global-color-5)","background-image":"","background-repeat":"repeat","background-position":"center center","background-size":"auto","background-attachment":"scroll","background-type":"","background-media":"","overlay-type":"","overlay-color":"","overlay-opacity":"","overlay-gradient":""}}},"product_cat":[59],"product_tag":[],"class_list":["post-7210","product","type-product","status-publish","has-post-thumbnail","hentry","product_cat-beaute","desktop-align-left","tablet-align-left","mobile-align-left"],"_links":{"self":[{"href":"https:\/\/www.diet-horizon.com\/fr\/wp-json\/wp\/v2\/product\/7210","targetHints":{"allow":["GET"]}}],"collection":[{"href":"https:\/\/www.diet-horizon.com\/fr\/wp-json\/wp\/v2\/product"}],"about":[{"href":"https:\/\/www.diet-horizon.com\/fr\/wp-json\/wp\/v2\/types\/product"}],"version-history":[{"count":4,"href":"https:\/\/www.diet-horizon.com\/fr\/wp-json\/wp\/v2\/product\/7210\/revisions"}],"predecessor-version":[{"id":8993,"href":"https:\/\/www.diet-horizon.com\/fr\/wp-json\/wp\/v2\/product\/7210\/revisions\/8993"}],"wp:featuredmedia":[{"embeddable":true,"href":"https:\/\/www.diet-horizon.com\/fr\/wp-json\/wp\/v2\/media\/8574"}],"wp:attachment":[{"href":"https:\/\/www.diet-horizon.com\/fr\/wp-json\/wp\/v2\/media?parent=7210"}],"wp:term":[{"taxonomy":"product_cat","embeddable":true,"href":"https:\/\/www.diet-horizon.com\/fr\/wp-json\/wp\/v2\/product_cat?post=7210"},{"taxonomy":"product_tag","embeddable":true,"href":"https:\/\/www.diet-horizon.com\/fr\/wp-json\/wp\/v2\/product_tag?post=7210"}],"curies":[{"name":"wp","href":"https:\/\/api.w.org\/{rel}","templated":true}]}}