{"id":7197,"date":"2021-12-21T14:15:47","date_gmt":"2021-12-21T14:15:47","guid":{"rendered":"https:\/\/www.diet-horizon.com\/fr\/?post_type=product&#038;p=7197"},"modified":"2023-01-16T13:08:39","modified_gmt":"2023-01-16T13:08:39","slug":"total-peau-nette","status":"publish","type":"product","link":"https:\/\/www.diet-horizon.com\/fr\/produits\/total-peau-nette\/","title":{"rendered":"Total Peau nette"},"content":{"rendered":"<p>Diet Horizon vous propose TOTAL PEAU NETTE, un complexe de 9 ingr\u00e9dients cibl\u00e9s, dont notamment la Pens\u00e9e Sauvage qui contribue \u00e0 l&#8217;\u00e9limination des toxines, et l&#8217;Ortie qui aide les peaux \u00e0 probl\u00e8mes.<\/p>\n<p>TOTAL PEAU NETTE contient \u00e9galement de la Vitamine C et du Zinc qui contribuent \u00e0 prot\u00e9ger les cellules contre le stress oxydatif.<\/p>\n<p>Compl\u00e9ment alimentaire \u00e0 base de pr\u00e9parations de plantes, vitaminec C, zinc et substances \u00e0 but nutritionnel ou physiologique.<\/p>\n","protected":false},"excerpt":{"rendered":"<p><strong>Peau sujette aux imperfections ?<\/strong><\/p>\n<p>TOTAL PEAU NETTE vous apporte une formule \u00e0 base de <strong>5 plantes<\/strong> dont la <strong>Pens\u00e9e Sauvage<\/strong> et <strong>l&#8217;Ortie<\/strong> reconnues pour aider les peaux \u00e0 probl\u00e8mes.<br \/>\n30 comprim\u00e9s.<\/p>\n<p>&nbsp;<\/p>\n","protected":false},"featured_media":8572,"template":"","meta":{"site-sidebar-layout":"","site-content-layout":"","ast-site-content-layout":"default","site-content-style":"default","site-sidebar-style":"default","ast-global-header-display":"","ast-banner-title-visibility":"","ast-main-header-display":"","ast-hfb-above-header-display":"","ast-hfb-below-header-display":"","ast-hfb-mobile-header-display":"","site-post-title":"","ast-breadcrumbs-content":"","ast-featured-img":"","footer-sml-layout":"","ast-disable-related-posts":"","theme-transparent-header-meta":"","adv-header-id-meta":"","stick-header-meta":"","header-above-stick-meta":"","header-main-stick-meta":"","header-below-stick-meta":"","astra-migrate-meta-layouts":"default","ast-page-background-enabled":"default","ast-page-background-meta":{"desktop":{"background-color":"var(--ast-global-color-4)","background-image":"","background-repeat":"repeat","background-position":"center center","background-size":"auto","background-attachment":"scroll","background-type":"","background-media":"","overlay-type":"","overlay-color":"","overlay-opacity":"","overlay-gradient":""},"tablet":{"background-color":"","background-image":"","background-repeat":"repeat","background-position":"center center","background-size":"auto","background-attachment":"scroll","background-type":"","background-media":"","overlay-type":"","overlay-color":"","overlay-opacity":"","overlay-gradient":""},"mobile":{"background-color":"","background-image":"","background-repeat":"repeat","background-position":"center center","background-size":"auto","background-attachment":"scroll","background-type":"","background-media":"","overlay-type":"","overlay-color":"","overlay-opacity":"","overlay-gradient":""}},"ast-content-background-meta":{"desktop":{"background-color":"var(--ast-global-color-5)","background-image":"","background-repeat":"repeat","background-position":"center center","background-size":"auto","background-attachment":"scroll","background-type":"","background-media":"","overlay-type":"","overlay-color":"","overlay-opacity":"","overlay-gradient":""},"tablet":{"background-color":"var(--ast-global-color-5)","background-image":"","background-repeat":"repeat","background-position":"center center","background-size":"auto","background-attachment":"scroll","background-type":"","background-media":"","overlay-type":"","overlay-color":"","overlay-opacity":"","overlay-gradient":""},"mobile":{"background-color":"var(--ast-global-color-5)","background-image":"","background-repeat":"repeat","background-position":"center center","background-size":"auto","background-attachment":"scroll","background-type":"","background-media":"","overlay-type":"","overlay-color":"","overlay-opacity":"","overlay-gradient":""}}},"product_cat":[59],"product_tag":[],"class_list":["post-7197","product","type-product","status-publish","has-post-thumbnail","hentry","product_cat-beaute","desktop-align-left","tablet-align-left","mobile-align-left"],"_links":{"self":[{"href":"https:\/\/www.diet-horizon.com\/fr\/wp-json\/wp\/v2\/product\/7197","targetHints":{"allow":["GET"]}}],"collection":[{"href":"https:\/\/www.diet-horizon.com\/fr\/wp-json\/wp\/v2\/product"}],"about":[{"href":"https:\/\/www.diet-horizon.com\/fr\/wp-json\/wp\/v2\/types\/product"}],"version-history":[{"count":4,"href":"https:\/\/www.diet-horizon.com\/fr\/wp-json\/wp\/v2\/product\/7197\/revisions"}],"predecessor-version":[{"id":8259,"href":"https:\/\/www.diet-horizon.com\/fr\/wp-json\/wp\/v2\/product\/7197\/revisions\/8259"}],"wp:featuredmedia":[{"embeddable":true,"href":"https:\/\/www.diet-horizon.com\/fr\/wp-json\/wp\/v2\/media\/8572"}],"wp:attachment":[{"href":"https:\/\/www.diet-horizon.com\/fr\/wp-json\/wp\/v2\/media?parent=7197"}],"wp:term":[{"taxonomy":"product_cat","embeddable":true,"href":"https:\/\/www.diet-horizon.com\/fr\/wp-json\/wp\/v2\/product_cat?post=7197"},{"taxonomy":"product_tag","embeddable":true,"href":"https:\/\/www.diet-horizon.com\/fr\/wp-json\/wp\/v2\/product_tag?post=7197"}],"curies":[{"name":"wp","href":"https:\/\/api.w.org\/{rel}","templated":true}]}}