{"id":6965,"date":"2021-09-14T13:29:53","date_gmt":"2021-09-14T13:29:53","guid":{"rendered":"https:\/\/www.diet-horizon.com\/fr\/?post_type=product&#038;p=6965"},"modified":"2025-03-14T15:23:59","modified_gmt":"2025-03-14T15:23:59","slug":"curalgic-muscle","status":"publish","type":"product","link":"https:\/\/www.diet-horizon.com\/fr\/produits\/curalgic-muscle\/","title":{"rendered":"Curalgic Muscle"},"content":{"rendered":"<p>Diet Horizon vous propose <strong>CURALGIC MUSCLE<\/strong>, un d\u00e9contractant musculaire \u00e0 base de Magn\u00e9sium et de vitamine D qui participent au maintien d&#8217;une fonction musculaire normale. CURALGIC MUSCLE contient \u00e9galement des Vitamines B1, B5 et B6 qui contribuent \u00e0 un m\u00e9tabolisme \u00e9nerg\u00e9tique normal.<\/p>\n<p>Compl\u00e9ment alimentaire \u00e0 base de pr\u00e9parations de plantes, vitamines, magn\u00e9sium et coenzyme Q10.<\/p>\n","protected":false},"excerpt":{"rendered":"<p><strong>Inconforts musculaires ?<\/strong><\/p>\n<p>CURALGIC MUSCLE est un d\u00e9contractant musculaire \u00e0 base de Magn\u00e9sium, vitamines et de pr\u00e9parations de plantes.<\/p>\n<p>14 comprim\u00e9s<\/p>\n","protected":false},"featured_media":8970,"template":"","meta":{"site-sidebar-layout":"default","site-content-layout":"default","ast-site-content-layout":"default","site-content-style":"default","site-sidebar-style":"default","ast-global-header-display":"","ast-banner-title-visibility":"","ast-main-header-display":"","ast-hfb-above-header-display":"","ast-hfb-below-header-display":"","ast-hfb-mobile-header-display":"","site-post-title":"","ast-breadcrumbs-content":"","ast-featured-img":"","footer-sml-layout":"","ast-disable-related-posts":"","theme-transparent-header-meta":"default","adv-header-id-meta":"","stick-header-meta":"","header-above-stick-meta":"","header-main-stick-meta":"","header-below-stick-meta":"","astra-migrate-meta-layouts":"set","ast-page-background-enabled":"default","ast-page-background-meta":{"desktop":{"background-color":"var(--ast-global-color-4)","background-image":"","background-repeat":"repeat","background-position":"center center","background-size":"auto","background-attachment":"scroll","background-type":"","background-media":"","overlay-type":"","overlay-color":"","overlay-opacity":"","overlay-gradient":""},"tablet":{"background-color":"","background-image":"","background-repeat":"repeat","background-position":"center center","background-size":"auto","background-attachment":"scroll","background-type":"","background-media":"","overlay-type":"","overlay-color":"","overlay-opacity":"","overlay-gradient":""},"mobile":{"background-color":"","background-image":"","background-repeat":"repeat","background-position":"center center","background-size":"auto","background-attachment":"scroll","background-type":"","background-media":"","overlay-type":"","overlay-color":"","overlay-opacity":"","overlay-gradient":""}},"ast-content-background-meta":{"desktop":{"background-color":"var(--ast-global-color-5)","background-image":"","background-repeat":"repeat","background-position":"center center","background-size":"auto","background-attachment":"scroll","background-type":"","background-media":"","overlay-type":"","overlay-color":"","overlay-opacity":"","overlay-gradient":""},"tablet":{"background-color":"var(--ast-global-color-5)","background-image":"","background-repeat":"repeat","background-position":"center center","background-size":"auto","background-attachment":"scroll","background-type":"","background-media":"","overlay-type":"","overlay-color":"","overlay-opacity":"","overlay-gradient":""},"mobile":{"background-color":"var(--ast-global-color-5)","background-image":"","background-repeat":"repeat","background-position":"center center","background-size":"auto","background-attachment":"scroll","background-type":"","background-media":"","overlay-type":"","overlay-color":"","overlay-opacity":"","overlay-gradient":""}}},"product_cat":[58],"product_tag":[],"class_list":["post-6965","product","type-product","status-publish","has-post-thumbnail","hentry","product_cat-mobilite","desktop-align-left","tablet-align-left","mobile-align-left"],"_links":{"self":[{"href":"https:\/\/www.diet-horizon.com\/fr\/wp-json\/wp\/v2\/product\/6965","targetHints":{"allow":["GET"]}}],"collection":[{"href":"https:\/\/www.diet-horizon.com\/fr\/wp-json\/wp\/v2\/product"}],"about":[{"href":"https:\/\/www.diet-horizon.com\/fr\/wp-json\/wp\/v2\/types\/product"}],"version-history":[{"count":3,"href":"https:\/\/www.diet-horizon.com\/fr\/wp-json\/wp\/v2\/product\/6965\/revisions"}],"predecessor-version":[{"id":7728,"href":"https:\/\/www.diet-horizon.com\/fr\/wp-json\/wp\/v2\/product\/6965\/revisions\/7728"}],"wp:featuredmedia":[{"embeddable":true,"href":"https:\/\/www.diet-horizon.com\/fr\/wp-json\/wp\/v2\/media\/8970"}],"wp:attachment":[{"href":"https:\/\/www.diet-horizon.com\/fr\/wp-json\/wp\/v2\/media?parent=6965"}],"wp:term":[{"taxonomy":"product_cat","embeddable":true,"href":"https:\/\/www.diet-horizon.com\/fr\/wp-json\/wp\/v2\/product_cat?post=6965"},{"taxonomy":"product_tag","embeddable":true,"href":"https:\/\/www.diet-horizon.com\/fr\/wp-json\/wp\/v2\/product_tag?post=6965"}],"curies":[{"name":"wp","href":"https:\/\/api.w.org\/{rel}","templated":true}]}}