{"id":6944,"date":"2021-09-14T12:27:12","date_gmt":"2021-09-14T12:27:12","guid":{"rendered":"https:\/\/www.diet-horizon.com\/fr\/?post_type=product&#038;p=6944"},"modified":"2026-04-09T14:51:28","modified_gmt":"2026-04-09T14:51:28","slug":"gluco-chondro-2700","status":"publish","type":"product","link":"https:\/\/www.diet-horizon.com\/fr\/produits\/gluco-chondro-2700\/","title":{"rendered":"Gluco Chondro 2700"},"content":{"rendered":"<p><strong>Diet Horizon<\/strong> vous propose GLUCO CHONDRO 2700, un compl\u00e9ment alimentaire \u00e0 base de Glucosamine et Chondro\u00eftine qui aident \u00e0 maintenir la mobilit\u00e9 articulaire et la souplesse des tendons\u00b9.<br \/>\nGLUCO CHONDRO 2700 contient \u00e9galement du Curcuma qui contribue au maintien de la sant\u00e9 articulaire ainsi que de l&#8217;acide hyaluronique, une substance naturellement pr\u00e9sente dans le cartilage.<\/p>\n<p>Compl\u00e9ment alimentaire \u00e0 base de pr\u00e9parations de plantes et de substances \u00e0 but nutritionnel ou physiologique.<\/p>\n<p>\u00b9Reginster and others, 2017\/Fransen and others, 2014<\/p>\n","protected":false},"excerpt":{"rendered":"<p><strong>Inconforts articulaires ?<\/strong><\/p>\n<p>GLUCO CHONDRO 2700 vous aide \u00e0 maintenir la mobilit\u00e9 articulaire et la souplesse des tendons gr\u00e2ce notamment \u00e0 la pr\u00e9sence de Curcuma.<br \/>\nGLUCO CHONDRO 2700 contient \u00e9galement de la Glucosamine et de la Chondro\u00eftine.<\/p>\n<p>60 comprim\u00e9s<\/p>\n","protected":false},"featured_media":8926,"template":"","meta":{"site-sidebar-layout":"default","site-content-layout":"","ast-site-content-layout":"default","site-content-style":"default","site-sidebar-style":"default","ast-global-header-display":"","ast-banner-title-visibility":"","ast-main-header-display":"","ast-hfb-above-header-display":"","ast-hfb-below-header-display":"","ast-hfb-mobile-header-display":"","site-post-title":"","ast-breadcrumbs-content":"","ast-featured-img":"","footer-sml-layout":"","ast-disable-related-posts":"","theme-transparent-header-meta":"default","adv-header-id-meta":"","stick-header-meta":"","header-above-stick-meta":"","header-main-stick-meta":"","header-below-stick-meta":"","astra-migrate-meta-layouts":"set","ast-page-background-enabled":"default","ast-page-background-meta":{"desktop":{"background-color":"var(--ast-global-color-4)","background-image":"","background-repeat":"repeat","background-position":"center center","background-size":"auto","background-attachment":"scroll","background-type":"","background-media":"","overlay-type":"","overlay-color":"","overlay-opacity":"","overlay-gradient":""},"tablet":{"background-color":"","background-image":"","background-repeat":"repeat","background-position":"center center","background-size":"auto","background-attachment":"scroll","background-type":"","background-media":"","overlay-type":"","overlay-color":"","overlay-opacity":"","overlay-gradient":""},"mobile":{"background-color":"","background-image":"","background-repeat":"repeat","background-position":"center center","background-size":"auto","background-attachment":"scroll","background-type":"","background-media":"","overlay-type":"","overlay-color":"","overlay-opacity":"","overlay-gradient":""}},"ast-content-background-meta":{"desktop":{"background-color":"var(--ast-global-color-5)","background-image":"","background-repeat":"repeat","background-position":"center center","background-size":"auto","background-attachment":"scroll","background-type":"","background-media":"","overlay-type":"","overlay-color":"","overlay-opacity":"","overlay-gradient":""},"tablet":{"background-color":"var(--ast-global-color-5)","background-image":"","background-repeat":"repeat","background-position":"center center","background-size":"auto","background-attachment":"scroll","background-type":"","background-media":"","overlay-type":"","overlay-color":"","overlay-opacity":"","overlay-gradient":""},"mobile":{"background-color":"var(--ast-global-color-5)","background-image":"","background-repeat":"repeat","background-position":"center center","background-size":"auto","background-attachment":"scroll","background-type":"","background-media":"","overlay-type":"","overlay-color":"","overlay-opacity":"","overlay-gradient":""}}},"product_cat":[58],"product_tag":[],"class_list":["post-6944","product","type-product","status-publish","has-post-thumbnail","hentry","product_cat-mobilite","desktop-align-left","tablet-align-left","mobile-align-left"],"_links":{"self":[{"href":"https:\/\/www.diet-horizon.com\/fr\/wp-json\/wp\/v2\/product\/6944","targetHints":{"allow":["GET"]}}],"collection":[{"href":"https:\/\/www.diet-horizon.com\/fr\/wp-json\/wp\/v2\/product"}],"about":[{"href":"https:\/\/www.diet-horizon.com\/fr\/wp-json\/wp\/v2\/types\/product"}],"version-history":[{"count":3,"href":"https:\/\/www.diet-horizon.com\/fr\/wp-json\/wp\/v2\/product\/6944\/revisions"}],"predecessor-version":[{"id":8913,"href":"https:\/\/www.diet-horizon.com\/fr\/wp-json\/wp\/v2\/product\/6944\/revisions\/8913"}],"wp:featuredmedia":[{"embeddable":true,"href":"https:\/\/www.diet-horizon.com\/fr\/wp-json\/wp\/v2\/media\/8926"}],"wp:attachment":[{"href":"https:\/\/www.diet-horizon.com\/fr\/wp-json\/wp\/v2\/media?parent=6944"}],"wp:term":[{"taxonomy":"product_cat","embeddable":true,"href":"https:\/\/www.diet-horizon.com\/fr\/wp-json\/wp\/v2\/product_cat?post=6944"},{"taxonomy":"product_tag","embeddable":true,"href":"https:\/\/www.diet-horizon.com\/fr\/wp-json\/wp\/v2\/product_tag?post=6944"}],"curies":[{"name":"wp","href":"https:\/\/api.w.org\/{rel}","templated":true}]}}