{"id":6702,"date":"2021-08-19T14:51:18","date_gmt":"2021-08-19T14:51:18","guid":{"rendered":"https:\/\/www.diet-horizon.com\/fr\/?post_type=product&#038;p=6702"},"modified":"2023-01-16T13:07:47","modified_gmt":"2023-01-16T13:07:47","slug":"shiitake","status":"publish","type":"product","link":"https:\/\/www.diet-horizon.com\/fr\/produits\/shiitake\/","title":{"rendered":"Shiitake"},"content":{"rendered":"<p>SHIITAK\u00c9 BIO, un compl\u00e9ment alimentaire innovant \u00e0 base d&#8217;extrait sec titr\u00e9 de champignon bio et de gingembre bio. Les fruits du champignon sont r\u00e9colt\u00e9s \u00e0 la main et sont s\u00e9ch\u00e9s au soleil avant d&#8217;\u00eatre extraits \u00e0 l&#8217;eau chaude.<\/p>\n<p><strong>LES + :<\/strong><br \/>\n\u2022 Extrait standardis\u00e9 en polysaccharides et en b\u00eata-glucanes<br \/>\n\u2022 Absorption optimale gr\u00e2ce au gingembre<br \/>\n\u2022 Pilulier 100 % recyclable<\/p>\n<p>Ce compl\u00e9ment alimentaire certifi\u00e9 Bio et Vegan est fabriqu\u00e9 en France. Convient aux v\u00e9g\u00e9tariens.<br \/>\nCompl\u00e9ment alimentaire \u00e0 base de Shiitak\u00e9 et Gingembre.<\/p>\n<div id=\"gtx-trans\" style=\"position: absolute; left: 897px; top: 119px;\">\n<div class=\"gtx-trans-icon\"><\/div>\n<\/div>\n","protected":false},"excerpt":{"rendered":"<p><strong>Envie de soutenir son syst\u00e8me immunitaire ?<\/strong><\/p>\n<p>Formule \u00e0 base de Shiitak\u00e9 bio et Gingembre bio<\/p>\n<p>\u2022 Formule innovante et certifi\u00e9e Vegan<br \/>\n\u2022 Extrait sec titr\u00e9 de champignon<br \/>\n\u2022 Absorption optimale gr\u00e2ce au gingembre<br \/>\n\u2022 Fabriqu\u00e9 en France et pilulier 100 % recyclable<\/p>\n<p>60 comprim\u00e9s<\/p>\n","protected":false},"featured_media":8562,"template":"","meta":{"site-sidebar-layout":"","site-content-layout":"","ast-site-content-layout":"default","site-content-style":"default","site-sidebar-style":"default","ast-global-header-display":"","ast-banner-title-visibility":"","ast-main-header-display":"","ast-hfb-above-header-display":"","ast-hfb-below-header-display":"","ast-hfb-mobile-header-display":"","site-post-title":"","ast-breadcrumbs-content":"","ast-featured-img":"","footer-sml-layout":"","ast-disable-related-posts":"","theme-transparent-header-meta":"","adv-header-id-meta":"","stick-header-meta":"","header-above-stick-meta":"","header-main-stick-meta":"","header-below-stick-meta":"","astra-migrate-meta-layouts":"default","ast-page-background-enabled":"default","ast-page-background-meta":{"desktop":{"background-color":"var(--ast-global-color-4)","background-image":"","background-repeat":"repeat","background-position":"center center","background-size":"auto","background-attachment":"scroll","background-type":"","background-media":"","overlay-type":"","overlay-color":"","overlay-opacity":"","overlay-gradient":""},"tablet":{"background-color":"","background-image":"","background-repeat":"repeat","background-position":"center center","background-size":"auto","background-attachment":"scroll","background-type":"","background-media":"","overlay-type":"","overlay-color":"","overlay-opacity":"","overlay-gradient":""},"mobile":{"background-color":"","background-image":"","background-repeat":"repeat","background-position":"center center","background-size":"auto","background-attachment":"scroll","background-type":"","background-media":"","overlay-type":"","overlay-color":"","overlay-opacity":"","overlay-gradient":""}},"ast-content-background-meta":{"desktop":{"background-color":"var(--ast-global-color-5)","background-image":"","background-repeat":"repeat","background-position":"center center","background-size":"auto","background-attachment":"scroll","background-type":"","background-media":"","overlay-type":"","overlay-color":"","overlay-opacity":"","overlay-gradient":""},"tablet":{"background-color":"var(--ast-global-color-5)","background-image":"","background-repeat":"repeat","background-position":"center center","background-size":"auto","background-attachment":"scroll","background-type":"","background-media":"","overlay-type":"","overlay-color":"","overlay-opacity":"","overlay-gradient":""},"mobile":{"background-color":"var(--ast-global-color-5)","background-image":"","background-repeat":"repeat","background-position":"center center","background-size":"auto","background-attachment":"scroll","background-type":"","background-media":"","overlay-type":"","overlay-color":"","overlay-opacity":"","overlay-gradient":""}}},"product_cat":[57],"product_tag":[],"class_list":["post-6702","product","type-product","status-publish","has-post-thumbnail","hentry","product_cat-champignons","desktop-align-left","tablet-align-left","mobile-align-left"],"_links":{"self":[{"href":"https:\/\/www.diet-horizon.com\/fr\/wp-json\/wp\/v2\/product\/6702","targetHints":{"allow":["GET"]}}],"collection":[{"href":"https:\/\/www.diet-horizon.com\/fr\/wp-json\/wp\/v2\/product"}],"about":[{"href":"https:\/\/www.diet-horizon.com\/fr\/wp-json\/wp\/v2\/types\/product"}],"version-history":[{"count":4,"href":"https:\/\/www.diet-horizon.com\/fr\/wp-json\/wp\/v2\/product\/6702\/revisions"}],"predecessor-version":[{"id":7696,"href":"https:\/\/www.diet-horizon.com\/fr\/wp-json\/wp\/v2\/product\/6702\/revisions\/7696"}],"wp:featuredmedia":[{"embeddable":true,"href":"https:\/\/www.diet-horizon.com\/fr\/wp-json\/wp\/v2\/media\/8562"}],"wp:attachment":[{"href":"https:\/\/www.diet-horizon.com\/fr\/wp-json\/wp\/v2\/media?parent=6702"}],"wp:term":[{"taxonomy":"product_cat","embeddable":true,"href":"https:\/\/www.diet-horizon.com\/fr\/wp-json\/wp\/v2\/product_cat?post=6702"},{"taxonomy":"product_tag","embeddable":true,"href":"https:\/\/www.diet-horizon.com\/fr\/wp-json\/wp\/v2\/product_tag?post=6702"}],"curies":[{"name":"wp","href":"https:\/\/api.w.org\/{rel}","templated":true}]}}