{"id":6694,"date":"2021-08-19T14:49:27","date_gmt":"2021-08-19T14:49:27","guid":{"rendered":"https:\/\/www.diet-horizon.com\/fr\/?post_type=product&#038;p=6694"},"modified":"2023-01-16T13:07:38","modified_gmt":"2023-01-16T13:07:38","slug":"reishi","status":"publish","type":"product","link":"https:\/\/www.diet-horizon.com\/fr\/produits\/reishi\/","title":{"rendered":"Reishi"},"content":{"rendered":"<p>REISHI BIO : une formule innovante con\u00e7ue pour soutenir le syst\u00e8me immunitaire. Les fruits du champignon sont r\u00e9colt\u00e9s \u00e0 la main et sont s\u00e9ch\u00e9s au soleil avant d&#8217;\u00eatre extraits \u00e0 l&#8217;eau chaude.<\/p>\n<p><strong>LES + :<\/strong><br \/>\n\u2022 Extrait standardis\u00e9 en polysaccharides, b\u00eata-glucanes et triterp\u00e8nes<br \/>\n\u2022 Absorption optimale gr\u00e2ce au gingembre<br \/>\n\u2022 Pilulier 100 % recyclable<\/p>\n<p>Ce compl\u00e9ment alimentaire certifi\u00e9 Bio et Vegan est fabriqu\u00e9 en France. Convient aux v\u00e9g\u00e9tariens.<br \/>\nCompl\u00e9ment alimentaire \u00e0 base de Reishi et Gingembre.<\/p>\n","protected":false},"excerpt":{"rendered":"<p><strong>Formule \u00e0 base de Reishi bio et Gingembre bio<\/strong><\/p>\n<p>\u2022 Syst\u00e8me immunitaire, adaptog\u00e8ne<br \/>\n\u2022 Formule innovante, certifi\u00e9e bio et Vegan<br \/>\n\u2022 Extrait sec titr\u00e9 de champignon<br \/>\n\u2022 Absorption optimale gr\u00e2ce au gingembre<br \/>\n\u2022 Fabriqu\u00e9 en France et pilulier 100 % recyclable<\/p>\n<p>60 comprim\u00e9s<\/p>\n<p>&nbsp;<\/p>\n","protected":false},"featured_media":8560,"template":"","meta":{"site-sidebar-layout":"","site-content-layout":"","ast-site-content-layout":"default","site-content-style":"default","site-sidebar-style":"default","ast-global-header-display":"","ast-banner-title-visibility":"","ast-main-header-display":"","ast-hfb-above-header-display":"","ast-hfb-below-header-display":"","ast-hfb-mobile-header-display":"","site-post-title":"","ast-breadcrumbs-content":"","ast-featured-img":"","footer-sml-layout":"","ast-disable-related-posts":"","theme-transparent-header-meta":"","adv-header-id-meta":"","stick-header-meta":"","header-above-stick-meta":"","header-main-stick-meta":"","header-below-stick-meta":"","astra-migrate-meta-layouts":"default","ast-page-background-enabled":"default","ast-page-background-meta":{"desktop":{"background-color":"var(--ast-global-color-4)","background-image":"","background-repeat":"repeat","background-position":"center center","background-size":"auto","background-attachment":"scroll","background-type":"","background-media":"","overlay-type":"","overlay-color":"","overlay-opacity":"","overlay-gradient":""},"tablet":{"background-color":"","background-image":"","background-repeat":"repeat","background-position":"center center","background-size":"auto","background-attachment":"scroll","background-type":"","background-media":"","overlay-type":"","overlay-color":"","overlay-opacity":"","overlay-gradient":""},"mobile":{"background-color":"","background-image":"","background-repeat":"repeat","background-position":"center center","background-size":"auto","background-attachment":"scroll","background-type":"","background-media":"","overlay-type":"","overlay-color":"","overlay-opacity":"","overlay-gradient":""}},"ast-content-background-meta":{"desktop":{"background-color":"var(--ast-global-color-5)","background-image":"","background-repeat":"repeat","background-position":"center center","background-size":"auto","background-attachment":"scroll","background-type":"","background-media":"","overlay-type":"","overlay-color":"","overlay-opacity":"","overlay-gradient":""},"tablet":{"background-color":"var(--ast-global-color-5)","background-image":"","background-repeat":"repeat","background-position":"center center","background-size":"auto","background-attachment":"scroll","background-type":"","background-media":"","overlay-type":"","overlay-color":"","overlay-opacity":"","overlay-gradient":""},"mobile":{"background-color":"var(--ast-global-color-5)","background-image":"","background-repeat":"repeat","background-position":"center center","background-size":"auto","background-attachment":"scroll","background-type":"","background-media":"","overlay-type":"","overlay-color":"","overlay-opacity":"","overlay-gradient":""}}},"product_cat":[57],"product_tag":[],"class_list":["post-6694","product","type-product","status-publish","has-post-thumbnail","hentry","product_cat-champignons","desktop-align-left","tablet-align-left","mobile-align-left"],"_links":{"self":[{"href":"https:\/\/www.diet-horizon.com\/fr\/wp-json\/wp\/v2\/product\/6694","targetHints":{"allow":["GET"]}}],"collection":[{"href":"https:\/\/www.diet-horizon.com\/fr\/wp-json\/wp\/v2\/product"}],"about":[{"href":"https:\/\/www.diet-horizon.com\/fr\/wp-json\/wp\/v2\/types\/product"}],"version-history":[{"count":4,"href":"https:\/\/www.diet-horizon.com\/fr\/wp-json\/wp\/v2\/product\/6694\/revisions"}],"predecessor-version":[{"id":7694,"href":"https:\/\/www.diet-horizon.com\/fr\/wp-json\/wp\/v2\/product\/6694\/revisions\/7694"}],"wp:featuredmedia":[{"embeddable":true,"href":"https:\/\/www.diet-horizon.com\/fr\/wp-json\/wp\/v2\/media\/8560"}],"wp:attachment":[{"href":"https:\/\/www.diet-horizon.com\/fr\/wp-json\/wp\/v2\/media?parent=6694"}],"wp:term":[{"taxonomy":"product_cat","embeddable":true,"href":"https:\/\/www.diet-horizon.com\/fr\/wp-json\/wp\/v2\/product_cat?post=6694"},{"taxonomy":"product_tag","embeddable":true,"href":"https:\/\/www.diet-horizon.com\/fr\/wp-json\/wp\/v2\/product_tag?post=6694"}],"curies":[{"name":"wp","href":"https:\/\/api.w.org\/{rel}","templated":true}]}}